{"id":29813,"date":"2025-02-03T19:22:12","date_gmt":"2025-02-03T18:22:12","guid":{"rendered":"https:\/\/betreibung.operate.ch\/?page_id=29813"},"modified":"2025-12-30T12:23:25","modified_gmt":"2025-12-30T11:23:25","slug":"mahnung-online","status":"publish","type":"page","link":"https:\/\/betreibung.operate.ch\/en\/mahnung\/mahnung-online\/","title":{"rendered":"Online reminder"},"content":{"rendered":"<p>[et_pb_section fb_built=&#8220;1&#8243; fullwidth=&#8220;on&#8220; _builder_version=&#8220;4.27.4&#8243; _module_preset=&#8220;default&#8220; custom_margin=&#8220;0px|0px|0px|0px|false|false&#8220; locked=&#8220;off&#8220; global_colors_info=&#8220;{}&#8220;][et_pb_fullwidth_code _builder_version=&#8220;4.27.4&#8243; _module_preset=&#8220;default&#8220; global_colors_info=&#8220;{}&#8220;]<!-- BETREIBUNGSAUSZUG HERO --><!-- [et_pb_line_break_holder] --><!-- [et_pb_line_break_holder] --><\/p>\n<div class=\"ba-hero\"><!-- [et_pb_line_break_holder] -->    <\/p>\n<div class=\"ba-hero-content\"><!-- [et_pb_line_break_holder] -->        <\/p>\n<h1 class=\"ba-hero-title\">Manungen online erstellen<\/h1>\n<p><!-- [et_pb_line_break_holder] --><!-- [et_pb_line_break_holder] -->        <pee class=\"ba-hero-description\"><strong>Mit diesen Angeboten mahnen Sie professionell und schnell.\u00a0<\/strong>Sparen Sie Zeit und Aufwand. Wir \u00fcbernehmen Druck und Versand sowie die Zahlungs\u00fcberwachung f\u00fcr Sie. Zudem l\u00e4sst sich Adresse und Bonit\u00e4t des Schuldners auf Ver\u00e4nderungen pr\u00fcfen. Nach dem Mahnprozess kann die Betreibung unverz\u00fcglich ohne erneute Dateneingabe eingeleitet werden. Mit eBetreibung kostenlos.<\/pee>    <\/div>\n<p><!-- [et_pb_line_break_holder] --><\/div>\n<p>[\/et_pb_fullwidth_code][\/et_pb_section][et_pb_section fb_built=&#8220;1&#8243; _builder_version=&#8220;4.27.4&#8243; _module_preset=&#8220;default&#8220; locked=&#8220;off&#8220; global_colors_info=&#8220;{}&#8220;][et_pb_row column_structure=&#8220;1_3,1_3,1_3&#8243; use_custom_gutter=&#8220;on&#8220; gutter_width=&#8220;2&#8243; _builder_version=&#8220;4.27.4&#8243; _module_preset=&#8220;default&#8220; width=&#8220;90%&#8220; max_width=&#8220;1440px&#8220; custom_padding=&#8220;|10px||10px|false|false&#8220; global_colors_info=&#8220;{}&#8220;][et_pb_column type=&#8220;1_3&#8243; _builder_version=&#8220;4.27.4&#8243; _module_preset=&#8220;default&#8220; global_colors_info=&#8220;{}&#8220;][et_pb_code _builder_version=&#8220;4.27.4&#8243; _module_preset=&#8220;default&#8220; global_colors_info=&#8220;{}&#8220;]<!-- Card 1: Selbstauskunft --><!-- [et_pb_line_break_holder] --><\/p>\n<div class=\"ba-product-card\"><!-- [et_pb_line_break_holder] --><\/p>\n<h3 class=\"ba-product-title\">Betreibungsandrohung<\/h3>\n<p><!-- [et_pb_line_break_holder] --><\/p>\n<div class=\"ba-product-price\">Gratis<\/div>\n<p><!-- [et_pb_line_break_holder] --><pee class=\"ba-product-description\">Letzte Mahnung mit Betreibungsandrohung.Ausf\u00fcllen &#8211; Drucken &#8211; Unterzeichnen &#8211; Versenden.<\/pee><!-- [et_pb_line_break_holder] --><!-- [et_pb_line_break_holder] --><a href=\"\/bestellen\/betreibungsauszug\/\" class=\"ba-product-button\">Order now<\/a><!-- [et_pb_line_break_holder] --><\/div>\n<p>[\/et_pb_code][\/et_pb_column][et_pb_column type=&#8220;1_3&#8243; _builder_version=&#8220;4.27.4&#8243; _module_preset=&#8220;default&#8220; global_colors_info=&#8220;{}&#8220;][et_pb_code _builder_version=&#8220;4.27.4&#8243; _module_preset=&#8220;default&#8220; global_colors_info=&#8220;{}&#8220;]<\/p>\n<div class=\"ba-product-card\"><!-- [et_pb_line_break_holder] --><\/p>\n<h3 class=\"ba-product-title\">Auszug Drittperson<\/h3>\n<p><!-- [et_pb_line_break_holder] --><\/p>\n<div class=\"ba-product-price\">CHF 15.00<\/div>\n<p><!-- [et_pb_line_break_holder] --><pee class=\"ba-product-description\">Letzte Mahnung mit Betreibungsandrohung.<!-- [et_pb_line_break_holder] -->Sie geben Daten ein. Wir \u00fcbernehmen Druck, Versand und Termin\u00fcberwachung.\u00a0Inklusive QR-Code f\u00fcr Antwort.<\/pee><!-- [et_pb_line_break_holder] --><!-- [et_pb_line_break_holder] --><a href=\"#\" class=\"ba-product-button\">Order now<\/a><!-- [et_pb_line_break_holder] --><\/div>\n<p>[\/et_pb_code][\/et_pb_column][et_pb_column type=&#8220;1_3&#8243; _builder_version=&#8220;4.27.4&#8243; _module_preset=&#8220;default&#8220; global_colors_info=&#8220;{}&#8220;][et_pb_code _builder_version=&#8220;4.27.4&#8243; _module_preset=&#8220;default&#8220; global_colors_info=&#8220;{}&#8220;]<\/p>\n<div class=\"ba-product-card\"><!-- [et_pb_line_break_holder] --><\/p>\n<h3 class=\"ba-product-title\">Mahnverfahren mit Versand<\/h3>\n<p><!-- [et_pb_line_break_holder] --><\/p>\n<div class=\"ba-product-price\">CHF 25.00<\/div>\n<p><!-- [et_pb_line_break_holder] --><pee class=\"ba-product-description\">Erste und zweite Mahnung mit Zahlungsvorschlagsformular.<!-- [et_pb_line_break_holder] -->Sie geben Daten ein. Wir \u00fcbernehmen Druck, Versand und Termin\u00fcberwachung.\u00a0Inklusive QR-Code f\u00fcr Antwort.<\/pee><!-- [et_pb_line_break_holder] --><!-- [et_pb_line_break_holder] --><a href=\"\/bestellen\/betreibungsauszug\/\" class=\"ba-product-button\">Order now<\/a><!-- [et_pb_line_break_holder] --><\/div>\n<p>[\/et_pb_code][\/et_pb_column][\/et_pb_row][\/et_pb_section][et_pb_section fb_built=&#8220;1&#8243; _builder_version=&#8220;4.27.4&#8243; _module_preset=&#8220;default&#8220; background_color=&#8220;#faf7f6&#8243; locked=&#8220;off&#8220; global_colors_info=&#8220;{}&#8220;][et_pb_row column_structure=&#8220;1_3,1_3,1_3&#8243; _builder_version=&#8220;4.27.4&#8243; _module_preset=&#8220;default&#8220; global_colors_info=&#8220;{}&#8220;][et_pb_column type=&#8220;1_3&#8243; _builder_version=&#8220;4.27.4&#8243; _module_preset=&#8220;default&#8220; global_colors_info=&#8220;{}&#8220;][et_pb_blurb image=&#8220;https:\/\/betreibung.operate.ch\/wp-content\/uploads\/2025\/02\/mahnung_online_erst_icon2.svg&#8220; _builder_version=&#8220;4.27.4&#8243; _module_preset=&#8220;default&#8220; max_width=&#8220;240px&#8220; custom_margin=&#8220;auto|auto|auto|auto|false|false&#8220; global_colors_info=&#8220;{}&#8220;]<\/p>\n<p style=\"text-align: center;\"><span>Professioneller Mahnprozess<\/span><br \/><span>mit\u00a0korrekten Formatvorlagen in d\/f\/i.<\/span><\/p>\n<p>[\/et_pb_blurb][\/et_pb_column][et_pb_column type=&#8220;1_3&#8243; _builder_version=&#8220;4.27.4&#8243; _module_preset=&#8220;default&#8220; global_colors_info=&#8220;{}&#8220;][et_pb_blurb image=&#8220;https:\/\/betreibung.operate.ch\/wp-content\/uploads\/2025\/02\/mahnung-qr-code.svg&#8220; _builder_version=&#8220;4.27.4&#8243; _module_preset=&#8220;default&#8220; max_width=&#8220;240px&#8220; custom_margin=&#8220;auto|auto|auto|auto|false|false&#8220; global_colors_info=&#8220;{}&#8220;]<\/p>\n<p style=\"text-align: center;\"><span>Rasche Antwortm\u00f6glichkeit<\/span><br \/><span>per QR-Code.<\/span><\/p>\n<p>[\/et_pb_blurb][\/et_pb_column][et_pb_column type=&#8220;1_3&#8243; _builder_version=&#8220;4.27.4&#8243; _module_preset=&#8220;default&#8220; global_colors_info=&#8220;{}&#8220;][et_pb_blurb image=&#8220;https:\/\/betreibung.operate.ch\/wp-content\/uploads\/2025\/02\/mahnung_online_erst_icon3.svg&#8220; _builder_version=&#8220;4.27.4&#8243; _module_preset=&#8220;default&#8220; max_width=&#8220;240px&#8220; custom_margin=&#8220;auto|auto|auto|auto|false|false&#8220; global_colors_info=&#8220;{}&#8220;]<\/p>\n<p style=\"text-align: center;\"><span>Betreibung einleiten<\/span><br \/><span>ohne erneute Dateneingabe.<\/span><\/p>\n<p>[\/et_pb_blurb][\/et_pb_column][\/et_pb_row][\/et_pb_section][et_pb_section fb_built=&#8220;1&#8243; _builder_version=&#8220;4.27.4&#8243; _module_preset=&#8220;default&#8220; locked=&#8220;off&#8220; global_colors_info=&#8220;{}&#8220;][et_pb_row _builder_version=&#8220;4.27.4&#8243; _module_preset=&#8220;default&#8220; global_colors_info=&#8220;{}&#8220;][et_pb_column type=&#8220;4_4&#8243; _builder_version=&#8220;4.27.4&#8243; _module_preset=&#8220;default&#8220; global_colors_info=&#8220;{}&#8220;][et_pb_code _builder_version=&#8220;4.27.4&#8243; _module_preset=&#8220;default&#8220; global_colors_info=&#8220;{}&#8220;]<!-- ==========================================<!-- [et_pb_line_break_holder] -->     FAQ SECTION &#8211; NEUES DESIGN MIT ALTEM INHALT<!-- [et_pb_line_break_holder] -->     F\u00fcr Divi Code-Modul<!-- [et_pb_line_break_holder] -->     ========================================== &#8211;><!-- [et_pb_line_break_holder] --><!-- [et_pb_line_break_holder] --><\/p>\n<div class=\"bsplus-faq-section\"><!-- [et_pb_line_break_holder] -->    <!-- [et_pb_line_break_holder] -->    <!-- FAQ Item 1: Ihre Vorteile --><!-- [et_pb_line_break_holder] -->    <\/p>\n<div class=\"bsplus-faq-item\"><!-- [et_pb_line_break_holder] -->        <button class=\"bsplus-faq-trigger\" aria-expanded=\"false\"><!-- [et_pb_line_break_holder] -->            <span class=\"bsplus-faq-icon\"><!-- [et_pb_line_break_holder] -->                <span class=\"bsplus-faq-icon-circle\"><\/span><!-- [et_pb_line_break_holder] -->                <span class=\"bsplus-faq-icon-line bsplus-faq-icon-line-horizontal\"><\/span><!-- [et_pb_line_break_holder] -->                <span class=\"bsplus-faq-icon-line bsplus-faq-icon-line-vertical\"><\/span><!-- [et_pb_line_break_holder] -->            <\/span><!-- [et_pb_line_break_holder] -->            <span class=\"bsplus-faq-title\">Your advantages<\/span><!-- [et_pb_line_break_holder] -->        <\/button><!-- [et_pb_line_break_holder] -->        <\/p>\n<div class=\"bsplus-faq-content\"><!-- [et_pb_line_break_holder] -->            <\/p>\n<div class=\"bsplus-faq-content-inner\"><!-- [et_pb_line_break_holder] -->                <\/p>\n<ul><!-- [et_pb_line_break_holder] -->                    <\/p>\n<li>Mit wenig Aufwand erzielen Sie die gr\u00f6sstm\u00f6gliche Wirkung.<\/li>\n<p><!-- [et_pb_line_break_holder] -->                    <\/p>\n<li>Professionelle Vorlagen in d\/f\/i.<\/li>\n<p><!-- [et_pb_line_break_holder] -->                    <\/p>\n<li>Nahtloser \u00dcbergang zum Betreibungsprozess, falls Forderung nicht bezahlt wird.<\/li>\n<p><!-- [et_pb_line_break_holder] -->                    <\/p>\n<li>Mahnkosten k\u00f6nnen mit Bearbeitungsgeb\u00fchr in H\u00f6he von 5 Prozent des Betrages gedeckt werden.<\/li>\n<p><!-- [et_pb_line_break_holder] -->                <\/ul>\n<p><!-- [et_pb_line_break_holder] -->            <\/div>\n<p><!-- [et_pb_line_break_holder] -->        <\/div>\n<p><!-- [et_pb_line_break_holder] -->    <\/div>\n<p><!-- [et_pb_line_break_holder] -->    <!-- [et_pb_line_break_holder] -->    <!-- FAQ Item 2: Vorgehen im Mahnprozess --><!-- [et_pb_line_break_holder] -->    <\/p>\n<div class=\"bsplus-faq-item\"><!-- [et_pb_line_break_holder] -->        <button class=\"bsplus-faq-trigger\" aria-expanded=\"false\"><!-- [et_pb_line_break_holder] -->            <span class=\"bsplus-faq-icon\"><!-- [et_pb_line_break_holder] -->                <span class=\"bsplus-faq-icon-circle\"><\/span><!-- [et_pb_line_break_holder] -->                <span class=\"bsplus-faq-icon-line bsplus-faq-icon-line-horizontal\"><\/span><!-- [et_pb_line_break_holder] -->                <span class=\"bsplus-faq-icon-line bsplus-faq-icon-line-vertical\"><\/span><!-- [et_pb_line_break_holder] -->            <\/span><!-- [et_pb_line_break_holder] -->            <span class=\"bsplus-faq-title\">Vorgehen im Mahnprozess<\/span><!-- [et_pb_line_break_holder] -->        <\/button><!-- [et_pb_line_break_holder] -->        <\/p>\n<div class=\"bsplus-faq-content\"><!-- [et_pb_line_break_holder] -->            <\/p>\n<div class=\"bsplus-faq-content-inner\"><!-- [et_pb_line_break_holder] -->                <pee>In der Regel besteht der Mahnprozess aus drei Stufen: Zahlungserinnerung, Zahlungsaufforderung und Betreibungsandrohung. Legen Sie jedem Schreiben die Rechnung mit Einzahlungsschein und bei den letzten zwei Stufen zus\u00e4tzlich ein Zahlungsvorschlagsformular bei. Damit geben Sie dem Schuldner die M\u00f6glichkeit, Ihre Forderung in Raten zu begleichen. Ein vom Schuldner unterzeichneter Abzahlungsvertrag kommt einer Schuldanerkennung gleich und ist von Vorteil, sollten Sie Ihre Forderung doch auf dem Rechtsweg einholen m\u00fcssen.<\/pee><!-- [et_pb_line_break_holder] -->            <\/div>\n<p><!-- [et_pb_line_break_holder] -->        <\/div>\n<p><!-- [et_pb_line_break_holder] -->    <\/div>\n<p><!-- [et_pb_line_break_holder] -->    <!-- [et_pb_line_break_holder] -->    <!-- FAQ Item 3: Versand --><!-- [et_pb_line_break_holder] -->    <\/p>\n<div class=\"bsplus-faq-item\"><!-- [et_pb_line_break_holder] -->        <button class=\"bsplus-faq-trigger\" aria-expanded=\"false\"><!-- [et_pb_line_break_holder] -->            <span class=\"bsplus-faq-icon\"><!-- [et_pb_line_break_holder] -->                <span class=\"bsplus-faq-icon-circle\"><\/span><!-- [et_pb_line_break_holder] -->                <span class=\"bsplus-faq-icon-line bsplus-faq-icon-line-horizontal\"><\/span><!-- [et_pb_line_break_holder] -->                <span class=\"bsplus-faq-icon-line bsplus-faq-icon-line-vertical\"><\/span><!-- [et_pb_line_break_holder] -->            <\/span><!-- [et_pb_line_break_holder] -->            <span class=\"bsplus-faq-title\">Shipping<\/span><!-- [et_pb_line_break_holder] -->        <\/button><!-- [et_pb_line_break_holder] -->        <\/p>\n<div class=\"bsplus-faq-content\"><!-- [et_pb_line_break_holder] -->            <\/p>\n<div class=\"bsplus-faq-content-inner\"><!-- [et_pb_line_break_holder] -->                <pee>Bei Produkten mit Versand l\u00e4uft der ganze Prozess f\u00fcr Sie online ab. Sie brauchen nichts auszudrucken und Sie m\u00fcssen nicht zur Post gehen. Wir \u00fcbernehmen diese Arbeit f\u00fcr Sie. Wir drucken Briefe bzw. Dokumente mit Ihrer Absenderadresse und Angaben aus und senden diese in einem neutralen Couvert per Post an den von Ihnen definierten Empf\u00e4nger.<\/pee><!-- [et_pb_line_break_holder] -->            <\/div>\n<p><!-- [et_pb_line_break_holder] -->        <\/div>\n<p><!-- [et_pb_line_break_holder] -->    <\/div>\n<p><!-- [et_pb_line_break_holder] -->    <!-- [et_pb_line_break_holder] -->    <!-- FAQ Item 4: QR-Code --><!-- [et_pb_line_break_holder] -->    <\/p>\n<div class=\"bsplus-faq-item\"><!-- [et_pb_line_break_holder] -->        <button class=\"bsplus-faq-trigger\" aria-expanded=\"false\"><!-- [et_pb_line_break_holder] -->            <span class=\"bsplus-faq-icon\"><!-- [et_pb_line_break_holder] -->                <span class=\"bsplus-faq-icon-circle\"><\/span><!-- [et_pb_line_break_holder] -->                <span class=\"bsplus-faq-icon-line bsplus-faq-icon-line-horizontal\"><\/span><!-- [et_pb_line_break_holder] -->                <span class=\"bsplus-faq-icon-line bsplus-faq-icon-line-vertical\"><\/span><!-- [et_pb_line_break_holder] -->            <\/span><!-- [et_pb_line_break_holder] -->            <span class=\"bsplus-faq-title\">QR-Code<\/span><!-- [et_pb_line_break_holder] -->        <\/button><!-- [et_pb_line_break_holder] -->        <\/p>\n<div class=\"bsplus-faq-content\"><!-- [et_pb_line_break_holder] -->            <\/p>\n<div class=\"bsplus-faq-content-inner\"><!-- [et_pb_line_break_holder] -->                <pee>Mahnung und Betreibungsandrohung beinhalten einen QR-Code. Dieser f\u00fchrt den Schuldner zu einem Antwortformular, damit Sie innert k\u00fcrzester Zeit eine Reaktion erhalten.<\/pee><!-- [et_pb_line_break_holder] -->            <\/div>\n<p><!-- [et_pb_line_break_holder] -->        <\/div>\n<p><!-- [et_pb_line_break_holder] -->    <\/div>\n<p><!-- [et_pb_line_break_holder] -->    <!-- [et_pb_line_break_holder] -->    <!-- FAQ Item 5: Gesetzliche Vorgaben --><!-- [et_pb_line_break_holder] -->    <\/p>\n<div class=\"bsplus-faq-item\"><!-- [et_pb_line_break_holder] -->        <button class=\"bsplus-faq-trigger\" aria-expanded=\"false\"><!-- [et_pb_line_break_holder] -->            <span class=\"bsplus-faq-icon\"><!-- [et_pb_line_break_holder] -->                <span class=\"bsplus-faq-icon-circle\"><\/span><!-- [et_pb_line_break_holder] -->                <span class=\"bsplus-faq-icon-line bsplus-faq-icon-line-horizontal\"><\/span><!-- [et_pb_line_break_holder] -->                <span class=\"bsplus-faq-icon-line bsplus-faq-icon-line-vertical\"><\/span><!-- [et_pb_line_break_holder] -->            <\/span><!-- [et_pb_line_break_holder] -->            <span class=\"bsplus-faq-title\">Gesetzliche Vorgaben<\/span><!-- [et_pb_line_break_holder] -->        <\/button><!-- [et_pb_line_break_holder] -->        <\/p>\n<div class=\"bsplus-faq-content\"><!-- [et_pb_line_break_holder] -->            <\/p>\n<div class=\"bsplus-faq-content-inner\"><!-- [et_pb_line_break_holder] -->                <pee>Das Mahnwesen ist in der Schweiz gesetzlich nicht geregelt. So bleibt es einem Gl\u00e4ubiger \u00fcberlassen, ob, wie schnell und wie oft er einen Kunden an eine offene Geldforderung erinnern m\u00f6chte. Auch bei der Form ist der Gl\u00e4ubiger v\u00f6llig frei. Es ist ihm \u00fcberlassen, schriftlich, m\u00fcndlich, per Telefon, per E-Mail oder sogar per SMS zu mahnen. Aus Beweisgr\u00fcnden empfehlen sich schriftliche Mahnungen.<\/pee><!-- [et_pb_line_break_holder] -->            <\/div>\n<p><!-- [et_pb_line_break_holder] -->        <\/div>\n<p><!-- [et_pb_line_break_holder] -->    <\/div>\n<p><!-- [et_pb_line_break_holder] -->    <!-- [et_pb_line_break_holder] --><\/div>\n<p><!-- [et_pb_line_break_holder] --><!-- [et_pb_line_break_holder] --><script><!-- [et_pb_line_break_holder] -->\/* ==========================================<!-- [et_pb_line_break_holder] -->   FAQ SECTION - JAVASCRIPT<!-- [et_pb_line_break_holder] -->   ========================================== *\/<!-- [et_pb_line_break_holder] --><!-- [et_pb_line_break_holder] -->(function() {<!-- [et_pb_line_break_holder] -->    \/\/ Warte bis DOM geladen ist<!-- [et_pb_line_break_holder] -->    if (document.readyState === 'loading') {<!-- [et_pb_line_break_holder] -->        document.addEventListener('DOMContentLoaded', initFAQ);<!-- [et_pb_line_break_holder] -->    } else {<!-- [et_pb_line_break_holder] -->        initFAQ();<!-- [et_pb_line_break_holder] -->    }<!-- [et_pb_line_break_holder] -->    <!-- [et_pb_line_break_holder] -->    function initFAQ() {<!-- [et_pb_line_break_holder] -->        const faqItems = document.querySelectorAll('.bsplus-faq-trigger');<!-- [et_pb_line_break_holder] -->        <!-- [et_pb_line_break_holder] -->        faqItems.forEach(trigger => {<!-- [et_pb_line_break_holder] -->            trigger.addEventListener('click', function() {<!-- [et_pb_line_break_holder] -->                const faqItem = this.closest('.bsplus-faq-item');<!-- [et_pb_line_break_holder] -->                const isActive = faqItem.classList.contains('active');<!-- [et_pb_line_break_holder] -->                <!-- [et_pb_line_break_holder] -->                \/\/ Schlie\u00dfe alle anderen Items (Accordion-Verhalten)<!-- [et_pb_line_break_holder] -->                document.querySelectorAll('.bsplus-faq-item').forEach(item => {<!-- [et_pb_line_break_holder] -->                    if (item !== faqItem) {<!-- [et_pb_line_break_holder] -->                        item.classList.remove('active');<!-- [et_pb_line_break_holder] -->                        item.querySelector('.bsplus-faq-trigger').setAttribute('aria-expanded', 'false');<!-- [et_pb_line_break_holder] -->                    }<!-- [et_pb_line_break_holder] -->                });<!-- [et_pb_line_break_holder] -->                <!-- [et_pb_line_break_holder] -->                \/\/ Toggle aktuelles Item<!-- [et_pb_line_break_holder] -->                if (isActive) {<!-- [et_pb_line_break_holder] -->                    faqItem.classList.remove('active');<!-- [et_pb_line_break_holder] -->                    this.setAttribute('aria-expanded', 'false');<!-- [et_pb_line_break_holder] -->                } else {<!-- [et_pb_line_break_holder] -->                    faqItem.classList.add('active');<!-- [et_pb_line_break_holder] -->                    this.setAttribute('aria-expanded', 'true');<!-- [et_pb_line_break_holder] -->                }<!-- [et_pb_line_break_holder] -->            });<!-- [et_pb_line_break_holder] -->        });<!-- [et_pb_line_break_holder] -->    }<!-- [et_pb_line_break_holder] -->})();<!-- [et_pb_line_break_holder] --><\/script><!-- [et_pb_line_break_holder] --><!-- [et_pb_line_break_holder] --><script><!-- [et_pb_line_break_holder] -->\/* ==========================================<!-- [et_pb_line_break_holder] -->   FAQ SECTION - JAVASCRIPT<!-- [et_pb_line_break_holder] -->   ========================================== *\/<!-- [et_pb_line_break_holder] --><!-- [et_pb_line_break_holder] -->(function() {<!-- [et_pb_line_break_holder] -->    \/\/ Warte bis DOM geladen ist<!-- [et_pb_line_break_holder] -->    if (document.readyState === 'loading') {<!-- [et_pb_line_break_holder] -->        document.addEventListener('DOMContentLoaded', initFAQ);<!-- [et_pb_line_break_holder] -->    } else {<!-- [et_pb_line_break_holder] -->        initFAQ();<!-- [et_pb_line_break_holder] -->    }<!-- [et_pb_line_break_holder] -->    <!-- [et_pb_line_break_holder] -->    function initFAQ() {<!-- [et_pb_line_break_holder] -->        const faqItems = document.querySelectorAll('.bsplus-faq-trigger');<!-- [et_pb_line_break_holder] -->        <!-- [et_pb_line_break_holder] -->        faqItems.forEach(trigger => {<!-- [et_pb_line_break_holder] -->            trigger.addEventListener('click', function() {<!-- [et_pb_line_break_holder] -->                const faqItem = this.closest('.bsplus-faq-item');<!-- [et_pb_line_break_holder] -->                const isActive = faqItem.classList.contains('active');<!-- [et_pb_line_break_holder] -->                <!-- [et_pb_line_break_holder] -->                \/\/ Schlie\u00dfe alle anderen Items (Accordion-Verhalten)<!-- [et_pb_line_break_holder] -->                document.querySelectorAll('.bsplus-faq-item').forEach(item => {<!-- [et_pb_line_break_holder] -->                    if (item !== faqItem) {<!-- [et_pb_line_break_holder] -->                        item.classList.remove('active');<!-- [et_pb_line_break_holder] -->                        item.querySelector('.bsplus-faq-trigger').setAttribute('aria-expanded', 'false');<!-- [et_pb_line_break_holder] -->                    }<!-- [et_pb_line_break_holder] -->                });<!-- [et_pb_line_break_holder] -->                <!-- [et_pb_line_break_holder] -->                \/\/ Toggle aktuelles Item<!-- [et_pb_line_break_holder] -->                if (isActive) {<!-- [et_pb_line_break_holder] -->                    faqItem.classList.remove('active');<!-- [et_pb_line_break_holder] -->                    this.setAttribute('aria-expanded', 'false');<!-- [et_pb_line_break_holder] -->                } else {<!-- [et_pb_line_break_holder] -->                    faqItem.classList.add('active');<!-- [et_pb_line_break_holder] -->                    this.setAttribute('aria-expanded', 'true');<!-- [et_pb_line_break_holder] -->                }<!-- [et_pb_line_break_holder] -->            });<!-- [et_pb_line_break_holder] -->        });<!-- [et_pb_line_break_holder] -->    }<!-- [et_pb_line_break_holder] -->})();<!-- [et_pb_line_break_holder] --><\/script><!-- [et_pb_line_break_holder] --><script><!-- [et_pb_line_break_holder] -->\/* ==========================================<!-- [et_pb_line_break_holder] -->   FAQ SECTION - JAVASCRIPT<!-- [et_pb_line_break_holder] -->   ========================================== *\/<!-- [et_pb_line_break_holder] --><!-- [et_pb_line_break_holder] -->(function() {<!-- [et_pb_line_break_holder] -->    \/\/ Warte bis DOM geladen ist<!-- [et_pb_line_break_holder] -->    if (document.readyState === 'loading') {<!-- [et_pb_line_break_holder] -->        document.addEventListener('DOMContentLoaded', initFAQ);<!-- [et_pb_line_break_holder] -->    } else {<!-- [et_pb_line_break_holder] -->        initFAQ();<!-- [et_pb_line_break_holder] -->    }<!-- [et_pb_line_break_holder] -->    <!-- [et_pb_line_break_holder] -->    function initFAQ() {<!-- [et_pb_line_break_holder] -->        const faqItems = document.querySelectorAll('.bsplus-faq-trigger');<!-- [et_pb_line_break_holder] -->        <!-- [et_pb_line_break_holder] -->        faqItems.forEach(trigger => {<!-- [et_pb_line_break_holder] -->            trigger.addEventListener('click', function() {<!-- [et_pb_line_break_holder] -->                const faqItem = this.closest('.bsplus-faq-item');<!-- [et_pb_line_break_holder] -->                const isActive = faqItem.classList.contains('active');<!-- [et_pb_line_break_holder] -->                <!-- [et_pb_line_break_holder] -->                \/\/ Schlie\u00dfe alle anderen Items (Accordion-Verhalten)<!-- [et_pb_line_break_holder] -->                document.querySelectorAll('.bsplus-faq-item').forEach(item => {<!-- [et_pb_line_break_holder] -->                    if (item !== faqItem) {<!-- [et_pb_line_break_holder] -->                        item.classList.remove('active');<!-- [et_pb_line_break_holder] -->                        item.querySelector('.bsplus-faq-trigger').setAttribute('aria-expanded', 'false');<!-- [et_pb_line_break_holder] -->                    }<!-- [et_pb_line_break_holder] -->                });<!-- [et_pb_line_break_holder] -->                <!-- [et_pb_line_break_holder] -->                \/\/ Toggle aktuelles Item<!-- [et_pb_line_break_holder] -->                if (isActive) {<!-- [et_pb_line_break_holder] -->                    faqItem.classList.remove('active');<!-- [et_pb_line_break_holder] -->                    this.setAttribute('aria-expanded', 'false');<!-- [et_pb_line_break_holder] -->                } else {<!-- [et_pb_line_break_holder] -->                    faqItem.classList.add('active');<!-- [et_pb_line_break_holder] -->                    this.setAttribute('aria-expanded', 'true');<!-- [et_pb_line_break_holder] -->                }<!-- [et_pb_line_break_holder] -->            });<!-- [et_pb_line_break_holder] -->        });<!-- [et_pb_line_break_holder] -->    }<!-- [et_pb_line_break_holder] -->})();<!-- [et_pb_line_break_holder] --><\/script>[\/et_pb_code][\/et_pb_column][\/et_pb_row][\/et_pb_section]<\/p>","protected":false},"excerpt":{"rendered":"<p>Professioneller Mahnprozessmit\u00a0korrekten Formatvorlagen in d\/f\/i.Rasche Antwortm\u00f6glichkeitper QR-Code.Betreibung einleitenohne erneute Dateneingabe.<\/p>","protected":false},"author":2,"featured_media":0,"parent":49096,"menu_order":0,"comment_status":"closed","ping_status":"closed","template":"","meta":{"_et_pb_use_builder":"on","_et_pb_old_content":"","_et_gb_content_width":"","inline_featured_image":false,"footnotes":""},"class_list":["post-29813","page","type-page","status-publish","hentry"],"_links":{"self":[{"href":"https:\/\/betreibung.operate.ch\/en\/wp-json\/wp\/v2\/pages\/29813","targetHints":{"allow":["GET"]}}],"collection":[{"href":"https:\/\/betreibung.operate.ch\/en\/wp-json\/wp\/v2\/pages"}],"about":[{"href":"https:\/\/betreibung.operate.ch\/en\/wp-json\/wp\/v2\/types\/page"}],"author":[{"embeddable":true,"href":"https:\/\/betreibung.operate.ch\/en\/wp-json\/wp\/v2\/users\/2"}],"replies":[{"embeddable":true,"href":"https:\/\/betreibung.operate.ch\/en\/wp-json\/wp\/v2\/comments?post=29813"}],"version-history":[{"count":12,"href":"https:\/\/betreibung.operate.ch\/en\/wp-json\/wp\/v2\/pages\/29813\/revisions"}],"predecessor-version":[{"id":49164,"href":"https:\/\/betreibung.operate.ch\/en\/wp-json\/wp\/v2\/pages\/29813\/revisions\/49164"}],"up":[{"embeddable":true,"href":"https:\/\/betreibung.operate.ch\/en\/wp-json\/wp\/v2\/pages\/49096"}],"wp:attachment":[{"href":"https:\/\/betreibung.operate.ch\/en\/wp-json\/wp\/v2\/media?parent=29813"}],"curies":[{"name":"wp","href":"https:\/\/api.w.org\/{rel}","templated":true}]}}