{"id":29909,"date":"2025-02-04T10:21:44","date_gmt":"2025-02-04T09:21:44","guid":{"rendered":"https:\/\/betreibung.operate.ch\/?page_id=29909"},"modified":"2025-02-04T10:30:22","modified_gmt":"2025-02-04T09:30:22","slug":"konkurs-verlustschein","status":"publish","type":"page","link":"https:\/\/betreibung.operate.ch\/en\/konkurs-verlustschein\/","title":{"rendered":"Bankruptcy \/ certificate of loss"},"content":{"rendered":"<p>[et_pb_section fb_built=&#8220;1&#8243; _builder_version=&#8220;4.27.4&#8243; _module_preset=&#8220;default&#8220; global_colors_info=&#8220;{}&#8220;][et_pb_row column_structure=&#8220;2_3,1_3&#8243; _builder_version=&#8220;4.27.4&#8243; _module_preset=&#8220;default&#8220; global_colors_info=&#8220;{}&#8220;][et_pb_column type=&#8220;2_3&#8243; _builder_version=&#8220;4.27.4&#8243; _module_preset=&#8220;default&#8220; global_colors_info=&#8220;{}&#8220;][et_pb_heading title=&#8220;Konkurs Forderungseingabe&#8220; _builder_version=&#8220;4.27.4&#8243; _module_preset=&#8220;default&#8220; hover_enabled=&#8220;0&#8243; global_colors_info=&#8220;{}&#8220; sticky_enabled=&#8220;0&#8243;][\/et_pb_heading][\/et_pb_column][et_pb_column type=&#8220;1_3&#8243; _builder_version=&#8220;4.27.4&#8243; _module_preset=&#8220;default&#8220; global_colors_info=&#8220;{}&#8220;][et_pb_code _builder_version=&#8220;4.27.4&#8243; _module_preset=&#8220;default&#8220; global_colors_info=&#8220;{}&#8220;] <\/p>\n<div class=\"framestopper\"><!-- [et_pb_line_break_holder] -->    <\/p>\n<div><!-- [et_pb_line_break_holder] -->        <\/p>\n<div class=\"icon\"><\/div>\n<p><!-- [et_pb_line_break_holder] -->        <\/p>\n<div class=\"txt\"><!-- [et_pb_line_break_holder] -->            <pee>SCHON AB<!\u2013- [et_pb_br_holder] -\u2013> <strong>25.-<\/strong><\/pee><!-- [et_pb_line_break_holder] -->        <\/div>\n<p><!-- [et_pb_line_break_holder] -->    <\/div>\n<p><!-- [et_pb_line_break_holder] --><\/div>\n<p><!-- [et_pb_line_break_holder] --><!-- [et_pb_line_break_holder] --><\/p>\n<style><!-- [et_pb_line_break_holder] -->.framestopper {<!-- [et_pb_line_break_holder] -->    z-index: 1;<!-- [et_pb_line_break_holder] -->    width: 150px;<!-- [et_pb_line_break_holder] -->    height: 150px;<!-- [et_pb_line_break_holder] -->}.icon {<!-- [et_pb_line_break_holder] -->    width: 150px;<!-- [et_pb_line_break_holder] -->    height: 150px;<!-- [et_pb_line_break_holder] -->    background: url('https:\/\/betreibung.operate.ch\/wp-content\/uploads\/2025\/01\/stopper.svg') no-repeat center;<!-- [et_pb_line_break_holder] -->    background-size: contain;<!-- [et_pb_line_break_holder] -->    animation: rotate 20s linear infinite;<!-- [et_pb_line_break_holder] -->}.txt {<!-- [et_pb_line_break_holder] -->    color: #fff;<!-- [et_pb_line_break_holder] -->  \tfont-size:1.5em;<!-- [et_pb_line_break_holder] -->    text-align: center;<!-- [et_pb_line_break_holder] -->    transform: translateY(-200%) rotate(-15deg);*\/<!-- [et_pb_line_break_holder] -->}<!-- [et_pb_line_break_holder] --><\/style>\n<p><!-- [et_pb_line_break_holder] --><!-- [et_pb_line_break_holder] --><\/p>\n<style><!-- [et_pb_line_break_holder] -->    @keyframes rotate {<!-- [et_pb_line_break_holder] -->      0% {<!-- [et_pb_line_break_holder] -->        transform: rotate(0deg);<!-- [et_pb_line_break_holder] -->      }<!-- [et_pb_line_break_holder] -->      100% {<!-- [et_pb_line_break_holder] -->        transform: rotate(360deg);<!-- [et_pb_line_break_holder] -->      }<!-- [et_pb_line_break_holder] -->    }<!-- [et_pb_line_break_holder] -->  <\/style>\n<p>[\/et_pb_code][\/et_pb_column][\/et_pb_row][\/et_pb_section][et_pb_section fb_built=&#8220;1&#8243; _builder_version=&#8220;4.27.4&#8243; _module_preset=&#8220;default&#8220; custom_padding=&#8220;3px|||||&#8220; global_colors_info=&#8220;{}&#8220;][et_pb_row column_structure=&#8220;1_2,1_2&#8243; use_custom_gutter=&#8220;on&#8220; gutter_width=&#8220;2&#8243; make_equal=&#8220;on&#8220; _builder_version=&#8220;4.27.4&#8243; _module_preset=&#8220;default&#8220; hover_enabled=&#8220;0&#8243; global_colors_info=&#8220;{}&#8220; sticky_enabled=&#8220;0&#8243;][et_pb_column type=&#8220;1_2&#8243; _builder_version=&#8220;4.27.4&#8243; _module_preset=&#8220;default&#8220; global_colors_info=&#8220;{}&#8220;][et_pb_blurb title=&#8220;Forderungseingabe&#8220; url=&#8220;@ET-DC@eyJkeW5hbWljIjp0cnVlLCJjb250ZW50IjoicG9zdF9saW5rX3VybF9wYWdlIiwic2V0dGluZ3MiOnsicG9zdF9pZCI6IjI5NjA4In19@&#8220; _builder_version=&#8220;4.27.4&#8243; _dynamic_attributes=&#8220;url,link_option_url&#8220; _module_preset=&#8220;402fb93b-c2a6-4b32-8001-a66dcefb70f9&#8243; height=&#8220;100%&#8220; custom_padding=&#8220;10px|10px|0px|10px|false|false&#8220; link_option_url=&#8220;@ET-DC@eyJkeW5hbWljIjp0cnVlLCJjb250ZW50IjoicG9zdF9saW5rX3VybF9wYWdlIiwic2V0dGluZ3MiOnsicG9zdF9pZCI6IjIifX0=@&#8220; hover_enabled=&#8220;0&#8243; global_colors_info=&#8220;{}&#8220; sticky_enabled=&#8220;0&#8243;]<\/p>\n<p>Forderungseingabe mit automatischer Zuweisung Konkursamt.<br \/>Beratungshotline zum<span>\u00a0<\/span><strong>Konkurs-Experten.<\/strong><\/p>\n<p>Preis: CHF 25.00<\/p>\n<p><span><a href=\"#\" class=\"pa-blurb-button\">Order online now<\/a><\/span><\/p>\n<p>[\/et_pb_blurb][\/et_pb_column][et_pb_column type=&#8220;1_2&#8243; _builder_version=&#8220;4.27.4&#8243; _module_preset=&#8220;default&#8220; global_colors_info=&#8220;{}&#8220;][et_pb_blurb title=&#8220;Konkursbegehren&#8220; url=&#8220;@ET-DC@eyJkeW5hbWljIjp0cnVlLCJjb250ZW50IjoicG9zdF9saW5rX3VybF9wYWdlIiwic2V0dGluZ3MiOnsicG9zdF9pZCI6IjI5NjA4In19@&#8220; _builder_version=&#8220;4.27.4&#8243; _dynamic_attributes=&#8220;url,link_option_url&#8220; _module_preset=&#8220;402fb93b-c2a6-4b32-8001-a66dcefb70f9&#8243; height=&#8220;100%&#8220; custom_padding=&#8220;10px|12px|0px|12px|false|false&#8220; link_option_url=&#8220;@ET-DC@eyJkeW5hbWljIjp0cnVlLCJjb250ZW50IjoicG9zdF9saW5rX3VybF9wYWdlIiwic2V0dGluZ3MiOnsicG9zdF9pZCI6IjIifX0=@&#8220; hover_enabled=&#8220;0&#8243; global_colors_info=&#8220;{}&#8220; sticky_enabled=&#8220;0&#8243;]<\/p>\n<p>Antrag auf Er\u00f6ffnung des Konkurses \u00fcber den Schuldner beim zust\u00e4ndigen Richter.<br \/>Tipp: Vor Antrag Gerichts- und Konkurskosten pr\u00fcfen.<\/p>\n<p>Preis: CHF 50.00<\/p>\n<p><span><a href=\"#\" class=\"pa-blurb-button\">Order online now<\/a><\/span><\/p>\n<p>[\/et_pb_blurb][\/et_pb_column][\/et_pb_row][et_pb_row _builder_version=&#8220;4.27.4&#8243; _module_preset=&#8220;default&#8220; global_colors_info=&#8220;{}&#8220;][et_pb_column type=&#8220;4_4&#8243; _builder_version=&#8220;4.27.4&#8243; _module_preset=&#8220;default&#8220; global_colors_info=&#8220;{}&#8220;][et_pb_text _builder_version=&#8220;4.27.4&#8243; _module_preset=&#8220;default&#8220; custom_padding=&#8220;0px|||||&#8220; hover_enabled=&#8220;0&#8243; global_colors_info=&#8220;{}&#8220; sticky_enabled=&#8220;0&#8243;]<\/p>\n<p><strong>Ist Ihr Schuldner Konkurs, m\u00fcssen Sie Ihre Anspr\u00fcche mittels Forderungseingabe geltend machen.<\/strong><span>\u00a0Hier erstellen Sie eine korrekte Forderungseingabe mit Ihren Anspr\u00fcchen inklusive Zins, Betreibungs- und Konkurskosten. Reichen Sie die Eingabe beim Konkursamt innert der gesetzten Frist ein.<\/span><\/p>\n<p>[\/et_pb_text][\/et_pb_column][\/et_pb_row][et_pb_row column_structure=&#8220;1_3,1_3,1_3&#8243; _builder_version=&#8220;4.27.4&#8243; _module_preset=&#8220;default&#8220; global_colors_info=&#8220;{}&#8220;][et_pb_column type=&#8220;1_3&#8243; _builder_version=&#8220;4.27.4&#8243; _module_preset=&#8220;default&#8220; global_colors_info=&#8220;{}&#8220;][et_pb_blurb image=&#8220;https:\/\/betreibung.operate.ch\/wp-content\/uploads\/2025\/02\/forderungseing_icon1.svg&#8220; _builder_version=&#8220;4.27.4&#8243; _module_preset=&#8220;default&#8220; max_width=&#8220;240px&#8220; custom_margin=&#8220;auto|auto|auto|auto|false|false&#8220; hover_enabled=&#8220;0&#8243; global_colors_info=&#8220;{}&#8220; title_text=&#8220;forderungseing_icon1&#8243; sticky_enabled=&#8220;0&#8243;]<\/p>\n<p style=\"text-align: center;\"><span>Einfach mit gef\u00fchrter<\/span><br \/><span>Dateneingabe.<\/span><\/p>\n<p>[\/et_pb_blurb][\/et_pb_column][et_pb_column type=&#8220;1_3&#8243; _builder_version=&#8220;4.27.4&#8243; _module_preset=&#8220;default&#8220; global_colors_info=&#8220;{}&#8220;][et_pb_blurb image=&#8220;https:\/\/betreibung.operate.ch\/wp-content\/uploads\/2025\/02\/forderungseing_icon2.svg&#8220; _builder_version=&#8220;4.27.4&#8243; _module_preset=&#8220;default&#8220; max_width=&#8220;240px&#8220; custom_margin=&#8220;auto|auto|auto|auto|false|false&#8220; hover_enabled=&#8220;0&#8243; global_colors_info=&#8220;{}&#8220; title_text=&#8220;forderungseing_icon2&#8243; sticky_enabled=&#8220;0&#8243;]<\/p>\n<p style=\"text-align: center;\"><span>Automatisiert (Ermittlung Konkursamt,<\/span><br \/><span>Verzugszinsberechnung, usw.).<\/span><\/p>\n<p>[\/et_pb_blurb][\/et_pb_column][et_pb_column type=&#8220;1_3&#8243; _builder_version=&#8220;4.27.4&#8243; _module_preset=&#8220;default&#8220; global_colors_info=&#8220;{}&#8220;][et_pb_blurb image=&#8220;https:\/\/betreibung.operate.ch\/wp-content\/uploads\/2025\/02\/forderungseing_icon3.svg&#8220; _builder_version=&#8220;4.27.4&#8243; _module_preset=&#8220;default&#8220; max_width=&#8220;240px&#8220; custom_margin=&#8220;auto|auto|auto|auto|false|false&#8220; hover_enabled=&#8220;0&#8243; global_colors_info=&#8220;{}&#8220; title_text=&#8220;forderungseing_icon3&#8243; sticky_enabled=&#8220;0&#8243;]<\/p>\n<p style=\"text-align: center;\">Beratung durch Experten.<\/p>\n<p>&nbsp;<\/p>\n<p>[\/et_pb_blurb][\/et_pb_column][\/et_pb_row][et_pb_row _builder_version=&#8220;4.27.4&#8243; _module_preset=&#8220;default&#8220; global_colors_info=&#8220;{}&#8220;][et_pb_column type=&#8220;4_4&#8243; _builder_version=&#8220;4.27.4&#8243; _module_preset=&#8220;default&#8220; global_colors_info=&#8220;{}&#8220;][et_pb_text _builder_version=&#8220;4.27.4&#8243; _module_preset=&#8220;default&#8220; global_colors_info=&#8220;{}&#8220;]<\/p>\n<p><span>*on weekdays, in over 92% of cases within 24 hours, depending on the office.<\/span><\/p>\n<p>[\/et_pb_text][\/et_pb_column][\/et_pb_row][\/et_pb_section][et_pb_section fb_built=&#8220;1&#8243; _builder_version=&#8220;4.27.4&#8243; _module_preset=&#8220;default&#8220; background_color=&#8220;gcid-ac889b0d-fcbc-4ac7-9cdd-6e2cc4de023e&#8220; custom_padding=&#8220;3px|||||&#8220; global_colors_info=&#8220;{%22gcid-ac889b0d-fcbc-4ac7-9cdd-6e2cc4de023e%22:%91%22background_color%22%93}&#8220;][et_pb_row _builder_version=&#8220;4.27.4&#8243; _module_preset=&#8220;default&#8220; global_colors_info=&#8220;{}&#8220;][et_pb_column type=&#8220;4_4&#8243; _builder_version=&#8220;4.27.4&#8243; _module_preset=&#8220;default&#8220; global_colors_info=&#8220;{}&#8220;][et_pb_heading title=&#8220;Betreibung auf Konkurs (Art. 159 &#8211; 270 SchKG)&#8220; _builder_version=&#8220;4.27.4&#8243; _module_preset=&#8220;default&#8220; hover_enabled=&#8220;0&#8243; global_colors_info=&#8220;{}&#8220; sticky_enabled=&#8220;0&#8243;][\/et_pb_heading][et_pb_text _builder_version=&#8220;4.27.4&#8243; _module_preset=&#8220;default&#8220; hover_enabled=&#8220;0&#8243; sticky_enabled=&#8220;0&#8243;]<\/p>\n<p><span>Untersteht der Schuldner der Konkursbetreibung, ist nicht mehr das Betreibungsamt, sondern das Konkursamt f\u00fcr den Vollzug zust\u00e4ndig. Wichtig f\u00fcr den Gl\u00e4ubiger ist es, vor dem Stellen des Konkursbegehrens zu pr\u00fcfen, ob die zu erwartenden Gerichts- und Konkurskosten in einem vertretbaren Verh\u00e4ltnis zur Forderung stehen. Denn nach Gesetz haftet der Gl\u00e4ubiger f\u00fcr s\u00e4mtliche Verfahrenskosten bis zur Einstellung des Konkursverfahrens. Das Gericht kann vom Gl\u00e4ubiger einen Vorschuss von mehreren Tausend Franken verlangen.<\/span><\/p>\n<p>[\/et_pb_text][\/et_pb_column][\/et_pb_row][\/et_pb_section][et_pb_section fb_built=&#8220;1&#8243; _builder_version=&#8220;4.27.4&#8243; _module_preset=&#8220;default&#8220; custom_padding=&#8220;3px|||||&#8220; global_colors_info=&#8220;{}&#8220;][et_pb_row _builder_version=&#8220;4.27.4&#8243; _module_preset=&#8220;default&#8220; global_colors_info=&#8220;{}&#8220;][et_pb_column type=&#8220;4_4&#8243; _builder_version=&#8220;4.27.4&#8243; _module_preset=&#8220;default&#8220; global_colors_info=&#8220;{}&#8220;][et_pb_code _builder_version=&#8220;4.27.4&#8243; _module_preset=&#8220;default&#8220; hover_enabled=&#8220;0&#8243; custom_css_free_form=&#8220;     .accordion {||            width: 100%;||            overflow: hidden;||        }||||        .accordion input {||            display: none;||        }||||        .accordion label {||            display: flex;||            justify-content: space-between;||            align-items: center;||            color: #A55050;||            padding: 12px;||        }||||        .accordion .content {||            max-height: 0;||            overflow: hidden;||            padding: 0 12px;||            color: #444444;||            transition: max-height 0.3s ease-in-out, padding 0.3s ease-in-out;||        }||||        .accordion input:checked + label + .content {||            max-height: 1000px;||            padding: 12px;||        }||||        \/* Icon-Styling *\/||        .accordion label::after {||            content: %22+%22;||            font-size: 36px;||            transition: transform 0.3s ease;||        }||||        .accordion input:checked + label::after {||            content: %22\u2212%22;||            transform: rotate(180deg);||        }&#8220; global_colors_info=&#8220;{}&#8220; sticky_enabled=&#8220;0&#8243;]<\/p>\n<div class=\"accordion\"><!-- [et_pb_line_break_holder] -->  <input type=\"checkbox\" id=\"section1\"><!-- [et_pb_line_break_holder] -->  <label for=\"section1\"><!-- [et_pb_line_break_holder] -->    <\/p>\n<h2><!-- [et_pb_line_break_holder] -->      Kunde Konkurs, was nun?<!-- [et_pb_line_break_holder] -->    <\/h2>\n<p><!-- [et_pb_line_break_holder] -->  <\/label><!-- [et_pb_line_break_holder] -->  <\/p>\n<div class=\"content\"><!-- [et_pb_line_break_holder] -->    <pee>In der Schweiz werden pro Jahr \u00fcber 15&#8217;000 Konkursverfahren er\u00f6ffnet. Die Meldungen zu Konkurser\u00f6ffnungen erscheinen im Schweizerischen Handelsamtsblatt (SHAB). Das Konkursamt publiziert den Schuldenruf, in welchem die Gl\u00e4ubiger aufgefordert werden, Ihre Forderungen beim Konkursamt anzumelden. Innert der darin angegebenen Frist m\u00fcssen die Gl\u00e4ubiger Ihre Forderungen eingeben. Ansonsten gehen sie leer aus.<\/pee><!-- [et_pb_line_break_holder] -->  <\/div>\n<p><!-- [et_pb_line_break_holder] --><!-- [et_pb_line_break_holder] --><!-- [et_pb_line_break_holder] -->  <input type=\"checkbox\" id=\"section2\"><!-- [et_pb_line_break_holder] -->  <label for=\"section2\"><!-- [et_pb_line_break_holder] -->    <\/p>\n<h2><!-- [et_pb_line_break_holder] -->      Geb\u00fchren f\u00fcr Forderungseingabe<!-- [et_pb_line_break_holder] -->    <\/h2>\n<p><!-- [et_pb_line_break_holder] -->  <\/label><!-- [et_pb_line_break_holder] -->  <\/p>\n<div class=\"content\"><!-- [et_pb_line_break_holder] -->    <pee><!-- [et_pb_line_break_holder] -->      Reichen Sie die Forderungseingabe mit Ihren Anspr\u00fcchen inklusive Zins, Betreibungs- und Konkurskosten beim Konkursamt innert der gesetzten Frist ein. Die Eingabe ist kostenlos, es fallen keine konkursamtlichen Geb\u00fchren an. Sie m\u00fcssen den Schuldner nicht selbst betrieben haben, um die Forderung anzumelden.<\/pee><!-- [et_pb_line_break_holder] --><pee><!-- [et_pb_line_break_holder] -->  <!-- [et_pb_line_break_holder] -->    <!-- [et_pb_line_break_holder] -->Wird \u00fcber den Schuldner der Konkurs er\u00f6ffnet, werden s\u00e4mtliche laufenden Betreibungen aufgehoben. Andererseits kann der Schuldner w\u00e4hrend der Dauer des Konkursverfahrens f\u00fcr Ihre Forderung nicht betrieben werden (Art. 206 SchKG).<!-- [et_pb_line_break_holder] -->    <\/pee><!-- [et_pb_line_break_holder] -->  <\/div>\n<p><!-- [et_pb_line_break_holder] --><!-- [et_pb_line_break_holder] --><!-- [et_pb_line_break_holder] -->  <input type=\"checkbox\" id=\"section3\"><!-- [et_pb_line_break_holder] -->  <label for=\"section3\"><!-- [et_pb_line_break_holder] -->    <\/p>\n<h2><!-- [et_pb_line_break_holder] -->      Konkursverfahren<!-- [et_pb_line_break_holder] -->    <\/h2>\n<p><!-- [et_pb_line_break_holder] -->  <\/label><!-- [et_pb_line_break_holder] -->  <\/p>\n<div class=\"content\"><!-- [et_pb_line_break_holder] -->    <pee><strong>Konkursbegehren<\/strong><!\u2013- [et_pb_br_holder] -\u2013><!-- [et_pb_line_break_holder] -->Mit dem Konkursbegehren beantragt der Gl\u00e4ubiger die Er\u00f6ffnung des Konkurses beim zust\u00e4ndigen Richter. Nach der Konkurser\u00f6ffnung erfolgt die Inventaraufnahme durch das zust\u00e4ndige Konkursamt. Auf Antrag der Konkursverwaltung entscheidet sich das Konkursgericht f\u00fcr eine der drei folgenden Verfahrensarten:<\/pee><!-- [et_pb_line_break_holder] -->    <\/p>\n<ul><!-- [et_pb_line_break_holder] -->      <\/p>\n<li>das ordentliche Verfahren<!-- [et_pb_line_break_holder] --><!-- [et_pb_line_break_holder] -->      <\/li>\n<p><!-- [et_pb_line_break_holder] -->            <\/p>\n<li>das summarische Verfahren (bei einfachen Verh\u00e4ltnissen und wenn die Kosten des ordentlichen Verfahrens voraussichtlich nicht gedeckt werden k\u00f6nnen)<!-- [et_pb_line_break_holder] -->      <\/li>\n<p><!-- [et_pb_line_break_holder] -->            <\/p>\n<li>die Einstellung mangels Aktiven<!-- [et_pb_line_break_holder] -->      <\/li>\n<p><!-- [et_pb_line_break_holder] -->    <\/ul>\n<p><!-- [et_pb_line_break_holder] -->    <pee><!-- [et_pb_line_break_holder] -->      Nach der Festlegung der Verfahrensart wird diese im Schweizerischen Handelsamtsblatt und weiteren Publikationsorganen ver\u00f6ffentlicht. Im summarischen und ordentlichen Verfahren werden die Gl\u00e4ubiger aufgefordert, ihre Forderungen einzureichen (sogenannter Schuldenruf).<!-- [et_pb_line_break_holder] -->    <\/pee><!-- [et_pb_line_break_holder] -->    <pee><strong>Forderungseingabe<\/strong><!\u2013- [et_pb_br_holder] -\u2013><!-- [et_pb_line_break_holder] -->      Innerhalb der gesetzten Frist m\u00fcssen die Gl\u00e4ubiger Ihre Anspr\u00fcche inklusive Zins und Betreibungs- und Konkurskosten beim Konkursamt anmelden.<!-- [et_pb_line_break_holder] --><!-- [et_pb_line_break_holder] -->Sie m\u00fcssen den Schuldner nicht selbst betrieben haben, um die Forderung anzumelden. Aus diesem Grund sollten Sie Ihre Kunden, die Ihnen gegen\u00fcber noch offene Rechnungen haben und der Konkursbetreibung unterstehen, \u00fcberwachen lassen (Monitoring). In diesem Falle werden Sie \u00fcber einen allf\u00e4lligen Schuldenruf unverz\u00fcglich informiert.<!-- [et_pb_line_break_holder] --><!-- [et_pb_line_break_holder] -->Die Konkursverwaltung pr\u00fcft die angemeldeten Forderungen samt Belegen und entscheidet \u00fcber ihre Zulassung oder Abweisung. Anschliessend wird der Kollokationsplan mit der Rangordnung der Gl\u00e4ubiger erstellt und im Konkursamt aufgelegt. Bei Unstimmigkeiten besteht die M\u00f6glichkeit einer Kollokationsklage oder Beschwerde. Die Konkursverwaltung verwertet die Aktiven durch \u00f6ffentliche Versteigerung oder freih\u00e4ndigen Verkauf. Anschliessend erstellt sie einen Verteilungsplan.<!-- [et_pb_line_break_holder] -->    <\/pee><!-- [et_pb_line_break_holder] -->        <pee><strong>Konkursdividende und Verlustschein<\/strong><!\u2013- [et_pb_br_holder] -\u2013><!-- [et_pb_line_break_holder] -->Vom Erl\u00f6s werden vorerst die entstandenen Kosten in Abzug gebracht und anschliessend die Gl\u00e4ubiger gem\u00e4ss Kollokationsplan ausgezahlt (Konkursdividende). F\u00fcr den ungedeckten Teil ihrer Forderung erhalten die Gl\u00e4ubiger bei einer juristischen Person einen Verlustausweis, bei einer nat\u00fcrlichen Person einen Verlustschein.<!-- [et_pb_line_break_holder] --><!-- [et_pb_line_break_holder] -->Der Verlustausweis berechtigt den Gl\u00e4ubiger, die in seinen B\u00fcchern gef\u00fchrte Forderung definitiv abzuschreiben und allenfalls bereits abgelieferte Mehrwertsteuer zur\u00fcckzufordern. Der Konkursverlustschein berechtigt den Gl\u00e4ubiger, neu entdecktes Verm\u00f6gen mit Arrest belegen zu lassen. Die Verj\u00e4hrungsfrist f\u00fcr Verlustscheine betr\u00e4gt 20 Jahre.<!-- [et_pb_line_break_holder] -->    <\/pee><!-- [et_pb_line_break_holder] -->            <pee><strong>L\u00f6schung im Handelsregister<\/strong><!\u2013- [et_pb_br_holder] -\u2013><!-- [et_pb_line_break_holder] -->Als Abschluss des Konkursverfahrens reicht die Konkursverwaltung dem Konkursgericht einen Schlussbericht ein. Der Konkursrichter erkl\u00e4rt den Konkurs als geschlossen und das Konkursamt publiziert den Schluss des Konkurses. Juristische Personen werden nach der Durchf\u00fchrung eines Konkursverfahrens im Handelsregister gel\u00f6scht.<!-- [et_pb_line_break_holder] -->    <\/pee><!-- [et_pb_line_break_holder] -->  <\/div>\n<p><!-- [et_pb_line_break_holder] --><\/div>\n<p>[\/et_pb_code][\/et_pb_column][\/et_pb_row][\/et_pb_section]<\/p>","protected":false},"excerpt":{"rendered":"<p>Forderungseingabe mit automatischer Zuweisung Konkursamt.Beratungshotline zum\u00a0Konkurs-Experten. Preis: CHF 25.00 Jetzt online bestellenAntrag auf Er\u00f6ffnung des Konkurses \u00fcber den Schuldner beim zust\u00e4ndigen Richter.Tipp: Vor Antrag Gerichts- und Konkurskosten pr\u00fcfen. Preis: CHF 50.00 Jetzt online bestellenIst Ihr Schuldner Konkurs, m\u00fcssen Sie Ihre Anspr\u00fcche mittels Forderungseingabe geltend machen.\u00a0Hier erstellen Sie eine korrekte Forderungseingabe mit Ihren Anspr\u00fcchen inklusive Zins, [&hellip;]<\/p>","protected":false},"author":2,"featured_media":0,"parent":0,"menu_order":0,"comment_status":"closed","ping_status":"closed","template":"","meta":{"_et_pb_use_builder":"on","_et_pb_old_content":"","_et_gb_content_width":"","inline_featured_image":false,"footnotes":""},"class_list":["post-29909","page","type-page","status-publish","hentry"],"_links":{"self":[{"href":"https:\/\/betreibung.operate.ch\/en\/wp-json\/wp\/v2\/pages\/29909","targetHints":{"allow":["GET"]}}],"collection":[{"href":"https:\/\/betreibung.operate.ch\/en\/wp-json\/wp\/v2\/pages"}],"about":[{"href":"https:\/\/betreibung.operate.ch\/en\/wp-json\/wp\/v2\/types\/page"}],"author":[{"embeddable":true,"href":"https:\/\/betreibung.operate.ch\/en\/wp-json\/wp\/v2\/users\/2"}],"replies":[{"embeddable":true,"href":"https:\/\/betreibung.operate.ch\/en\/wp-json\/wp\/v2\/comments?post=29909"}],"version-history":[{"count":7,"href":"https:\/\/betreibung.operate.ch\/en\/wp-json\/wp\/v2\/pages\/29909\/revisions"}],"predecessor-version":[{"id":29922,"href":"https:\/\/betreibung.operate.ch\/en\/wp-json\/wp\/v2\/pages\/29909\/revisions\/29922"}],"wp:attachment":[{"href":"https:\/\/betreibung.operate.ch\/en\/wp-json\/wp\/v2\/media?parent=29909"}],"curies":[{"name":"wp","href":"https:\/\/api.w.org\/{rel}","templated":true}]}}