{"id":29923,"date":"2025-02-04T11:22:15","date_gmt":"2025-02-04T10:22:15","guid":{"rendered":"https:\/\/betreibung.operate.ch\/?page_id=29923"},"modified":"2025-12-26T15:50:31","modified_gmt":"2025-12-26T14:50:31","slug":"verlustscheine","status":"publish","type":"page","link":"https:\/\/betreibung.operate.ch\/en\/konkurs-verlustschein\/verlustscheine\/","title":{"rendered":"Certificates of loss"},"content":{"rendered":"<p>[et_pb_section fb_built=&#8220;1&#8243; _builder_version=&#8220;4.27.4&#8243; _module_preset=&#8220;default&#8220; global_colors_info=&#8220;{}&#8220;][et_pb_row column_structure=&#8220;2_3,1_3&#8243; _builder_version=&#8220;4.27.4&#8243; _module_preset=&#8220;default&#8220; global_colors_info=&#8220;{}&#8220;][et_pb_column type=&#8220;2_3&#8243; _builder_version=&#8220;4.27.4&#8243; _module_preset=&#8220;default&#8220; global_colors_info=&#8220;{}&#8220;][et_pb_heading title=&#8220;Konkurs Forderungseingabe&#8220; _builder_version=&#8220;4.27.4&#8243; _module_preset=&#8220;default&#8220; global_colors_info=&#8220;{}&#8220;][\/et_pb_heading][et_pb_text _builder_version=&#8220;4.27.4&#8243; _module_preset=&#8220;default&#8220; text_font=&#8220;|300|||||||&#8220; text_font_size=&#8220;28px&#8220; hover_enabled=&#8220;0&#8243; sticky_enabled=&#8220;0&#8243;]<\/p>\n<p>managing is worthwhile<\/p>\n<p>[\/et_pb_text][\/et_pb_column][et_pb_column type=&#8220;1_3&#8243; _builder_version=&#8220;4.27.4&#8243; _module_preset=&#8220;default&#8220; global_colors_info=&#8220;{}&#8220;][et_pb_code _builder_version=&#8220;4.27.4&#8243; _module_preset=&#8220;default&#8220; hover_enabled=&#8220;0&#8243; global_colors_info=&#8220;{}&#8220; sticky_enabled=&#8220;0&#8243;] <\/p>\n<div class=\"framestopper\"><!-- [et_pb_line_break_holder] -->    <\/p>\n<div><!-- [et_pb_line_break_holder] -->        <\/p>\n<div class=\"icon\"><\/div>\n<p><!-- [et_pb_line_break_holder] -->        <\/p>\n<div class=\"txt\"><!-- [et_pb_line_break_holder] -->            <pee> <strong>FREE OF CHARGE!<\/strong><!\u2013- [et_pb_br_holder] -\u2013><!\u2013- [et_pb_br_holder] -\u2013><\/pee><!-- [et_pb_line_break_holder] -->        <\/div>\n<p><!-- [et_pb_line_break_holder] -->    <\/div>\n<p><!-- [et_pb_line_break_holder] --><\/div>\n<p><!-- [et_pb_line_break_holder] --><!-- [et_pb_line_break_holder] --><\/p>\n<style><!-- [et_pb_line_break_holder] -->.framestopper {<!-- [et_pb_line_break_holder] -->    z-index: 1;<!-- [et_pb_line_break_holder] -->    width: 150px;<!-- [et_pb_line_break_holder] -->    height: 150px;<!-- [et_pb_line_break_holder] -->}.icon {<!-- [et_pb_line_break_holder] -->    width: 150px;<!-- [et_pb_line_break_holder] -->    height: 150px;<!-- [et_pb_line_break_holder] -->    background: url('https:\/\/betreibung.operate.ch\/wp-content\/uploads\/2025\/01\/stopper.svg') no-repeat center;<!-- [et_pb_line_break_holder] -->    background-size: contain;<!-- [et_pb_line_break_holder] -->    animation: rotate 20s linear infinite;<!-- [et_pb_line_break_holder] -->}.txt {<!-- [et_pb_line_break_holder] -->    color: #fff;<!-- [et_pb_line_break_holder] -->  \tfont-size:1.5em;<!-- [et_pb_line_break_holder] -->    text-align: center;<!-- [et_pb_line_break_holder] -->    transform: translateY(-200%) rotate(-15deg);*\/<!-- [et_pb_line_break_holder] -->}<!-- [et_pb_line_break_holder] --><\/style>\n<p><!-- [et_pb_line_break_holder] --><!-- [et_pb_line_break_holder] --><\/p>\n<style><!-- [et_pb_line_break_holder] -->    @keyframes rotate {<!-- [et_pb_line_break_holder] -->      0% {<!-- [et_pb_line_break_holder] -->        transform: rotate(0deg);<!-- [et_pb_line_break_holder] -->      }<!-- [et_pb_line_break_holder] -->      100% {<!-- [et_pb_line_break_holder] -->        transform: rotate(360deg);<!-- [et_pb_line_break_holder] -->      }<!-- [et_pb_line_break_holder] -->    }<!-- [et_pb_line_break_holder] -->  <\/style>\n<p>[\/et_pb_code][\/et_pb_column][\/et_pb_row][\/et_pb_section][et_pb_section fb_built=&#8220;1&#8243; _builder_version=&#8220;4.27.4&#8243; _module_preset=&#8220;default&#8220; custom_padding=&#8220;3px|||||&#8220; global_colors_info=&#8220;{}&#8220;][et_pb_row column_structure=&#8220;1_2,1_2&#8243; use_custom_gutter=&#8220;on&#8220; gutter_width=&#8220;2&#8243; make_equal=&#8220;on&#8220; _builder_version=&#8220;4.27.4&#8243; _module_preset=&#8220;default&#8220; global_colors_info=&#8220;{}&#8220;][et_pb_column type=&#8220;1_2&#8243; _builder_version=&#8220;4.27.4&#8243; _module_preset=&#8220;default&#8220; global_colors_info=&#8220;{}&#8220;][et_pb_blurb title=&#8220;Bewirtschaftung Verlustschein&#8220; url=&#8220;@ET-DC@eyJkeW5hbWljIjp0cnVlLCJjb250ZW50IjoicG9zdF9saW5rX3VybF9wYWdlIiwic2V0dGluZ3MiOnsicG9zdF9pZCI6IjI5NjA4In19@&#8220; _builder_version=&#8220;4.27.4&#8243; _dynamic_attributes=&#8220;url,link_option_url&#8220; _module_preset=&#8220;402fb93b-c2a6-4b32-8001-a66dcefb70f9&#8243; height=&#8220;100%&#8220; custom_padding=&#8220;10px|10px|0px|10px|false|false&#8220; link_option_url=&#8220;@ET-DC@eyJkeW5hbWljIjp0cnVlLCJjb250ZW50IjoicG9zdF9saW5rX3VybF9wYWdlIiwic2V0dGluZ3MiOnsicG9zdF9pZCI6IjIifX0=@&#8220; hover_enabled=&#8220;0&#8243; global_colors_info=&#8220;{}&#8220; sticky_enabled=&#8220;0&#8243;]<\/p>\n<p>Final reminder with threat of debt collection<\/p>\n<p>Fill in - Print - Sign - Send.<\/p>\n<p>Price: Free of charge!<\/p>\n<p><span><a href=\"#\" class=\"pa-blurb-button\">Order online now<\/a><\/span><\/p>\n<p>[\/et_pb_blurb][\/et_pb_column][et_pb_column type=&#8220;1_2&#8243; _builder_version=&#8220;4.27.4&#8243; _module_preset=&#8220;default&#8220; global_colors_info=&#8220;{}&#8220;][et_pb_blurb title=&#8220;Bewirtschaftung Verlustschein mit Versand&#8220; url=&#8220;@ET-DC@eyJkeW5hbWljIjp0cnVlLCJjb250ZW50IjoicG9zdF9saW5rX3VybF9wYWdlIiwic2V0dGluZ3MiOnsicG9zdF9pZCI6IjI5NjA4In19@&#8220; _builder_version=&#8220;4.27.4&#8243; _dynamic_attributes=&#8220;url,link_option_url&#8220; _module_preset=&#8220;402fb93b-c2a6-4b32-8001-a66dcefb70f9&#8243; height=&#8220;100%&#8220; custom_padding=&#8220;10px|12px|0px|12px|false|false&#8220; link_option_url=&#8220;@ET-DC@eyJkeW5hbWljIjp0cnVlLCJjb250ZW50IjoicG9zdF9saW5rX3VybF9wYWdlIiwic2V0dGluZ3MiOnsicG9zdF9pZCI6IjIifX0=@&#8220; hover_enabled=&#8220;0&#8243; global_colors_info=&#8220;{}&#8220; sticky_enabled=&#8220;0&#8243;]<\/p>\n<p>Final reminder with threat of debt collection<\/p>\n<p>You enter the data. We take care of printing, dispatch and deadline monitoring.<\/p>\n<p>Price: CHF 15.00<\/p>\n<p><span><a href=\"#\" class=\"pa-blurb-button\">Order online now<\/a><\/span><\/p>\n<p>[\/et_pb_blurb][\/et_pb_column][\/et_pb_row][et_pb_row _builder_version=&#8220;4.27.4&#8243; _module_preset=&#8220;default&#8220; global_colors_info=&#8220;{}&#8220;][et_pb_column type=&#8220;4_4&#8243; _builder_version=&#8220;4.27.4&#8243; _module_preset=&#8220;default&#8220; global_colors_info=&#8220;{}&#8220;][et_pb_text _builder_version=&#8220;4.27.4&#8243; _module_preset=&#8220;default&#8220; custom_padding=&#8220;0px|||||&#8220; hover_enabled=&#8220;0&#8243; global_colors_info=&#8220;{}&#8220; sticky_enabled=&#8220;0&#8243;]<\/p>\n<p><strong>A certificate of loss authorises you to pursue the debtor again.<\/strong><span>\u00a0Manage your loss certificates with Debt Collection Counter-Plus. All documents and actions required for the debt collection process are available (electronically). For example, you can create a payment agreement, payment request or debt enforcement notice as a PDF at the touch of a button. You can schedule the loss certificate cases and have them monitored via the system. Debtor addresses and creditworthiness can be checked online for changes.<\/span><\/p>\n<p>[\/et_pb_text][\/et_pb_column][\/et_pb_row][et_pb_row column_structure=&#8220;1_3,1_3,1_3&#8243; _builder_version=&#8220;4.27.4&#8243; _module_preset=&#8220;default&#8220; global_colors_info=&#8220;{}&#8220;][et_pb_column type=&#8220;1_3&#8243; _builder_version=&#8220;4.27.4&#8243; _module_preset=&#8220;default&#8220; global_colors_info=&#8220;{}&#8220;][et_pb_blurb image=&#8220;https:\/\/betreibung.operate.ch\/wp-content\/uploads\/2025\/02\/verlustschein_icon1.svg&#8220; _builder_version=&#8220;4.27.4&#8243; _module_preset=&#8220;default&#8220; max_width=&#8220;240px&#8220; custom_margin=&#8220;auto|auto|auto|auto|false|false&#8220; hover_enabled=&#8220;0&#8243; global_colors_info=&#8220;{}&#8220; title_text=&#8220;verlustschein_icon1&#8243; sticky_enabled=&#8220;0&#8243;]<\/p>\n<p style=\"text-align: center;\"><span>Professional process.<\/span><\/p>\n<p>[\/et_pb_blurb][\/et_pb_column][et_pb_column type=&#8220;1_3&#8243; _builder_version=&#8220;4.27.4&#8243; _module_preset=&#8220;default&#8220; global_colors_info=&#8220;{}&#8220;][et_pb_blurb image=&#8220;https:\/\/betreibung.operate.ch\/wp-content\/uploads\/2025\/01\/abzahlungsvereinb_icon2.svg&#8220; _builder_version=&#8220;4.27.4&#8243; _module_preset=&#8220;default&#8220; max_width=&#8220;240px&#8220; custom_margin=&#8220;auto|auto|auto|auto|false|false&#8220; hover_enabled=&#8220;0&#8243; global_colors_info=&#8220;{}&#8220; title_text=&#8220;abzahlungsvereinb_icon2&#8243; sticky_enabled=&#8220;0&#8243;]<\/p>\n<p style=\"text-align: center;\"><span>Automatic monitoring.<\/span><\/p>\n<p>[\/et_pb_blurb][\/et_pb_column][et_pb_column type=&#8220;1_3&#8243; _builder_version=&#8220;4.27.4&#8243; _module_preset=&#8220;default&#8220; global_colors_info=&#8220;{}&#8220;][et_pb_blurb image=&#8220;https:\/\/betreibung.operate.ch\/wp-content\/uploads\/2025\/02\/verlustschein_icon3.svg&#8220; _builder_version=&#8220;4.27.4&#8243; _module_preset=&#8220;default&#8220; max_width=&#8220;240px&#8220; custom_margin=&#8220;auto|auto|auto|auto|false|false&#8220; hover_enabled=&#8220;0&#8243; global_colors_info=&#8220;{}&#8220; title_text=&#8220;verlustschein_icon3&#8243; sticky_enabled=&#8220;0&#8243;]<\/p>\n<p style=\"text-align: center;\"><span>Valid for 20 years.<\/span><\/p>\n<p>&nbsp;<\/p>\n<p>[\/et_pb_blurb][\/et_pb_column][\/et_pb_row][\/et_pb_section][et_pb_section fb_built=&#8220;1&#8243; _builder_version=&#8220;4.27.4&#8243; _module_preset=&#8220;default&#8220; custom_padding=&#8220;3px|||||&#8220; global_colors_info=&#8220;{}&#8220;][et_pb_row _builder_version=&#8220;4.27.4&#8243; _module_preset=&#8220;default&#8220; global_colors_info=&#8220;{}&#8220;][et_pb_column type=&#8220;4_4&#8243; _builder_version=&#8220;4.27.4&#8243; _module_preset=&#8220;default&#8220; global_colors_info=&#8220;{}&#8220;][et_pb_code _builder_version=&#8220;4.27.4&#8243; _module_preset=&#8220;default&#8220; hover_enabled=&#8220;0&#8243; custom_css_free_form=&#8220;     .accordion {||            width: 100%;||            overflow: hidden;||        }||||        .accordion input {||            display: none;||        }||||        .accordion label {||            display: flex;||            justify-content: space-between;||            align-items: center;||            color: #A55050;||            padding: 12px;||        }||||        .accordion .content {||            max-height: 0;||            overflow: hidden;||            padding: 0 12px;||            color: #444444;||            transition: max-height 0.3s ease-in-out, padding 0.3s ease-in-out;||        }||||        .accordion input:checked + label + .content {||            max-height: 1000px;||            padding: 12px;||        }||||        \/* Icon-Styling *\/||        .accordion label::after {||            content: %22+%22;||            font-size: 36px;||            transition: transform 0.3s ease;||        }||||        .accordion input:checked + label::after {||            content: %22\u2212%22;||            transform: rotate(180deg);||        }&#8220; global_colors_info=&#8220;{}&#8220; sticky_enabled=&#8220;0&#8243;]<\/p>\n<div class=\"accordion\"><!-- [et_pb_line_break_holder] -->  <input type=\"checkbox\" id=\"section1\"><!-- [et_pb_line_break_holder] -->  <label for=\"section1\"><!-- [et_pb_line_break_holder] -->    <\/p>\n<h2><!-- [et_pb_line_break_holder] -->      Meaning of a loss certificate<!-- [et_pb_line_break_holder] -->    <\/h2>\n<p><!-- [et_pb_line_break_holder] -->  <\/label><!-- [et_pb_line_break_holder] -->  <\/p>\n<div class=\"content\"><!-- [et_pb_line_break_holder] -->    <pee>If a claim cannot be repaid or can only be partially repaid, the debt enforcement office will issue a certificate of loss.<!-- [et_pb_line_break_holder] -->    <\/pee><!-- [et_pb_line_break_holder] -->    <pee>In the case of a certificate of loss due to seizure, you can directly submit a new application for continuation within six months of the initial issue. Whether such a procedure makes sense must be examined on a case-by-case basis. This is because each new garnishment is associated with new fees.<!-- [et_pb_line_break_holder] -->    <\/pee><!-- [et_pb_line_break_holder] -->    <pee><!-- [et_pb_line_break_holder] -->    The limitation period for certificates of loss is 20 years. If the debtor acquires new assets during this period, you have the option of pursuing the debtor again. At the same time, the certificate of loss serves as an acknowledgement of debt for provisional legal proceedings.  <!-- [et_pb_line_break_holder] -->    <\/pee><!-- [et_pb_line_break_holder] -->  <\/div>\n<p><!-- [et_pb_line_break_holder] --><!-- [et_pb_line_break_holder] --><!-- [et_pb_line_break_holder] -->  <input type=\"checkbox\" id=\"section2\"><!-- [et_pb_line_break_holder] -->  <label for=\"section2\"><!-- [et_pb_line_break_holder] -->    <\/p>\n<h2><!-- [et_pb_line_break_holder] -->      Your advantages<!-- [et_pb_line_break_holder] -->    <\/h2>\n<p><!-- [et_pb_line_break_holder] -->  <\/label><!-- [et_pb_line_break_holder] -->  <\/p>\n<div class=\"content\"><!-- [et_pb_line_break_holder] -->    <pee><!-- [et_pb_line_break_holder] -->         <\/p>\n<ul><!-- [et_pb_line_break_holder] -->      <\/p>\n<li>Professional templates in d\/f\/i<!-- [et_pb_line_break_holder] -->      <\/li>\n<p><!-- [et_pb_line_break_holder] -->            <\/p>\n<li><!-- [et_pb_line_break_holder] -->Automated process: scheduling, monitoring<!-- [et_pb_line_break_holder] -->      <\/li>\n<p><!-- [et_pb_line_break_holder] -->            <\/p>\n<li>Address and credit check option<!-- [et_pb_line_break_holder] -->      <\/li>\n<p><!-- [et_pb_line_break_holder] -->            <\/p>\n<li><!-- [et_pb_line_break_holder] -->Automated handling saves you time, postage and printing costs.<!-- [et_pb_line_break_holder] -->      <\/li>\n<p><!-- [et_pb_line_break_holder] -->    <\/ul>\n<\/pee><!-- [et_pb_line_break_holder] -->  <\/div>\n<p><!-- [et_pb_line_break_holder] --><!-- [et_pb_line_break_holder] --><!-- [et_pb_line_break_holder] -->  <input type=\"checkbox\" id=\"section3\"><!-- [et_pb_line_break_holder] -->  <label for=\"section3\"><!-- [et_pb_line_break_holder] -->    <\/p>\n<h2><!-- [et_pb_line_break_holder] -->      Shipping<!-- [et_pb_line_break_holder] -->    <\/h2>\n<p><!-- [et_pb_line_break_holder] -->  <\/label><!-- [et_pb_line_break_holder] -->  <\/p>\n<div class=\"content\"><!-- [et_pb_line_break_holder] -->    <pee><!-- [et_pb_line_break_holder] -->For products with dispatch, the whole process is carried out online for you. You don't need to print anything out and you don't have to go to the post office. We take care of these steps. We print out the letters or documents with your sender's address and details and send them by post in a neutral envelope to the recipient you specify.<!-- [et_pb_line_break_holder] --> <!-- [et_pb_line_break_holder] -->    <\/pee><!-- [et_pb_line_break_holder] -->  <\/div>\n<p><!-- [et_pb_line_break_holder] --><\/div>\n<p>[\/et_pb_code][\/et_pb_column][\/et_pb_row][\/et_pb_section]<\/p>","protected":false},"excerpt":{"rendered":"<p>bewirtschaften lohnt sichLetzte Mahnung mit Betreibungsandrohung Ausf\u00fcllen &#8211; Drucken &#8211; Unterzeichnen &#8211; Versenden. Preis: Gratis! Jetzt online bestellenLetzte Mahnung mit Betreibungsandrohung Sie geben Daten ein. Wir \u00fcbernehmen Druck, Versand und Termin\u00fcberwachung. Preis: CHF 15.00 Jetzt online bestellenEin Verlustschein berechtigt Sie, den Schuldner neu zu betreiben.\u00a0Bewirtschaften Sie Ihre Verlustscheine mit Betreibungsschalter-Plus. S\u00e4mtliche f\u00fcr den Betreibungsprozess ben\u00f6tigten [&hellip;]<\/p>","protected":false},"author":2,"featured_media":0,"parent":29909,"menu_order":0,"comment_status":"closed","ping_status":"closed","template":"","meta":{"_et_pb_use_builder":"on","_et_pb_old_content":"","_et_gb_content_width":"","inline_featured_image":false,"footnotes":""},"class_list":["post-29923","page","type-page","status-publish","hentry"],"_links":{"self":[{"href":"https:\/\/betreibung.operate.ch\/en\/wp-json\/wp\/v2\/pages\/29923","targetHints":{"allow":["GET"]}}],"collection":[{"href":"https:\/\/betreibung.operate.ch\/en\/wp-json\/wp\/v2\/pages"}],"about":[{"href":"https:\/\/betreibung.operate.ch\/en\/wp-json\/wp\/v2\/types\/page"}],"author":[{"embeddable":true,"href":"https:\/\/betreibung.operate.ch\/en\/wp-json\/wp\/v2\/users\/2"}],"replies":[{"embeddable":true,"href":"https:\/\/betreibung.operate.ch\/en\/wp-json\/wp\/v2\/comments?post=29923"}],"version-history":[{"count":4,"href":"https:\/\/betreibung.operate.ch\/en\/wp-json\/wp\/v2\/pages\/29923\/revisions"}],"predecessor-version":[{"id":29931,"href":"https:\/\/betreibung.operate.ch\/en\/wp-json\/wp\/v2\/pages\/29923\/revisions\/29931"}],"up":[{"embeddable":true,"href":"https:\/\/betreibung.operate.ch\/en\/wp-json\/wp\/v2\/pages\/29909"}],"wp:attachment":[{"href":"https:\/\/betreibung.operate.ch\/en\/wp-json\/wp\/v2\/media?parent=29923"}],"curies":[{"name":"wp","href":"https:\/\/api.w.org\/{rel}","templated":true}]}}