{"id":29932,"date":"2025-02-04T11:39:54","date_gmt":"2025-02-04T10:39:54","guid":{"rendered":"https:\/\/betreibung.operate.ch\/?page_id=29932"},"modified":"2025-12-26T15:50:53","modified_gmt":"2025-12-26T14:50:53","slug":"betreibungs-know-how","status":"publish","type":"page","link":"https:\/\/betreibung.operate.ch\/en\/betreibungs-know-how\/","title":{"rendered":"Operating know-how"},"content":{"rendered":"<p>[et_pb_section fb_built=&#8220;1&#8243; _builder_version=&#8220;4.27.4&#8243; _module_preset=&#8220;default&#8220; global_colors_info=&#8220;{}&#8220;][et_pb_row column_structure=&#8220;2_3,1_3&#8243; _builder_version=&#8220;4.27.4&#8243; _module_preset=&#8220;default&#8220; global_colors_info=&#8220;{}&#8220;][et_pb_column type=&#8220;2_3&#8243; _builder_version=&#8220;4.27.4&#8243; _module_preset=&#8220;default&#8220; global_colors_info=&#8220;{}&#8220;][et_pb_heading title=&#8220;Betreibungs Know-How&#8220; _builder_version=&#8220;4.27.4&#8243; _module_preset=&#8220;default&#8220; hover_enabled=&#8220;0&#8243; global_colors_info=&#8220;{}&#8220; sticky_enabled=&#8220;0&#8243;][\/et_pb_heading][\/et_pb_column][et_pb_column type=&#8220;1_3&#8243; _builder_version=&#8220;4.27.4&#8243; _module_preset=&#8220;default&#8220; global_colors_info=&#8220;{}&#8220;][et_pb_code _builder_version=&#8220;4.27.4&#8243; _module_preset=&#8220;default&#8220; hover_enabled=&#8220;0&#8243; global_colors_info=&#8220;{}&#8220; sticky_enabled=&#8220;0&#8243;] <\/p>\n<div class=\"framestopper\"><!-- [et_pb_line_break_holder] -->    <\/p>\n<div><!-- [et_pb_line_break_holder] -->        <\/p>\n<div class=\"icon\"><\/div>\n<p><!-- [et_pb_line_break_holder] -->        <\/p>\n<div class=\"txt\"><!-- [et_pb_line_break_holder] -->            <pee> <strong>FREE OF CHARGE!<\/strong><!\u2013- [et_pb_br_holder] -\u2013><!\u2013- [et_pb_br_holder] -\u2013><\/pee><!-- [et_pb_line_break_holder] -->        <\/div>\n<p><!-- [et_pb_line_break_holder] -->    <\/div>\n<p><!-- [et_pb_line_break_holder] --><\/div>\n<p><!-- [et_pb_line_break_holder] --><!-- [et_pb_line_break_holder] --><\/p>\n<style><!-- [et_pb_line_break_holder] -->.framestopper {<!-- [et_pb_line_break_holder] -->    z-index: 1;<!-- [et_pb_line_break_holder] -->    width: 150px;<!-- [et_pb_line_break_holder] -->    height: 150px;<!-- [et_pb_line_break_holder] -->}.icon {<!-- [et_pb_line_break_holder] -->    width: 150px;<!-- [et_pb_line_break_holder] -->    height: 150px;<!-- [et_pb_line_break_holder] -->    background: url('https:\/\/betreibung.operate.ch\/wp-content\/uploads\/2025\/01\/stopper.svg') no-repeat center;<!-- [et_pb_line_break_holder] -->    background-size: contain;<!-- [et_pb_line_break_holder] -->    animation: rotate 20s linear infinite;<!-- [et_pb_line_break_holder] -->}.txt {<!-- [et_pb_line_break_holder] -->    color: #fff;<!-- [et_pb_line_break_holder] -->  \tfont-size:1.5em;<!-- [et_pb_line_break_holder] -->    text-align: center;<!-- [et_pb_line_break_holder] -->    transform: translateY(-200%) rotate(-15deg);*\/<!-- [et_pb_line_break_holder] -->}<!-- [et_pb_line_break_holder] --><\/style>\n<p><!-- [et_pb_line_break_holder] --><!-- [et_pb_line_break_holder] --><\/p>\n<style><!-- [et_pb_line_break_holder] -->    @keyframes rotate {<!-- [et_pb_line_break_holder] -->      0% {<!-- [et_pb_line_break_holder] -->        transform: rotate(0deg);<!-- [et_pb_line_break_holder] -->      }<!-- [et_pb_line_break_holder] -->      100% {<!-- [et_pb_line_break_holder] -->        transform: rotate(360deg);<!-- [et_pb_line_break_holder] -->      }<!-- [et_pb_line_break_holder] -->    }<!-- [et_pb_line_break_holder] -->  <\/style>\n<p>[\/et_pb_code][\/et_pb_column][\/et_pb_row][\/et_pb_section][et_pb_section fb_built=&#8220;1&#8243; _builder_version=&#8220;4.27.4&#8243; _module_preset=&#8220;default&#8220; custom_padding=&#8220;3px|||||&#8220; global_colors_info=&#8220;{}&#8220;][et_pb_row column_structure=&#8220;1_2,1_2&#8243; use_custom_gutter=&#8220;on&#8220; gutter_width=&#8220;2&#8243; make_equal=&#8220;on&#8220; _builder_version=&#8220;4.27.4&#8243; _module_preset=&#8220;default&#8220; global_colors_info=&#8220;{}&#8220;][et_pb_column type=&#8220;1_2&#8243; _builder_version=&#8220;4.27.4&#8243; _module_preset=&#8220;default&#8220; global_colors_info=&#8220;{}&#8220;][et_pb_blurb title=&#8220;Online-Ratgeber&#8220; url=&#8220;@ET-DC@eyJkeW5hbWljIjp0cnVlLCJjb250ZW50IjoicG9zdF9saW5rX3VybF9wYWdlIiwic2V0dGluZ3MiOnsicG9zdF9pZCI6IjI5NjA4In19@&#8220; _builder_version=&#8220;4.27.4&#8243; _dynamic_attributes=&#8220;url,link_option_url&#8220; _module_preset=&#8220;402fb93b-c2a6-4b32-8001-a66dcefb70f9&#8243; height=&#8220;100%&#8220; custom_padding=&#8220;10px|10px|0px|10px|false|false&#8220; link_option_url=&#8220;@ET-DC@eyJkeW5hbWljIjp0cnVlLCJjb250ZW50IjoicG9zdF9saW5rX3VybF9wYWdlIiwic2V0dGluZ3MiOnsicG9zdF9pZCI6IjIifX0=@&#8220; hover_enabled=&#8220;0&#8243; global_colors_info=&#8220;{}&#8220; sticky_enabled=&#8220;0&#8243;]<\/p>\n<p class=\"csc-firstHeader\">Ein Klick auf das Thema f\u00fchrt Sie direkt in das betreffende Kapitel des Ratgebers:<\/p>\n<ul>\n<li><a href=\"https:\/\/www.betreibungsschalter-plus.ch\/inkasso-ratgeber\/1-0.php\" title=\"Ratgeber: Neuer Kunde\" target=\"_blank\" rel=\"noopener\">Neuer Kunde &#8211; neues Risiko<\/a><\/li>\n<li><a href=\"https:\/\/www.betreibungsschalter-plus.ch\/inkasso-ratgeber\/2-0.php\" title=\"Ratgeber: Die korrekte Rechnung\" target=\"_blank\" rel=\"noopener\">Die korrekte Rechnung<\/a><\/li>\n<li><a href=\"https:\/\/www.betreibungsschalter-plus.ch\/inkasso-ratgeber\/2-01.php\" title=\"Ratgeber: Richtig mahnen\" target=\"_blank\" rel=\"noopener\">Richtig mahnen<\/a><\/li>\n<li><a href=\"https:\/\/www.betreibungsschalter-plus.ch\/inkasso-ratgeber\/3-05.php\" title=\"Ratgeber: Betreibungsbegehren\" target=\"_blank\" rel=\"noopener\">Betreibungsbegehren<\/a><\/li>\n<li><a href=\"https:\/\/www.betreibungsschalter-plus.ch\/inkasso-ratgeber\/3-06.php\" title=\"Ratgeber: Rechtsvorschlag\" target=\"_blank\" rel=\"noopener\">Rechtsvorschlag<\/a><\/li>\n<li><a href=\"https:\/\/www.betreibungsschalter-plus.ch\/inkasso-ratgeber\/3-11.php\" title=\"Ratgeber: Betreibung auf Pf\u00e4ndung\" target=\"_blank\" rel=\"noopener\">Betreibung auf Pf\u00e4ndung<\/a><\/li>\n<li><a href=\"https:\/\/www.betreibungsschalter-plus.ch\/inkasso-ratgeber\/3-11.php\" title=\"Ratgeber: Betreibung auf Konkurs\" target=\"_blank\" rel=\"noopener\">Betreibung auf Konkurs<\/a><\/li>\n<\/ul>\n<p><span><a href=\"https:\/\/www.betreibungsschalter-plus.ch\/inkasso-ratgeber\/index.php\" class=\"pa-blurb-button\">Zum Ratgeber<\/a><\/span><\/p>\n<p>[\/et_pb_blurb][\/et_pb_column][et_pb_column type=&#8220;1_2&#8243; _builder_version=&#8220;4.27.4&#8243; _module_preset=&#8220;default&#8220; global_colors_info=&#8220;{}&#8220;][et_pb_blurb title=&#8220;Inkasso-Lehrgang online&#8220; url=&#8220;@ET-DC@eyJkeW5hbWljIjp0cnVlLCJjb250ZW50IjoicG9zdF9saW5rX3VybF9wYWdlIiwic2V0dGluZ3MiOnsicG9zdF9pZCI6IjI5NjA4In19@&#8220; _builder_version=&#8220;4.27.4&#8243; _dynamic_attributes=&#8220;url,link_option_url&#8220; _module_preset=&#8220;402fb93b-c2a6-4b32-8001-a66dcefb70f9&#8243; height=&#8220;100%&#8220; custom_padding=&#8220;10px|12px|0px|12px|false|false&#8220; link_option_url=&#8220;@ET-DC@eyJkeW5hbWljIjp0cnVlLCJjb250ZW50IjoicG9zdF9saW5rX3VybF9wYWdlIiwic2V0dGluZ3MiOnsicG9zdF9pZCI6IjIifX0=@&#8220; hover_enabled=&#8220;0&#8243; global_colors_info=&#8220;{}&#8220; sticky_enabled=&#8220;0&#8243;]<\/p>\n<header>\n<p><span style=\"font-size: 16px;\">Werden Sie zum Inkasso-Spezialisten Ihres Unternehmens. Nach diesem Online-Kurs organisieren Sie Ihr Forderungsmanagement effizient, stellen Rechnungen und Mahnungen korrekt aus und sind in der Lage, Betreibungen einzuleiten und fortzusetzen.<\/span><\/p>\n<\/header>\n<div class=\"ce-bodytext\">\n<p>Preis: GRATIS!<\/p>\n<\/div>\n<p><span><a href=\"#\" class=\"pa-blurb-button\">Order online now<\/a><\/span><\/p>\n<p>[\/et_pb_blurb][\/et_pb_column][\/et_pb_row][et_pb_row column_structure=&#8220;1_3,1_3,1_3&#8243; _builder_version=&#8220;4.27.4&#8243; _module_preset=&#8220;default&#8220; global_colors_info=&#8220;{}&#8220;][et_pb_column type=&#8220;1_3&#8243; _builder_version=&#8220;4.27.4&#8243; _module_preset=&#8220;default&#8220; global_colors_info=&#8220;{}&#8220;][et_pb_blurb image=&#8220;https:\/\/betreibung.operate.ch\/wp-content\/uploads\/2025\/02\/info_knowhow_icon1.svg&#8220; _builder_version=&#8220;4.27.4&#8243; _module_preset=&#8220;default&#8220; max_width=&#8220;240px&#8220; custom_margin=&#8220;auto|auto|auto|auto|false|false&#8220; hover_enabled=&#8220;0&#8243; global_colors_info=&#8220;{}&#8220; title_text=&#8220;info_knowhow_icon1&#8243; sticky_enabled=&#8220;0&#8243;]<\/p>\n<p style=\"text-align: center;\">Online lernen.<\/p>\n<p>[\/et_pb_blurb][\/et_pb_column][et_pb_column type=&#8220;1_3&#8243; _builder_version=&#8220;4.27.4&#8243; _module_preset=&#8220;default&#8220; global_colors_info=&#8220;{}&#8220;][et_pb_blurb image=&#8220;https:\/\/betreibung.operate.ch\/wp-content\/uploads\/2025\/02\/info_knowhow_icon2.svg&#8220; _builder_version=&#8220;4.27.4&#8243; _module_preset=&#8220;default&#8220; max_width=&#8220;240px&#8220; custom_margin=&#8220;auto|auto|auto|auto|false|false&#8220; hover_enabled=&#8220;0&#8243; global_colors_info=&#8220;{}&#8220; sticky_enabled=&#8220;0&#8243; title_text=&#8220;info_knowhow_icon2&#8243;]<\/p>\n<p style=\"text-align: center;\">Fragen und verstehen.<\/p>\n<p>[\/et_pb_blurb][\/et_pb_column][et_pb_column type=&#8220;1_3&#8243; _builder_version=&#8220;4.27.4&#8243; _module_preset=&#8220;default&#8220; global_colors_info=&#8220;{}&#8220;][et_pb_blurb image=&#8220;https:\/\/betreibung.operate.ch\/wp-content\/uploads\/2025\/02\/info_knowhow_icon3.svg&#8220; _builder_version=&#8220;4.27.4&#8243; _module_preset=&#8220;default&#8220; max_width=&#8220;240px&#8220; custom_margin=&#8220;auto|auto|auto|auto|false|false&#8220; hover_enabled=&#8220;0&#8243; global_colors_info=&#8220;{}&#8220; title_text=&#8220;info_knowhow_icon3&#8243; sticky_enabled=&#8220;0&#8243;]<\/p>\n<p style=\"text-align: center;\">Wissen und anwenden.<\/p>\n<p>[\/et_pb_blurb][\/et_pb_column][\/et_pb_row][\/et_pb_section][et_pb_section fb_built=&#8220;1&#8243; _builder_version=&#8220;4.27.4&#8243; _module_preset=&#8220;default&#8220; background_color=&#8220;gcid-ac889b0d-fcbc-4ac7-9cdd-6e2cc4de023e&#8220; custom_padding=&#8220;3px|||||&#8220; global_colors_info=&#8220;{%22gcid-ac889b0d-fcbc-4ac7-9cdd-6e2cc4de023e%22:%91%22background_color%22%93}&#8220;][et_pb_row _builder_version=&#8220;4.27.4&#8243; _module_preset=&#8220;default&#8220; global_colors_info=&#8220;{}&#8220;][et_pb_column type=&#8220;4_4&#8243; _builder_version=&#8220;4.27.4&#8243; _module_preset=&#8220;default&#8220; global_colors_info=&#8220;{}&#8220;][et_pb_heading title=&#8220;Betreibung: Definition und Grundlage&#8220; _builder_version=&#8220;4.27.4&#8243; _module_preset=&#8220;default&#8220; hover_enabled=&#8220;0&#8243; global_colors_info=&#8220;{}&#8220; sticky_enabled=&#8220;0&#8243;][\/et_pb_heading][et_pb_text _builder_version=&#8220;4.27.4&#8243; _module_preset=&#8220;default&#8220; hover_enabled=&#8220;0&#8243; global_colors_info=&#8220;{}&#8220; sticky_enabled=&#8220;0&#8243;]<\/p>\n<p><span>Die Betreibung ist die Form der Zwangsvollstreckung, um in der Schweiz eine Forderung einzutreiben. Die rechtliche Grundlage f\u00fcr die Betreibung bildet das Bundesgesetz \u00fcber Schuldbetreibung und Konkurs (SchKG).<\/span><br \/><span>Im SchKG sind Gegenstand der Schuldbetreibung und Betreibungsarten in Artikel 38 A geregelt:<\/span><br \/><span><\/span><\/p>\n<ul>\n<li><span>Abs. 1: Auf dem Wege der Schuldbetreibung werden die Zwangsvollstreckungen durchgef\u00fchrt, welche auf eine Geldzahlung oder eine Sicherheitsleistung gerichtet sind.<\/span><br \/><span><\/span><\/li>\n<li><span>Abs. 2: Die Schuldbetreibung beginnt mit der Zustellung des Zahlungsbefehles und wird entweder auf dem Wege der Pf\u00e4ndung oder der Pfandverwertung oder des Konkurses fortgesetzt.<\/span><\/li>\n<\/ul>\n<p>[\/et_pb_text][\/et_pb_column][\/et_pb_row][\/et_pb_section][et_pb_section fb_built=&#8220;1&#8243; _builder_version=&#8220;4.27.4&#8243; _module_preset=&#8220;default&#8220; custom_padding=&#8220;3px|||||&#8220; global_colors_info=&#8220;{}&#8220;][et_pb_row _builder_version=&#8220;4.27.4&#8243; _module_preset=&#8220;default&#8220; global_colors_info=&#8220;{}&#8220;][et_pb_column type=&#8220;4_4&#8243; _builder_version=&#8220;4.27.4&#8243; _module_preset=&#8220;default&#8220; global_colors_info=&#8220;{}&#8220;][et_pb_code _builder_version=&#8220;4.27.4&#8243; _module_preset=&#8220;default&#8220; hover_enabled=&#8220;0&#8243; custom_css_free_form=&#8220;     .accordion {||            width: 100%;||            overflow: hidden;||        }||||        .accordion input {||            display: none;||        }||||        .accordion label {||            display: flex;||            justify-content: space-between;||            align-items: center;||            color: #A55050;||            padding: 12px;||        }||||        .accordion .content {||            max-height: 0;||            overflow: hidden;||            padding: 0 12px;||            color: #444444;||            transition: max-height 0.3s ease-in-out, padding 0.3s ease-in-out;||        }||||        .accordion input:checked + label + .content {||            max-height: 1000px;||            padding: 12px;||        }||||        \/* Icon-Styling *\/||        .accordion label::after {||            content: %22+%22;||            font-size: 36px;||            transition: transform 0.3s ease;||        }||||        .accordion input:checked + label::after {||            content: %22\u2212%22;||            transform: rotate(180deg);||        }&#8220; global_colors_info=&#8220;{}&#8220; sticky_enabled=&#8220;0&#8243;]<\/p>\n<div class=\"accordion\"><!-- [et_pb_line_break_holder] -->  <input type=\"checkbox\" id=\"section1\"><!-- [et_pb_line_break_holder] -->  <label for=\"section1\"><!-- [et_pb_line_break_holder] -->    <\/p>\n<h2><!-- [et_pb_line_break_holder] -->      Is debt collection worthwhile?<!-- [et_pb_line_break_holder] -->    <\/h2>\n<p><!-- [et_pb_line_break_holder] -->  <\/label><!-- [et_pb_line_break_holder] -->  <\/p>\n<div class=\"content\"><!-- [et_pb_line_break_holder] -->    <pee>Im Betreibungsfall m\u00fcssen Sie als Gl\u00e4ubiger die Geb\u00fchren im Voraus bezahlen. Pr\u00fcfen Sie deshalb, ob Ihr Schuldner zahlungsf\u00e4hig ist und ob Sie die juristisch korrekte <a href=\"https:\/\/www.betreibungsschalter-plus.ch\/mahnung\/bonitaetspruefung-online\/\">Address<\/a> kennen. Bei Unternehmen holen Sie zus\u00e4tzlich zur <a href=\"https:\/\/www.betreibungsschalter-plus.ch\/mahnung\/bonitaetspruefung-online\/\">Credit assessment<\/a> auch einen <a href=\"https:\/\/www.zefix.ch\/de\/search\/entity\/welcome\">Extract from the commercial register<\/a> oder weitere Informationen (Schweizerisches Handelsamtsblatt) ein.<\/pee><!-- [et_pb_line_break_holder] -->  <\/div>\n<p><!-- [et_pb_line_break_holder] --><!-- [et_pb_line_break_holder] --><!-- [et_pb_line_break_holder] --><!-- [et_pb_line_break_holder] --><!-- [et_pb_line_break_holder] -->  <input type=\"checkbox\" id=\"section3\"><!-- [et_pb_line_break_holder] -->  <label for=\"section3\"><!-- [et_pb_line_break_holder] -->    <\/p>\n<h2><!-- [et_pb_line_break_holder] -->      Betreibung vermeiden<!-- [et_pb_line_break_holder] -->    <\/h2>\n<p><!-- [et_pb_line_break_holder] -->  <\/label><!-- [et_pb_line_break_holder] -->  <\/p>\n<div class=\"content\"><!-- [et_pb_line_break_holder] -->    <pee><strong>Jeder neue Kunde bedeutet auch ein neues Risiko.<\/strong><!\u2013- [et_pb_br_holder] -\u2013><!-- [et_pb_line_break_holder] -->Deshalb ist die Pr\u00fcfung von Neukunden ein wichtiger Bestandteil des Forderungsmanagements nach dem Motto: &#8222;Vorbeugen ist besser als heilen&#8220;.<\/pee><!-- [et_pb_line_break_holder] --><!-- [et_pb_line_break_holder] -->    <pee><strong>Erst pr\u00fcfen, dann liefern<\/strong><!\u2013- [et_pb_br_holder] -\u2013><!-- [et_pb_line_break_holder] -->      Bevor Sie bei Neukunden eine Lieferung ausf\u00fchren, holen Sie Informationen zu Adresse und Bonit\u00e4t und allenfalls Wirtschaftsausk\u00fcnfte ein. Dies gilt f\u00fcr Unternehmen wie auch Privatpersonen. Je nach Gr\u00f6sse der Bestellung oder des Auftrags sollte diese Pr\u00fcfung mehr oder weniger umfangreich sein, um das Risiko eines Zahlungsausfalls einsch\u00e4tzen zu k\u00f6nnen.<!-- [et_pb_line_break_holder] -->    <\/pee><!-- [et_pb_line_break_holder] -->    <pee><strong><a href=\"https:\/\/www.betreibungsschalter-plus.ch\/mahnung\/bonitaetspruefung-online\/\">Adresspr\u00fcfung<\/a><\/strong><!\u2013- [et_pb_br_holder] -\u2013><!-- [et_pb_line_break_holder] -->Sie stellen sicher, dass der Kunde tats\u00e4chlich existiert, Sie die Ware an den richtigen Ort liefern und die korrekte Adresse auf der Rechnung steht.<\/pee><!-- [et_pb_line_break_holder] -->          <!-- [et_pb_line_break_holder] -->        <pee><strong><a href=\"https:\/\/www.betreibungsschalter-plus.ch\/mahnung\/bonitaetspruefung-online\/\">Credit assessment<\/a><\/strong><!\u2013- [et_pb_br_holder] -\u2013><!-- [et_pb_line_break_holder] -->Sie erhalten die M\u00f6glichkeit, die Zahlungsf\u00e4higkeit Ihres Kunden einzusch\u00e4tzen. Eine Bonit\u00e4tspr\u00fcfung kann auch bei bestehenden Kunden Sinn machen, wenn z.B.:<!-- [et_pb_line_break_holder] -->             <\/p>\n<ul><!-- [et_pb_line_break_holder] -->      <\/p>\n<li>Zahlungen nicht mehr p\u00fcnktlich erfolgen,<!-- [et_pb_line_break_holder] -->      <\/li>\n<p><!-- [et_pb_line_break_holder] -->            <\/p>\n<li>der Auftrag stark von bisherigen abweicht,<!-- [et_pb_line_break_holder] -->      <\/li>\n<p><!-- [et_pb_line_break_holder] -->            <\/p>\n<li>Personal\/Management oft wechselt.<!-- [et_pb_line_break_holder] -->      <\/li>\n<p><!-- [et_pb_line_break_holder] -->    <\/ul>\n<p><!-- [et_pb_line_break_holder] -->    <\/pee><!-- [et_pb_line_break_holder] -->          <pee><strong><a href=\"https:\/\/www.zefix.ch\/de\/search\/entity\/welcome\">Credit assessment<\/a><\/strong><!\u2013- [et_pb_br_holder] -\u2013><!-- [et_pb_line_break_holder] -->Bei Unternehmen holen Sie zus\u00e4tzlich zur Bonit\u00e4tspr\u00fcfung auch einen Handelsregisterauszug oder weitere Informationen (Schweizerisches Handelsamtsblatt) ein. Somit wissen Sie Bescheid \u00fcber den Hauptsitz und Filialen des Unternehmens, Kapital- und Besitzverh\u00e4ltnisse, Organe und Zeichnungsberechtigungen, usw. Diese Informationen sind je nach Sachverhalt wichtig, um das Risiko bei der Lieferung auf Rechnung einzusch\u00e4tzen.<!-- [et_pb_line_break_holder] -->    <\/pee><!-- [et_pb_line_break_holder] -->  <\/div>\n<p><!-- [et_pb_line_break_holder] --><!-- [et_pb_line_break_holder] --><!-- [et_pb_line_break_holder] --><!-- [et_pb_line_break_holder] --><!-- [et_pb_line_break_holder] --> <input type=\"checkbox\" id=\"section2\"><!-- [et_pb_line_break_holder] -->  <label for=\"section2\"><!-- [et_pb_line_break_holder] -->    <\/p>\n<h2><!-- [et_pb_line_break_holder] -->     Alternativen zur Betreibung<!-- [et_pb_line_break_holder] -->    <\/h2>\n<p><!-- [et_pb_line_break_holder] -->  <\/label><!-- [et_pb_line_break_holder] -->  <\/p>\n<div class=\"content\"><!-- [et_pb_line_break_holder] -->    <pee><!-- [et_pb_line_break_holder] -->      Ein pers\u00f6nliches Gespr\u00e4ch mit dem Kunden hat schon manches Problem gel\u00f6st. Auch eine Zahlungsvereinbarung ist eine sinnvolle Alternative zur Betreibung.<\/pee><!-- [et_pb_line_break_holder] --><!-- [et_pb_line_break_holder] --><pee><strong>Kunden kontaktieren<\/strong><!\u2013- [et_pb_br_holder] -\u2013><!-- [et_pb_line_break_holder] -->Oft sind Liquidit\u00e4tsprobleme der Grund, weshalb ein Schuldner eine offene Forderung nicht begleicht. Suchen Sie das Gespr\u00e4ch mit dem Kunden und versuchen Sie, eine f\u00fcr beide Seiten zufriedenstellende L\u00f6sung zu finden.<\/pee><!-- [et_pb_line_break_holder] --><!-- [et_pb_line_break_holder] --><pee><strong>Ratenzahlungsvereinbarung<\/strong><!\u2013- [et_pb_br_holder] -\u2013><!-- [et_pb_line_break_holder] -->Damit geben Sie dem Kunden die M\u00f6glichkeit, eine Forderung in Ratenzahlungen oder zu einem sp\u00e4teren Zeitpunkt zu begleichen. Empfohlen werden monatliche Zahlungen. Die Raten werden in der Regel proportional zur H\u00f6he der Schuld festgelegt. Wichtig: das Dokument muss vom Schuldner unterzeichnet sein.<\/pee><!-- [et_pb_line_break_holder] --><!-- [et_pb_line_break_holder] --><pee><strong>Acknowledgement of debt<\/strong><!\u2013- [et_pb_br_holder] -\u2013><!-- [et_pb_line_break_holder] -->Eine Abzahlungsvereinbarung bringt zwei Vorteile mit sich. Erstens ist im Forderungsmanagement eine g\u00fctliche immer einer rechtlichen L\u00f6sung vorzuziehen. Zweitens gilt eine schriftliche Vereinbarung als eindeutige Schuldanerkennung und bietet somit mehr Rechtssicherheit. Denn im Falle einer Betreibung dient die Schuldanerkennung als Rechts\u00f6ffnungstitel.<\/pee><!-- [et_pb_line_break_holder] -->  <\/div>\n<p><!-- [et_pb_line_break_holder] --><\/div>\n<p><!-- [et_pb_line_break_holder] --><!-- [et_pb_line_break_holder] -->[\/et_pb_code][\/et_pb_column][\/et_pb_row][\/et_pb_section]<\/p>","protected":false},"excerpt":{"rendered":"<p>Ein Klick auf das Thema f\u00fchrt Sie direkt in das betreffende Kapitel des Ratgebers: Neuer Kunde &#8211; neues Risiko Die korrekte Rechnung Richtig mahnen Betreibungsbegehren Rechtsvorschlag Betreibung auf Pf\u00e4ndung Betreibung auf Konkurs Zum Ratgeber Werden Sie zum Inkasso-Spezialisten Ihres Unternehmens. Nach diesem Online-Kurs organisieren Sie Ihr Forderungsmanagement effizient, stellen Rechnungen und Mahnungen korrekt aus und [&hellip;]<\/p>","protected":false},"author":2,"featured_media":0,"parent":0,"menu_order":0,"comment_status":"closed","ping_status":"closed","template":"","meta":{"_et_pb_use_builder":"on","_et_pb_old_content":"","_et_gb_content_width":"","inline_featured_image":false,"footnotes":""},"class_list":["post-29932","page","type-page","status-publish","hentry"],"_links":{"self":[{"href":"https:\/\/betreibung.operate.ch\/en\/wp-json\/wp\/v2\/pages\/29932","targetHints":{"allow":["GET"]}}],"collection":[{"href":"https:\/\/betreibung.operate.ch\/en\/wp-json\/wp\/v2\/pages"}],"about":[{"href":"https:\/\/betreibung.operate.ch\/en\/wp-json\/wp\/v2\/types\/page"}],"author":[{"embeddable":true,"href":"https:\/\/betreibung.operate.ch\/en\/wp-json\/wp\/v2\/users\/2"}],"replies":[{"embeddable":true,"href":"https:\/\/betreibung.operate.ch\/en\/wp-json\/wp\/v2\/comments?post=29932"}],"version-history":[{"count":6,"href":"https:\/\/betreibung.operate.ch\/en\/wp-json\/wp\/v2\/pages\/29932\/revisions"}],"predecessor-version":[{"id":49119,"href":"https:\/\/betreibung.operate.ch\/en\/wp-json\/wp\/v2\/pages\/29932\/revisions\/49119"}],"wp:attachment":[{"href":"https:\/\/betreibung.operate.ch\/en\/wp-json\/wp\/v2\/media?parent=29932"}],"curies":[{"name":"wp","href":"https:\/\/api.w.org\/{rel}","templated":true}]}}