{"id":30131,"date":"2025-08-10T15:48:44","date_gmt":"2025-08-10T14:48:44","guid":{"rendered":"https:\/\/betreibung.operate.ch\/?page_id=30131"},"modified":"2025-12-26T14:23:12","modified_gmt":"2025-12-26T13:23:12","slug":"betreibungsauszug-bestellen","status":"publish","type":"page","link":"https:\/\/betreibung.operate.ch\/en\/old\/betreibungsauszug-bestellen\/","title":{"rendered":"betreibungsauszug bestellen"},"content":{"rendered":"<p>[et_pb_section fb_built=&#8220;1&#8243; module_id=&#8220;main-order-container&#8220; _builder_version=&#8220;4.27.4&#8243; _module_preset=&#8220;default&#8220; background_enable_color=&#8220;off&#8220; background_enable_image=&#8220;off&#8220; background_size=&#8220;custom&#8220; background_image_height=&#8220;800px&#8220; background_position=&#8220;top_left&#8220; background_horizontal_offset=&#8220;-600px&#8220; background_vertical_offset=&#8220;-250px&#8220; max_width=&#8220;100%&#8220; custom_margin=&#8220;24px||24px||true|false&#8220; custom_padding=&#8220;0px||0px||true|false&#8220; top_divider_height=&#8220;250px&#8220; top_divider_repeat=&#8220;1x&#8220; top_divider_flip=&#8220;vertical&#8220; background_last_edited=&#8220;off|desktop&#8220; background_image_width_phone=&#8220;400px&#8220; background_image_height_tablet=&#8220;500px&#8220; background_image_height_phone=&#8220;auto&#8220; background_position_tablet=&#8220;bottom_center&#8220; background_vertical_offset_tablet=&#8220;-200px&#8220; background_vertical_offset_phone=&#8220;-128px&#8220; background_enable_mask_style_tablet=&#8220;off&#8220; background_mask_transform_tablet=&#8220;invert&#8220; background_mask_aspect_ratio_tablet=&#8220;portrait&#8220; background_mask_size_tablet=&#8220;cover&#8220; background_mask_position_tablet=&#8220;top_right&#8220; global_colors_info=&#8220;{%22gcid-e9414619-fc0d-410a-a4a7-3004e25581a7%22:%91%22background_mask_color%22%93}&#8220;][et_pb_row custom_padding_last_edited=&#8220;on|desktop&#8220; _builder_version=&#8220;4.27.4&#8243; _module_preset=&#8220;default&#8220; width=&#8220;100%&#8220; max_width=&#8220;2560px&#8220; custom_margin=&#8220;0px||0px||true|false&#8220; custom_padding=&#8220;0px|72px|0px|72px|true|true&#8220; custom_padding_tablet=&#8220;0px|32px|0px|32px|true|true&#8220; custom_padding_phone=&#8220;0px|16px|0px|16px|true|true&#8220; custom_css_main_element=&#8220;display:flex;||flex-flow:row wrap;||align-items:flex-start;||&#8220; global_colors_info=&#8220;{}&#8220; custom_css_main_element_last_edited=&#8220;on|tablet&#8220; custom_css_main_element_tablet=&#8220;display:flex;||flex-flow:row wrap;||align-items:flex-start;||&#8220; custom_css_main_element_phone=&#8220;display:flex;||flex-flow:row wrap;||align-items:flex-start;||&#8220;][et_pb_column type=&#8220;4_4&#8243; _builder_version=&#8220;4.27.4&#8243; _module_preset=&#8220;default&#8220; background_color=&#8220;#FFFFFF&#8220; custom_padding=&#8220;0px|0px|24px|0px|false|true&#8220; custom_css_main_element=&#8220;min-height:470px;||display:flex;||flex-direction:column;&#8220; border_radii=&#8220;on|8px|8px|8px|8px&#8220; border_color_all=&#8220;RGBA(255,255,255,0)&#8220; global_colors_info=&#8220;{}&#8220;][et_pb_text _builder_version=&#8220;4.27.4&#8243; _module_preset=&#8220;default&#8220; text_font=&#8220;||||||||&#8220; text_text_color=&#8220;#1a2b49&#8243; text_font_size=&#8220;1.4rem&#8220; header_font=&#8220;||||||||&#8220; header_text_color=&#8220;#1a2b49&#8243; header_font_size=&#8220;40px&#8220; header_line_height=&#8220;45px&#8220; custom_margin=&#8220;0px||16px||false|false&#8220; header_font_size_tablet=&#8220;40px&#8220; header_font_size_phone=&#8220;40px&#8220; header_font_size_last_edited=&#8220;on|desktop&#8220; text_orientation_tablet=&#8220;center&#8220; text_orientation_phone=&#8220;center&#8220; text_orientation_last_edited=&#8220;on|phone&#8220; global_colors_info=&#8220;{}&#8220;]<\/p>\n<p style=\"text-align: left;\">Order now, receive in less than 24 hours.<\/p>\n<p>[\/et_pb_text][et_pb_wpt_gravityform gravityform_id=&#8220;gf-10&#8243; title=&#8220;off&#8220; description=&#8220;off&#8220; description_custom_margin=&#8220;0|0|0px|0|false|false&#8220; text_input_bg_color=&#8220;#FFFFFF&#8220; text_input_custom_padding=&#8220;0.75em|0.75em|0.75em|0.75em|true|true&#8220; progress_bar_title_custom_margin=&#8220;8px|0px|8px|0px|true|true&#8220; checkbox_radio_field_custom_margin=&#8220;0px|0|0px|0|false|false&#8220; _builder_version=&#8220;4.27.4&#8243; _module_preset=&#8220;default&#8220; label_text_color=&#8220;gcid-8a1878b4-0308-42fd-8298-111890f12610&#8243; label_font_size=&#8220;0.88rem&#8220; label_line_height=&#8220;1rem&#8220; field_description_text_color=&#8220;gcid-8a1878b4-0308-42fd-8298-111890f12610&#8243; custom_form_button=&#8220;on&#8220; form_button_text_size=&#8220;1.1rem&#8220; form_button_text_color=&#8220;#FFFFFF&#8220; form_button_bg_color=&#8220;#a55050&#8243; form_button_border_radius=&#8220;0.5rem&#8220; form_button_custom_margin=&#8220;||0px||false|false&#8220; custom_margin=&#8220;0px||0px||true|false&#8220; custom_padding=&#8220;||0px||false|false&#8220; custom_css_main_element=&#8220;margin:0px !important;&#8220; custom_css_button=&#8220;display:flex;||justify-content:space-between;||transition: transform 0.3s cubic-bezier(0, 0, 0, 2);&#8220; border_radii=&#8220;on|3px|3px|3px|3px&#8220; border_radii_input_general=&#8220;on|8px|8px|8px|8px&#8220; border_width_all_input_general=&#8220;2px&#8220; global_colors_info=&#8220;{%22gcid-8a1878b4-0308-42fd-8298-111890f12610%22:%91%22label_text_color%22,%22field_description_text_color%22,%22form_button_border_color__hover%22%93}&#8220; form_button_border_color__hover_enabled=&#8220;on|hover&#8220; form_button_border_color__hover=&#8220;#1a2b49&#8243; form_button_bg_color__hover_enabled=&#8220;on|hover&#8220; form_button_bg_color__hover=&#8220;#a55050&#8243; form_button_bg_enable_color__hover=&#8220;on&#8220;][\/et_pb_wpt_gravityform][et_pb_text _builder_version=&#8220;4.27.4&#8243; _module_preset=&#8220;default&#8220; text_text_color=&#8220;#1a2b49&#8243; header_font=&#8220;||||||||&#8220; header_text_color=&#8220;#1a2b49&#8243; header_font_size=&#8220;40px&#8220; header_line_height=&#8220;45px&#8220; custom_margin=&#8220;0px||0px||true|false&#8220; header_font_size_tablet=&#8220;40px&#8220; header_font_size_phone=&#8220;40px&#8220; header_font_size_last_edited=&#8220;on|desktop&#8220; text_orientation_tablet=&#8220;center&#8220; text_orientation_phone=&#8220;&#8220; text_orientation_last_edited=&#8220;on|phone&#8220; custom_css_main_element=&#8220;margin-top: auto !important;&#8220; global_colors_info=&#8220;{}&#8220;]<\/p>\n<p><!--<\/p>\n\n\n\n\n<div class=\"main-form-header\">\n\n\n<div><\/div>\n\n\n\n\n<h2 class=\"main-form-header__price_amount\">CHF <span class=\"price_amount_number_footer\">[default_price]<\/span><\/h2>\n\n\n<\/div>\n\n\n\n\n<p><span class=\"main-form-header__price_desc\">inklusive allen Geb\u00fchren<\/span><\/p>\n\n\n\n\n<p>--><\/p>\n<p>[\/et_pb_text][\/et_pb_column][\/et_pb_row][\/et_pb_section][et_pb_section fb_built=&#8220;1&#8243; custom_padding_last_edited=&#8220;off|desktop&#8220; admin_label=&#8220;Section&#8220; module_class=&#8220;plusServiceOverlay&#8220; _builder_version=&#8220;4.19.5&#8243; _module_preset=&#8220;default&#8220; width=&#8220;700px&#8220; width_tablet=&#8220;100%&#8220; width_phone=&#8220;100%&#8220; width_last_edited=&#8220;on|phone&#8220; max_width_last_edited=&#8220;off|desktop&#8220; custom_margin=&#8220;0px||0px||true|false&#8220; custom_padding=&#8220;0px||0px||true|true&#8220; custom_padding_tablet=&#8220;|32px||32px|false|true&#8220; custom_padding_phone=&#8220;|16px||16px|false|true&#8220; custom_css_main_element=&#8220;display:none;&#8220; border_radii=&#8220;on|5px|5px|5px|5px&#8220; global_colors_info=&#8220;{}&#8220;][et_pb_row custom_padding_last_edited=&#8220;off|tablet&#8220; module_class=&#8220;plusServiceOverlayPopup&#8220; _builder_version=&#8220;4.19.5&#8243; _module_preset=&#8220;default&#8220; background_color=&#8220;#FFFFFF&#8220; width=&#8220;100%&#8220; module_alignment=&#8220;center&#8220; custom_margin=&#8220;0px|0px|0px|0px|true|true&#8220; custom_padding=&#8220;0px|0px|0px|0px|true|true&#8220; custom_padding_tablet=&#8220;|32px||32px|false|true&#8220; custom_padding_phone=&#8220;|16px||16px|false|true&#8220; border_width_bottom=&#8220;1px&#8220; border_color_bottom=&#8220;#ebeef1&#8243; global_colors_info=&#8220;{}&#8220;][et_pb_column type=&#8220;4_4&#8243; _builder_version=&#8220;4.19.5&#8243; _module_preset=&#8220;default&#8220; global_colors_info=&#8220;{}&#8220;][et_pb_text _builder_version=&#8220;4.27.4&#8243; _module_preset=&#8220;default&#8220; text_font_size=&#8220;1rem&#8220; text_line_height=&#8220;1.4rem&#8220; global_colors_info=&#8220;{}&#8220;]<\/p>\n<div class=\"summaryAddedServicPopupHeader\">\n<div class=\"summaryAddedServicPopupContainer\">\n<div class=\"summaryAddedServicPopupInside_img\"><img decoding=\"async\" src=\"https:\/\/bspluswp.operate.ch\/wp-content\/uploads\/2023\/03\/cropped-betreibungsauszug-site-icon.png\" width=\"40px\" \/><\/div>\n<div class=\"summaryAddedServicPopupInside_right\">\n<div class=\"summaryAddedServicPopupInside_right__container\">\n<div class=\"summaryAddedServicPopupInside_right__container__title\"><strong>Original certified debt collection extract<\/strong> - Online and secure<\/div>\n<div class=\"summaryAddedServicPopupInside_right__container__price\">\n<p><!--<\/p>\n\n\n\n\n<div class=\"summaryAddedServicPopup_zurZahlung-button\">Zur Zahlung<\/div>\n\n\n\n\n<p>--><\/p>\n<\/div>\n<\/div>\n<p><strong>CHF 29.50<\/strong><br \/><span class=\"summaryAddedService\"><svg fill=\"none\" viewbox=\"0 0 16 16\" width=\"18\" height=\"18\" class=\"summaryAddedService_svg\"><\/svg><path fill=\"#007850\" fill-rule=\"evenodd\" d=\"m13.213 4-7.616 7.459-2.81-2.753L2 9.477 5.597 13 14 4.77 13.213 4Z\" clip-rule=\"evenodd\"><\/path> <!--Hinzugef\u00fcgt--><\/span><\/p>\n<\/div>\n<\/div>\n<\/div>\n<div class=\"summaryAddedServicPopupFooter\">\n<h3>Recommended additional service<\/h3>\n<div class=\"summaryAddedServicPopupAdditionalServiceContainer\">\n<div class=\"summaryAddedServicPopupContainer\">\n<div class=\"summaryAddedServicPopupInside_img\"><img decoding=\"async\" src=\"https:\/\/bspluswp.operate.ch\/wp-content\/uploads\/2023\/05\/cropped-betreibungsauszug-plus-1.png\" width=\"40px\" \/><\/div>\n<div class=\"summaryAddedServicPopupInside_right\">\n<div class=\"summaryAddedServicPopupInside_right__container\">\n<div class=\"summaryAddedServicPopupInside_right__container__title\"><strong>Creditworthiness certificate (+Plus)<\/strong><\/div>\n<div class=\"summaryAddedServicPopupInside_right__container__price\"><\/div>\n<\/div>\n<p><strong>CHF 25.00<\/strong><br \/>Better chances for job applications<\/p>\n<ul>\n<li>Recognised and valued by landlords, employers, lenders<\/li>\n<li>In-depth credit check - online and secure<\/li>\n<\/ul>\n<\/div>\n<\/div>\n<div class=\"summaryAddedServicPopupAddService-button\">+ Add<\/div>\n<\/div>\n<div class=\"summaryAddedServicPopup_checkout__button\">Continue to payment<img decoding=\"async\" src=\"https:\/\/bspluswp.operate.ch\/wp-content\/uploads\/2023\/05\/Loading_icon-1.gif\" class=\"summaryAddedServicPopup_checkout__button__loading\" \/><\/div>\n<\/div>\n<p>[\/et_pb_text][et_pb_code _builder_version=&#8220;4.27.4&#8243; _module_preset=&#8220;default&#8220; global_colors_info=&#8220;{}&#8220;]<script><!-- [et_pb_line_break_holder] -->(function () {<!-- [et_pb_line_break_holder] -->  function postHeight(reason) {<!-- [et_pb_line_break_holder] -->    var el = document.getElementById('main-order-container');<!-- [et_pb_line_break_holder] -->    if (!el) return;<!-- [et_pb_line_break_holder] --><!-- [et_pb_line_break_holder] -->    \/\/ Measure the container and add 30px buffer<!-- [et_pb_line_break_holder] -->    var h = el.scrollHeight + 150;<!-- [et_pb_line_break_holder] -->    parent.postMessage({ type: 'IFRAME_HEIGHT', height: h }, '*');<!-- [et_pb_line_break_holder] --><!-- [et_pb_line_break_holder] -->    \/\/ Debug (optional)<!-- [et_pb_line_break_holder] -->    \/\/ console.log('[CHILD] send height:', h, 'reason:', reason);<!-- [et_pb_line_break_holder] -->  }<!-- [et_pb_line_break_holder] --><!-- [et_pb_line_break_holder] -->  \/\/ Initial sends<!-- [et_pb_line_break_holder] -->  window.addEventListener('load', function () { postHeight('load'); });<!-- [et_pb_line_break_holder] -->  window.addEventListener('resize', function () { postHeight('resize'); });<!-- [et_pb_line_break_holder] --><!-- [et_pb_line_break_holder] -->  \/\/ Watch the container for DOM changes<!-- [et_pb_line_break_holder] -->  var el = document.getElementById('main-order-container');<!-- [et_pb_line_break_holder] -->  if (el) {<!-- [et_pb_line_break_holder] -->    new MutationObserver(function () { postHeight('mutation'); })<!-- [et_pb_line_break_holder] -->      .observe(el, { childList: true, subtree: true, attributes: true });<!-- [et_pb_line_break_holder] --><!-- [et_pb_line_break_holder] -->    if ('ResizeObserver' in window) {<!-- [et_pb_line_break_holder] -->      new ResizeObserver(function () { postHeight('resize-observer'); })<!-- [et_pb_line_break_holder] -->        .observe(el);<!-- [et_pb_line_break_holder] -->    }<!-- [et_pb_line_break_holder] -->  }<!-- [et_pb_line_break_holder] --><!-- [et_pb_line_break_holder] -->  \/\/ Safety net: ping every second<!-- [et_pb_line_break_holder] -->  setInterval(function () { postHeight('interval'); }, 1000);<!-- [et_pb_line_break_holder] -->})();<!-- [et_pb_line_break_holder] --><\/script><!-- [et_pb_line_break_holder] -->[\/et_pb_code][et_pb_code _builder_version=&#8220;4.27.4&#8243; _module_preset=&#8220;default&#8220; global_colors_info=&#8220;{}&#8220;]<script><!-- [et_pb_line_break_holder] -->(function () {<!-- [et_pb_line_break_holder] -->  \/\/ helper: tell parent to scroll to the iframe<!-- [et_pb_line_break_holder] -->  function askParentToScroll(reason, extra) {<!-- [et_pb_line_break_holder] -->    parent.postMessage({ type: 'IFRAME_SCROLL_TO', reason: reason, extra: extra || {} }, '*');<!-- [et_pb_line_break_holder] -->  }<!-- [et_pb_line_break_holder] --><!-- [et_pb_line_break_holder] -->  \/\/ GF built-in event fires after a page in a multi-page form is loaded<!-- [et_pb_line_break_holder] -->  \/\/ (works for Next\/Back and AJAX pagination)<!-- [et_pb_line_break_holder] -->  if (window.jQuery) {<!-- [et_pb_line_break_holder] -->    jQuery(document).on('gform_page_loaded', function (event, formId, currentPage) {<!-- [et_pb_line_break_holder] -->      askParentToScroll('gform_page_loaded', { formId: formId, page: currentPage });<!-- [et_pb_line_break_holder] -->    });<!-- [et_pb_line_break_holder] --><!-- [et_pb_line_break_holder] -->    \/\/ Also fire immediately on click (for snappier UX)<!-- [et_pb_line_break_holder] -->    jQuery(document).on('click', '.gform_next_button, .gform_previous_button, .paymentContainer__footer', function () {<!-- [et_pb_line_break_holder] -->      askParentToScroll('gform_nav_click', { which: this.className });<!-- [et_pb_line_break_holder] -->    });<!-- [et_pb_line_break_holder] -->  } else {<!-- [et_pb_line_break_holder] -->    \/\/ Fallback if jQuery not available: delegate clicks<!-- [et_pb_line_break_holder] -->    document.addEventListener('click', function (e) {<!-- [et_pb_line_break_holder] -->      var el = e.target;<!-- [et_pb_line_break_holder] -->      if (!el) return;<!-- [et_pb_line_break_holder] -->      if (el.classList && (el.classList.contains('gform_next_button') || el.classList.contains('gform_previous_button') || el.classList.contains('paymentContainer__footer'))) {<!-- [et_pb_line_break_holder] -->        askParentToScroll('gform_nav_click', { which: el.className });<!-- [et_pb_line_break_holder] -->      }<!-- [et_pb_line_break_holder] -->    });<!-- [et_pb_line_break_holder] -->  }<!-- [et_pb_line_break_holder] -->})();<!-- [et_pb_line_break_holder] --><\/script><!-- [et_pb_line_break_holder] -->[\/et_pb_code][\/et_pb_column][\/et_pb_row][\/et_pb_section]<\/p>","protected":false},"excerpt":{"rendered":"<p>Jetzt bestellen, in weniger als 24 Stunden erhalten. Original zertifizierter Betreibungsauszug \u2013 Online und Sicher CHF 29.50 Empfohlener Zusatzservice Bonit\u00e4tszertifikat (+Plus) CHF 25.00Bessere Chancen bei Bewerbungen Anerkannt und gesch\u00e4tzt von Vermietern, Arbeitgebern, Kreditgebern Vertiefte Bonit\u00e4tspr\u00fcfung &#8211; Online und Sicher + Hinzuf\u00fcgen Weiter zur Zahlung<\/p>","protected":false},"author":1,"featured_media":0,"parent":49091,"menu_order":0,"comment_status":"closed","ping_status":"closed","template":"","meta":{"_et_pb_use_builder":"on","_et_pb_old_content":"","_et_gb_content_width":"","inline_featured_image":false,"footnotes":""},"class_list":["post-30131","page","type-page","status-publish","hentry"],"_links":{"self":[{"href":"https:\/\/betreibung.operate.ch\/en\/wp-json\/wp\/v2\/pages\/30131","targetHints":{"allow":["GET"]}}],"collection":[{"href":"https:\/\/betreibung.operate.ch\/en\/wp-json\/wp\/v2\/pages"}],"about":[{"href":"https:\/\/betreibung.operate.ch\/en\/wp-json\/wp\/v2\/types\/page"}],"author":[{"embeddable":true,"href":"https:\/\/betreibung.operate.ch\/en\/wp-json\/wp\/v2\/users\/1"}],"replies":[{"embeddable":true,"href":"https:\/\/betreibung.operate.ch\/en\/wp-json\/wp\/v2\/comments?post=30131"}],"version-history":[{"count":64,"href":"https:\/\/betreibung.operate.ch\/en\/wp-json\/wp\/v2\/pages\/30131\/revisions"}],"predecessor-version":[{"id":49095,"href":"https:\/\/betreibung.operate.ch\/en\/wp-json\/wp\/v2\/pages\/30131\/revisions\/49095"}],"up":[{"embeddable":true,"href":"https:\/\/betreibung.operate.ch\/en\/wp-json\/wp\/v2\/pages\/49091"}],"wp:attachment":[{"href":"https:\/\/betreibung.operate.ch\/en\/wp-json\/wp\/v2\/media?parent=30131"}],"curies":[{"name":"wp","href":"https:\/\/api.w.org\/{rel}","templated":true}]}}