{"id":30644,"date":"2025-12-15T08:48:50","date_gmt":"2025-12-15T07:48:50","guid":{"rendered":"https:\/\/betreibung.operate.ch\/?page_id=30644"},"modified":"2025-12-30T12:14:53","modified_gmt":"2025-12-30T11:14:53","slug":"betreibungsauszug","status":"publish","type":"page","link":"https:\/\/betreibung.operate.ch\/en\/betreibungsauszug\/","title":{"rendered":"Debt enforcement extract"},"content":{"rendered":"<p>[et_pb_section fb_built=&#8220;1&#8243; fullwidth=&#8220;on&#8220; _builder_version=&#8220;4.27.4&#8243; _module_preset=&#8220;default&#8220; custom_margin=&#8220;0px|0px|0px|0px|false|false&#8220; locked=&#8220;off&#8220; global_colors_info=&#8220;{}&#8220;][et_pb_fullwidth_code _builder_version=&#8220;4.27.4&#8243; _module_preset=&#8220;default&#8220; global_colors_info=&#8220;{}&#8220;]<!-- BETREIBUNGSAUSZUG HERO --><!-- [et_pb_line_break_holder] --><!-- [et_pb_line_break_holder] --><\/p>\n<div class=\"ba-hero\"><!-- [et_pb_line_break_holder] -->    <\/p>\n<div class=\"ba-hero-content\"><!-- [et_pb_line_break_holder] -->        <\/p>\n<h1 class=\"ba-hero-title\">Order debt collection extract online<\/h1>\n<p><!-- [et_pb_line_break_holder] -->        <\/p>\n<div class=\"ba-hero-price\">ab CHF 29.50<\/div>\n<p><!-- [et_pb_line_break_holder] -->        <pee class=\"ba-hero-description\">Bestellen Sie Ihren Betreibungsauszug in unter 2 Minuten \u2013 rechtssicher und express geliefert.<\/pee><!-- [et_pb_line_break_holder] -->    <\/div>\n<p><!-- [et_pb_line_break_holder] --><\/div>\n<p>[\/et_pb_fullwidth_code][\/et_pb_section][et_pb_section fb_built=&#8220;1&#8243; _builder_version=&#8220;4.27.4&#8243; _module_preset=&#8220;default&#8220; global_colors_info=&#8220;{}&#8220;][et_pb_row column_structure=&#8220;1_3,1_3,1_3&#8243; use_custom_gutter=&#8220;on&#8220; gutter_width=&#8220;2&#8243; _builder_version=&#8220;4.27.4&#8243; _module_preset=&#8220;default&#8220; width=&#8220;90%&#8220; max_width=&#8220;1440px&#8220; custom_padding=&#8220;|10px||10px|false|false&#8220; global_colors_info=&#8220;{}&#8220;][et_pb_column type=&#8220;1_3&#8243; _builder_version=&#8220;4.27.4&#8243; _module_preset=&#8220;default&#8220; global_colors_info=&#8220;{}&#8220;][et_pb_code _builder_version=&#8220;4.27.4&#8243; _module_preset=&#8220;default&#8220; global_colors_info=&#8220;{}&#8220;]<!-- Card 1: Selbstauskunft --><!-- [et_pb_line_break_holder] --><\/p>\n<div class=\"ba-product-card\"><!-- [et_pb_line_break_holder] --><\/p>\n<h3 class=\"ba-product-title\">Selbstauskunft<\/h3>\n<p><!-- [et_pb_line_break_holder] --><\/p>\n<div class=\"ba-product-price\">CHF 29.50<\/div>\n<p><!-- [et_pb_line_break_holder] --><pee class=\"ba-product-description\">Betreibungsauszug \u00fcber sich selbst bestellen. Ideal f\u00fcr Wohnungsbewerbungen und Kreditantr\u00e4ge.<\/pee><!-- [et_pb_line_break_holder] --><\/p>\n<div class=\"ba-product-requirements\"><!-- [et_pb_line_break_holder] --><strong>Ben\u00f6tigt:<\/strong><!-- [et_pb_line_break_holder] -->Ihre Personalien, Wohnadresse und Ausweisdokument.<!-- [et_pb_line_break_holder] --><\/div>\n<p><!-- [et_pb_line_break_holder] --><a href=\"\/bestellen\/betreibungsauszug\/\" class=\"ba-product-button\">Order now<\/a><!-- [et_pb_line_break_holder] --><\/div>\n<p>[\/et_pb_code][\/et_pb_column][et_pb_column type=&#8220;1_3&#8243; _builder_version=&#8220;4.27.4&#8243; _module_preset=&#8220;default&#8220; global_colors_info=&#8220;{}&#8220;][et_pb_code _builder_version=&#8220;4.27.4&#8243; _module_preset=&#8220;default&#8220; global_colors_info=&#8220;{}&#8220;]<\/p>\n<div class=\"ba-product-card\"><!-- [et_pb_line_break_holder] --><\/p>\n<h3 class=\"ba-product-title\">Auszug Drittperson<\/h3>\n<p><!-- [et_pb_line_break_holder] --><\/p>\n<div class=\"ba-product-price\">CHF 29.50<\/div>\n<p><!-- [et_pb_line_break_holder] --><pee class=\"ba-product-description\">Betreibungsauszug \u00fcber eine andere Person einholen. Rechtssicher mit Vollmacht.<\/pee><!-- [et_pb_line_break_holder] --><\/p>\n<div class=\"ba-product-requirements\"><!-- [et_pb_line_break_holder] --><strong>Ben\u00f6tigt:<\/strong><!-- [et_pb_line_break_holder] -->Personalien der Person + Interessensnachweis<!-- [et_pb_line_break_holder] --><\/div>\n<p><!-- [et_pb_line_break_holder] --><a href=\"#\" class=\"ba-product-button\">Order now<\/a><!-- [et_pb_line_break_holder] --><\/div>\n<p>[\/et_pb_code][\/et_pb_column][et_pb_column type=&#8220;1_3&#8243; _builder_version=&#8220;4.27.4&#8243; _module_preset=&#8220;default&#8220; global_colors_info=&#8220;{}&#8220;][et_pb_code _builder_version=&#8220;4.27.4&#8243; _module_preset=&#8220;default&#8220; global_colors_info=&#8220;{}&#8220;]<\/p>\n<div class=\"ba-product-card\"><!-- [et_pb_line_break_holder] --><\/p>\n<h3 class=\"ba-product-title\">Debt enforcement extract Plus<\/h3>\n<p><!-- [et_pb_line_break_holder] --><\/p>\n<div class=\"ba-product-price\">CHF 54.50<\/div>\n<p><!-- [et_pb_line_break_holder] --><pee class=\"ba-product-description\">Erweiterte Auskunft mit zus\u00e4tzlichen Informationen und Bonit\u00e4tspr\u00fcfung.<\/pee><!-- [et_pb_line_break_holder] --><\/p>\n<div class=\"ba-product-requirements\"><!-- [et_pb_line_break_holder] --><strong>Inkludiert:<\/strong><!-- [et_pb_line_break_holder] -->Betreibungsauszug + Bonit\u00e4tspr\u00fcfung<!-- [et_pb_line_break_holder] --><\/div>\n<p><!-- [et_pb_line_break_holder] --><a href=\"\/bestellen\/betreibungsauszug\/\" class=\"ba-product-button\">Order now<\/a><!-- [et_pb_line_break_holder] --><\/div>\n<p>[\/et_pb_code][\/et_pb_column][\/et_pb_row][\/et_pb_section][et_pb_section fb_built=&#8220;1&#8243; fullwidth=&#8220;on&#8220; _builder_version=&#8220;4.27.4&#8243; _module_preset=&#8220;default&#8220; custom_padding=&#8220;|||12px||&#8220; global_colors_info=&#8220;{}&#8220;][et_pb_fullwidth_code _builder_version=&#8220;4.27.4&#8243; _module_preset=&#8220;default&#8220; global_colors_info=&#8220;{}&#8220;]<!-- BETREIBUNGSAUSZUG FEATURES --><!-- [et_pb_line_break_holder] --><!-- [et_pb_line_break_holder] --><\/p>\n<div class=\"ba-features\"><!-- [et_pb_line_break_holder] -->    <\/p>\n<div class=\"ba-features-grid\"><!-- [et_pb_line_break_holder] -->        <!-- [et_pb_line_break_holder] -->        <\/p>\n<div class=\"ba-feature-item\"><!-- [et_pb_line_break_holder] -->            <\/p>\n<div class=\"ba-feature-icon\"><!-- [et_pb_line_break_holder] -->                <svg fill=\"none\" stroke=\"currentColor\" viewbox=\"0 0 24 24\"><!-- [et_pb_line_break_holder] -->                    <path stroke-linecap=\"round\" stroke-linejoin=\"round\" stroke-width=\"2\" d=\"M9.75 17L9 20l-1 1h8l-1-1-.75-3M3 13h18M5 17h14a2 2 0 002-2V5a2 2 0 00-2-2H5a2 2 0 00-2 2v10a2 2 0 002 2z\"\/><!-- [et_pb_line_break_holder] -->                <\/svg><!-- [et_pb_line_break_holder] -->            <\/div>\n<p><!-- [et_pb_line_break_holder] -->            <\/p>\n<h3 class=\"ba-feature-title\">100% Online<\/h3>\n<p><!-- [et_pb_line_break_holder] -->            <pee class=\"ba-feature-description\">Bestellen Sie bequem von zu Hause aus \u2013 keine Beh\u00f6rdeng\u00e4nge n\u00f6tig.<\/pee><!-- [et_pb_line_break_holder] -->        <\/div>\n<p><!-- [et_pb_line_break_holder] --><!-- [et_pb_line_break_holder] -->        <\/p>\n<div class=\"ba-feature-item\"><!-- [et_pb_line_break_holder] -->            <\/p>\n<div class=\"ba-feature-icon\"><!-- [et_pb_line_break_holder] -->                <svg fill=\"none\" stroke=\"currentColor\" viewbox=\"0 0 24 24\"><!-- [et_pb_line_break_holder] -->                    <path stroke-linecap=\"round\" stroke-linejoin=\"round\" stroke-width=\"2\" d=\"M13 10V3L4 14h7v7l9-11h-7z\"\/><!-- [et_pb_line_break_holder] -->                <\/svg><!-- [et_pb_line_break_holder] -->            <\/div>\n<p><!-- [et_pb_line_break_holder] -->            <\/p>\n<h3 class=\"ba-feature-title\">Express-Lieferung<\/h3>\n<p><!-- [et_pb_line_break_holder] -->            <pee class=\"ba-feature-description\">Erhalten Sie Ihren Betreibungsauszug innert weniger Stunden.<\/pee><!-- [et_pb_line_break_holder] -->        <\/div>\n<p><!-- [et_pb_line_break_holder] --><!-- [et_pb_line_break_holder] -->        <\/p>\n<div class=\"ba-feature-item\"><!-- [et_pb_line_break_holder] -->            <\/p>\n<div class=\"ba-feature-icon\"><!-- [et_pb_line_break_holder] -->                <svg fill=\"none\" stroke=\"currentColor\" viewbox=\"0 0 24 24\"><!-- [et_pb_line_break_holder] -->                    <path stroke-linecap=\"round\" stroke-linejoin=\"round\" stroke-width=\"2\" d=\"M9 12l2 2 4-4m5.618-4.016A11.955 11.955 0 0112 2.944a11.955 11.955 0 01-8.618 3.04A12.02 12.02 0 003 9c0 5.591 3.824 10.29 9 11.622 5.176-1.332 9-6.03 9-11.622 0-1.042-.133-2.052-.382-3.016z\"\/><!-- [et_pb_line_break_holder] -->                <\/svg><!-- [et_pb_line_break_holder] -->            <\/div>\n<p><!-- [et_pb_line_break_holder] -->            <\/p>\n<h3 class=\"ba-feature-title\">Offizieller Auszug<\/h3>\n<p><!-- [et_pb_line_break_holder] -->            <pee class=\"ba-feature-description\">Rechtsg\u00fcltiger Auszug direkt vom Betreibungsamt.<\/pee><!-- [et_pb_line_break_holder] -->        <\/div>\n<p><!-- [et_pb_line_break_holder] --><!-- [et_pb_line_break_holder] -->    <\/div>\n<p><!-- [et_pb_line_break_holder] --><\/div>\n<p>[\/et_pb_fullwidth_code][\/et_pb_section][et_pb_section fb_built=&#8220;1&#8243; _builder_version=&#8220;4.27.4&#8243; _module_preset=&#8220;default&#8220; global_colors_info=&#8220;{}&#8220;][et_pb_row _builder_version=&#8220;4.27.4&#8243; _module_preset=&#8220;default&#8220; width=&#8220;90%&#8220; max_width=&#8220;1440px&#8220; global_colors_info=&#8220;{}&#8220;][et_pb_column type=&#8220;4_4&#8243; _builder_version=&#8220;4.27.4&#8243; _module_preset=&#8220;default&#8220; global_colors_info=&#8220;{}&#8220;][et_pb_code _builder_version=&#8220;4.27.4&#8243; _module_preset=&#8220;default&#8220; global_colors_info=&#8220;{}&#8220;]<!-- BETREIBUNGSAUSZUG PROZESS --><!-- [et_pb_line_break_holder] --><!-- [et_pb_line_break_holder] --><\/p>\n<div class=\"ba-process\"><!-- [et_pb_line_break_holder] -->    <\/p>\n<h2 class=\"ba-section-title\">In 3 einfachen Schritten<\/h2>\n<p><!-- [et_pb_line_break_holder] -->    <!-- [et_pb_line_break_holder] -->    <\/p>\n<div class=\"ba-steps-grid\"><!-- [et_pb_line_break_holder] -->        <!-- [et_pb_line_break_holder] -->        <\/p>\n<div class=\"ba-step\"><!-- [et_pb_line_break_holder] -->            <\/p>\n<div class=\"ba-step-number\">1<\/div>\n<p><!-- [et_pb_line_break_holder] -->            <\/p>\n<h3 class=\"ba-step-title\">Formular ausf\u00fcllen<\/h3>\n<p><!-- [et_pb_line_break_holder] -->            <pee class=\"ba-step-description\">Geben Sie Ihre Daten ein und w\u00e4hlen Sie die gew\u00fcnschte Auskunft.<\/pee><!-- [et_pb_line_break_holder] -->        <\/div>\n<p><!-- [et_pb_line_break_holder] --><!-- [et_pb_line_break_holder] -->        <\/p>\n<div class=\"ba-step\"><!-- [et_pb_line_break_holder] -->            <\/p>\n<div class=\"ba-step-number\">2<\/div>\n<p><!-- [et_pb_line_break_holder] -->            <\/p>\n<h3 class=\"ba-step-title\">Zahlung abschliessen<\/h3>\n<p><!-- [et_pb_line_break_holder] -->            <pee class=\"ba-step-description\">Bezahlen Sie sicher per Kreditkarte oder Twint.<\/pee><!-- [et_pb_line_break_holder] -->        <\/div>\n<p><!-- [et_pb_line_break_holder] --><!-- [et_pb_line_break_holder] -->        <\/p>\n<div class=\"ba-step\"><!-- [et_pb_line_break_holder] -->            <\/p>\n<div class=\"ba-step-number\">3<\/div>\n<p><!-- [et_pb_line_break_holder] -->            <\/p>\n<h3 class=\"ba-step-title\">Auszug erhalten<\/h3>\n<p><!-- [et_pb_line_break_holder] -->            <pee class=\"ba-step-description\">Erhalten Sie Ihren Betreibungsauszug per E-Mail oder Post.<\/pee><!-- [et_pb_line_break_holder] -->        <\/div>\n<p><!-- [et_pb_line_break_holder] --><!-- [et_pb_line_break_holder] -->    <\/div>\n<p><!-- [et_pb_line_break_holder] --><\/div>\n<p>[\/et_pb_code][\/et_pb_column][\/et_pb_row][\/et_pb_section][et_pb_section fb_built=&#8220;1&#8243; _builder_version=&#8220;4.27.4&#8243; _module_preset=&#8220;default&#8220; global_colors_info=&#8220;{}&#8220;][et_pb_row _builder_version=&#8220;4.27.4&#8243; _module_preset=&#8220;default&#8220; width=&#8220;90%&#8220; max_width=&#8220;1440px&#8220; global_colors_info=&#8220;{}&#8220;][et_pb_column type=&#8220;4_4&#8243; _builder_version=&#8220;4.27.4&#8243; _module_preset=&#8220;default&#8220; global_colors_info=&#8220;{}&#8220;][et_pb_code _builder_version=&#8220;4.27.4&#8243; _module_preset=&#8220;default&#8220; border_radii=&#8220;on|12px|12px|12px|12px&#8220; global_colors_info=&#8220;{}&#8220;]<!-- BETREIBUNGSAUSZUG INFO --><!-- [et_pb_line_break_holder] --><!-- [et_pb_line_break_holder] --><\/p>\n<div class=\"ba-info\"><!-- [et_pb_line_break_holder] -->    <\/p>\n<div class=\"ba-info-content\"><!-- [et_pb_line_break_holder] -->        <\/p>\n<h2 class=\"ba-info-title\">What is the purpose of a debt collection extract?<\/h2>\n<p><!-- [et_pb_line_break_holder] -->        <pee class=\"ba-info-text\">Ein Betreibungsauszug gibt Auskunft \u00fcber Ihre finanzielle Zuverl\u00e4ssigkeit. Er zeigt, ob gegen Sie Betreibungen laufen oder in den letzten 5 Jahren gelaufen sind. Vermieter, Arbeitgeber und Kreditgeber verlangen oft einen aktuellen Betreibungsauszug als Nachweis Ihrer Bonit\u00e4t.<\/pee><!-- [et_pb_line_break_holder] -->    <\/div>\n<p><!-- [et_pb_line_break_holder] --><\/div>\n<p>[\/et_pb_code][\/et_pb_column][\/et_pb_row][\/et_pb_section][et_pb_section fb_built=&#8220;1&#8243; _builder_version=&#8220;4.27.4&#8243; _module_preset=&#8220;default&#8220; global_colors_info=&#8220;{}&#8220;][et_pb_row _builder_version=&#8220;4.27.4&#8243; _module_preset=&#8220;default&#8220; width=&#8220;90%&#8220; max_width=&#8220;1440px&#8220; global_colors_info=&#8220;{}&#8220;][et_pb_column type=&#8220;4_4&#8243; _builder_version=&#8220;4.27.4&#8243; _module_preset=&#8220;default&#8220; global_colors_info=&#8220;{}&#8220;][et_pb_code _builder_version=&#8220;4.27.4&#8243; _module_preset=&#8220;default&#8220; global_colors_info=&#8220;{}&#8220;]<!-- BETREIBUNGSAUSZUG VORTEILE --><!-- [et_pb_line_break_holder] --><!-- [et_pb_line_break_holder] --><\/p>\n<div class=\"ba-advantages\"><!-- [et_pb_line_break_holder] -->    <\/p>\n<h2 class=\"ba-section-title\">Your advantages<\/h2>\n<p><!-- [et_pb_line_break_holder] -->    <!-- [et_pb_line_break_holder] -->    <\/p>\n<div class=\"ba-advantages-grid\"><!-- [et_pb_line_break_holder] -->        <!-- [et_pb_line_break_holder] -->        <\/p>\n<div class=\"ba-advantage-card\"><!-- [et_pb_line_break_holder] -->            <\/p>\n<h3 class=\"ba-advantage-title\">Schnelle Bearbeitung<\/h3>\n<p><!-- [et_pb_line_break_holder] -->            <pee class=\"ba-advantage-description\">Ihr Betreibungsauszug wird innerhalb weniger Stunden bearbeitet und zugestellt.<\/pee><!-- [et_pb_line_break_holder] -->        <\/div>\n<p><!-- [et_pb_line_break_holder] --><!-- [et_pb_line_break_holder] -->        <\/p>\n<div class=\"ba-advantage-card\"><!-- [et_pb_line_break_holder] -->            <\/p>\n<h3 class=\"ba-advantage-title\">Rechtssicherheit<\/h3>\n<p><!-- [et_pb_line_break_holder] -->            <pee class=\"ba-advantage-description\">Offizieller Auszug mit Siegel des Betreibungsamtes \u2013 \u00fcberall anerkannt.<\/pee><!-- [et_pb_line_break_holder] -->        <\/div>\n<p><!-- [et_pb_line_break_holder] --><!-- [et_pb_line_break_holder] -->        <\/p>\n<div class=\"ba-advantage-card\"><!-- [et_pb_line_break_holder] -->            <\/p>\n<h3 class=\"ba-advantage-title\">Transparente Kosten<\/h3>\n<p><!-- [et_pb_line_break_holder] -->            <pee class=\"ba-advantage-description\">Keine versteckten Geb\u00fchren \u2013 der angezeigte Preis ist der Endpreis.<\/pee><!-- [et_pb_line_break_holder] -->        <\/div>\n<p><!-- [et_pb_line_break_holder] --><!-- [et_pb_line_break_holder] -->        <\/p>\n<div class=\"ba-advantage-card\"><!-- [et_pb_line_break_holder] -->            <\/p>\n<h3 class=\"ba-advantage-title\">Datenschutz<\/h3>\n<p><!-- [et_pb_line_break_holder] -->            <pee class=\"ba-advantage-description\">Ihre Daten werden SSL-verschl\u00fcsselt \u00fcbertragen und DSG-konform verarbeitet.<\/pee><!-- [et_pb_line_break_holder] -->        <\/div>\n<p><!-- [et_pb_line_break_holder] --><!-- [et_pb_line_break_holder] -->    <\/div>\n<p><!-- [et_pb_line_break_holder] --><\/div>\n<p>[\/et_pb_code][\/et_pb_column][\/et_pb_row][\/et_pb_section]<\/p>","protected":false},"excerpt":{"rendered":"","protected":false},"author":2,"featured_media":0,"parent":0,"menu_order":0,"comment_status":"closed","ping_status":"closed","template":"","meta":{"_et_pb_use_builder":"on","_et_pb_old_content":"","_et_gb_content_width":"","inline_featured_image":false,"footnotes":""},"class_list":["post-30644","page","type-page","status-publish","hentry"],"_links":{"self":[{"href":"https:\/\/betreibung.operate.ch\/en\/wp-json\/wp\/v2\/pages\/30644","targetHints":{"allow":["GET"]}}],"collection":[{"href":"https:\/\/betreibung.operate.ch\/en\/wp-json\/wp\/v2\/pages"}],"about":[{"href":"https:\/\/betreibung.operate.ch\/en\/wp-json\/wp\/v2\/types\/page"}],"author":[{"embeddable":true,"href":"https:\/\/betreibung.operate.ch\/en\/wp-json\/wp\/v2\/users\/2"}],"replies":[{"embeddable":true,"href":"https:\/\/betreibung.operate.ch\/en\/wp-json\/wp\/v2\/comments?post=30644"}],"version-history":[{"count":16,"href":"https:\/\/betreibung.operate.ch\/en\/wp-json\/wp\/v2\/pages\/30644\/revisions"}],"predecessor-version":[{"id":49109,"href":"https:\/\/betreibung.operate.ch\/en\/wp-json\/wp\/v2\/pages\/30644\/revisions\/49109"}],"wp:attachment":[{"href":"https:\/\/betreibung.operate.ch\/en\/wp-json\/wp\/v2\/media?parent=30644"}],"curies":[{"name":"wp","href":"https:\/\/api.w.org\/{rel}","templated":true}]}}