{"id":29849,"date":"2025-02-03T22:05:20","date_gmt":"2025-02-03T21:05:20","guid":{"rendered":"https:\/\/betreibung.operate.ch\/?page_id=29849"},"modified":"2025-12-27T01:08:38","modified_gmt":"2025-12-27T00:08:38","slug":"angebot-fur-firmen","status":"publish","type":"page","link":"https:\/\/betreibung.operate.ch\/fr\/betreibungsauszug\/angebot-fur-firmen\/","title":{"rendered":"Offre pour les entreprises"},"content":{"rendered":"<p>[et_pb_section fb_built=&#8220;1&#8243; fullwidth=&#8220;on&#8220; _builder_version=&#8220;4.27.4&#8243; _module_preset=&#8220;default&#8220; custom_margin=&#8220;0px|0px|0px|0px|false|false&#8220; locked=&#8220;off&#8220; global_colors_info=&#8220;{}&#8220;][et_pb_fullwidth_code _builder_version=&#8220;4.27.4&#8243; _module_preset=&#8220;default&#8220; global_colors_info=&#8220;{}&#8220;]<!-- BETREIBUNGSAUSZUG HERO --><!-- [et_pb_line_break_holder] --><!-- [et_pb_line_break_holder] --><\/p>\n<div class=\"ba-hero\"><!-- [et_pb_line_break_holder] -->    <\/p>\n<div class=\"ba-hero-content\"><!-- [et_pb_line_break_holder] -->        <\/p>\n<h1 class=\"ba-hero-title\">Offre pour les entreprises<\/h1>\n<p><!-- [et_pb_line_break_holder] -->        <\/p>\n<div class=\"ba-hero-price\">Jetzt Offerte bestellen<\/div>\n<p><!-- [et_pb_line_break_holder] -->        <pee class=\"ba-hero-description\">Sie ben\u00f6tigen mehr als 10 Betreibungsausz\u00fcge pro Jahr? In dem Fall lohnt sich eine Gesamtl\u00f6sung. Wir erarbeiten das g\u00fcnstigste Angebot f\u00fcr Sie.<\/pee><!-- [et_pb_line_break_holder] -->    <\/div>\n<p><!-- [et_pb_line_break_holder] --><\/div>\n<p>[\/et_pb_fullwidth_code][\/et_pb_section][et_pb_section fb_built=&#8220;1&#8243; _builder_version=&#8220;4.27.4&#8243; _module_preset=&#8220;default&#8220; custom_padding=&#8220;3px|||||&#8220; global_colors_info=&#8220;{}&#8220;][et_pb_row _builder_version=&#8220;4.27.4&#8243; _module_preset=&#8220;default&#8220; global_colors_info=&#8220;{}&#8220;][et_pb_column type=&#8220;4_4&#8243; _builder_version=&#8220;4.27.4&#8243; _module_preset=&#8220;default&#8220; global_colors_info=&#8220;{}&#8220;][et_pb_wpt_gravityform gravityform_id=&#8220;gf-6&#8243; _builder_version=&#8220;4.27.4&#8243; _module_preset=&#8220;default&#8220; global_colors_info=&#8220;{}&#8220;][\/et_pb_wpt_gravityform][\/et_pb_column][\/et_pb_row][\/et_pb_section][et_pb_section fb_built=&#8220;1&#8243; _builder_version=&#8220;4.27.4&#8243; _module_preset=&#8220;default&#8220; background_color=&#8220;#faf7f6&#8243; locked=&#8220;off&#8220; global_colors_info=&#8220;{}&#8220;][et_pb_row column_structure=&#8220;1_3,1_3,1_3&#8243; _builder_version=&#8220;4.27.4&#8243; _module_preset=&#8220;default&#8220; global_colors_info=&#8220;{}&#8220;][et_pb_column type=&#8220;1_3&#8243; _builder_version=&#8220;4.27.4&#8243; _module_preset=&#8220;default&#8220; global_colors_info=&#8220;{}&#8220;][et_pb_blurb image=&#8220;https:\/\/betreibung.operate.ch\/wp-content\/uploads\/2025\/02\/online_bestellen_icon2.svg&#8220; _builder_version=&#8220;4.27.4&#8243; _module_preset=&#8220;default&#8220; max_width=&#8220;240px&#8220; custom_margin=&#8220;auto|auto|auto|auto|false|false&#8220; global_colors_info=&#8220;{}&#8220;]<\/p>\n<p style=\"text-align: center;\"><span>Express-Lieferung am gleichen,<\/span><br \/><span>sp\u00e4testens nachfolgenden Tag.<\/span><\/p>\n<p>[\/et_pb_blurb][\/et_pb_column][et_pb_column type=&#8220;1_3&#8243; _builder_version=&#8220;4.27.4&#8243; _module_preset=&#8220;default&#8220; global_colors_info=&#8220;{}&#8220;][et_pb_blurb image=&#8220;https:\/\/betreibung.operate.ch\/wp-content\/uploads\/2025\/02\/online_bestellen_icon1.svg&#8220; _builder_version=&#8220;4.27.4&#8243; _module_preset=&#8220;default&#8220; max_width=&#8220;240px&#8220; custom_margin=&#8220;auto|auto|auto|auto|false|false&#8220; global_colors_info=&#8220;{}&#8220;]<\/p>\n<p style=\"text-align: center;\"><span>Elektronische Abwicklung.<\/span><\/p>\n<p>[\/et_pb_blurb][\/et_pb_column][et_pb_column type=&#8220;1_3&#8243; _builder_version=&#8220;4.27.4&#8243; _module_preset=&#8220;default&#8220; global_colors_info=&#8220;{}&#8220;][et_pb_blurb image=&#8220;https:\/\/betreibung.operate.ch\/wp-content\/uploads\/2025\/02\/Angebot_fuer_Firmen_icon3.svg&#8220; _builder_version=&#8220;4.27.4&#8243; _module_preset=&#8220;default&#8220; max_width=&#8220;240px&#8220; custom_margin=&#8220;auto|auto|auto|auto|false|false&#8220; global_colors_info=&#8220;{}&#8220;]<\/p>\n<p style=\"text-align: center;\"><span>Viele Ausz\u00fcge,<\/span><br \/><strong>eine<\/strong><span>\u00a0Rechnung.<\/span><\/p>\n<p>[\/et_pb_blurb][\/et_pb_column][\/et_pb_row][\/et_pb_section][et_pb_section fb_built=&#8220;1&#8243; _builder_version=&#8220;4.27.4&#8243; _module_preset=&#8220;default&#8220; locked=&#8220;off&#8220; global_colors_info=&#8220;{}&#8220;][et_pb_row _builder_version=&#8220;4.27.4&#8243; _module_preset=&#8220;default&#8220; global_colors_info=&#8220;{}&#8220;][et_pb_column type=&#8220;4_4&#8243; _builder_version=&#8220;4.27.4&#8243; _module_preset=&#8220;default&#8220; global_colors_info=&#8220;{}&#8220;][et_pb_code _builder_version=&#8220;4.27.4&#8243; _module_preset=&#8220;default&#8220; global_colors_info=&#8220;{}&#8220;]<!-- ==========================================<!-- [et_pb_line_break_holder] -->     FAQ SECTION &#8211; NUR HTML<!-- [et_pb_line_break_holder] -->     F\u00fcr Divi Code-Modul<!-- [et_pb_line_break_holder] -->     ========================================== &#8211;><!-- [et_pb_line_break_holder] --><!-- [et_pb_line_break_holder] --><\/p>\n<div class=\"bsplus-faq-section\"><!-- [et_pb_line_break_holder] -->    <!-- [et_pb_line_break_holder] -->    <!-- FAQ Item 1 --><!-- [et_pb_line_break_holder] -->    <\/p>\n<div class=\"bsplus-faq-item\"><!-- [et_pb_line_break_holder] -->        <button class=\"bsplus-faq-trigger\" aria-expanded=\"false\"><!-- [et_pb_line_break_holder] -->            <span class=\"bsplus-faq-icon\"><!-- [et_pb_line_break_holder] -->                <span class=\"bsplus-faq-icon-circle\"><\/span><!-- [et_pb_line_break_holder] -->                <span class=\"bsplus-faq-icon-line bsplus-faq-icon-line-horizontal\"><\/span><!-- [et_pb_line_break_holder] -->                <span class=\"bsplus-faq-icon-line bsplus-faq-icon-line-vertical\"><\/span><!-- [et_pb_line_break_holder] -->            <\/span><!-- [et_pb_line_break_holder] -->            <span class=\"bsplus-faq-title\">Transparente Preise<\/span><!-- [et_pb_line_break_holder] -->        <\/button><!-- [et_pb_line_break_holder] -->        <\/p>\n<div class=\"bsplus-faq-content\"><!-- [et_pb_line_break_holder] -->            <\/p>\n<div class=\"bsplus-faq-content-inner\"><!-- [et_pb_line_break_holder] -->                <pee>Ab 50 Ausz\u00fcgen pro Jahr &#8211; Pauschaltarif f\u00fcr Nutzung Plattform:<!\u2013- [et_pb_br_holder] -\u2013><strong>Ausz\u00fcge      Pauschalgeb\u00fchr*<\/strong><!\u2013- [et_pb_br_holder] -\u2013>   50              CHF     350.00<!\u2013- [et_pb_br_holder] -\u2013> 100              CHF     650.00<!\u2013- [et_pb_br_holder] -\u2013> 200              CHF  1&#8217;000.00<\/pee><pee>*zuz\u00fcglich der amtlichen Geb\u00fchren pro Auszug CHF 18.00<\/pee><pee><strong>Pakete inklusive der amtlichen Geb\u00fchren:<\/strong><!\u2013- [et_pb_br_holder] -\u2013>   6 Ausz\u00fcge zu CHF 165.00 (inkl. MwSt)<!\u2013- [et_pb_br_holder] -\u2013> 12 Ausz\u00fcge zu CHF 318.00 (inkl. MwSt)<\/pee><pee>Gerne zeigen wir Ihnen die M\u00f6glichkeiten f\u00fcr Ihre Firma auf. <!\u2013- [et_pb_br_holder] -\u2013><a href=\"\/betreibungsauszug\/angebot-fuer-firmen\/offerte-bestellen\/\">Jetzt kontaktieren<\/a><!\u2013- [et_pb_br_holder] -\u2013>  <\/pee><!-- [et_pb_line_break_holder] -->            <\/div>\n<p><!-- [et_pb_line_break_holder] -->        <\/div>\n<p><!-- [et_pb_line_break_holder] -->    <\/div>\n<p><!-- [et_pb_line_break_holder] -->    <!-- [et_pb_line_break_holder] -->    <!-- FAQ Item 2 --><!-- [et_pb_line_break_holder] -->    <\/p>\n<div class=\"bsplus-faq-item\"><!-- [et_pb_line_break_holder] -->        <button class=\"bsplus-faq-trigger\" aria-expanded=\"false\"><!-- [et_pb_line_break_holder] -->            <span class=\"bsplus-faq-icon\"><!-- [et_pb_line_break_holder] -->                <span class=\"bsplus-faq-icon-circle\"><\/span><!-- [et_pb_line_break_holder] -->                <span class=\"bsplus-faq-icon-line bsplus-faq-icon-line-horizontal\"><\/span><!-- [et_pb_line_break_holder] -->                <span class=\"bsplus-faq-icon-line bsplus-faq-icon-line-vertical\"><\/span><!-- [et_pb_line_break_holder] -->            <\/span><!-- [et_pb_line_break_holder] -->            <span class=\"bsplus-faq-title\">Vos avantages<\/span><!-- [et_pb_line_break_holder] -->        <\/button><!-- [et_pb_line_break_holder] -->        <\/p>\n<div class=\"bsplus-faq-content\"><!-- [et_pb_line_break_holder] -->            <\/p>\n<div class=\"bsplus-faq-content-inner\">\u00a0<\/p>\n<ul><!-- [et_pb_line_break_holder] --><\/p>\n<li><a><!-- [et_pb_line_break_holder] -->Express-Lieferung am gleichen, sp\u00e4testens nachfolgenden Arbeitstag.<!-- [et_pb_line_break_holder] --><\/a><\/li>\n<p><!-- [et_pb_line_break_holder] --><\/p>\n<li><a><!-- [et_pb_line_break_holder] -->Zust\u00e4ndiges Betreibungsamt wird automatisch ermittelt.<!-- [et_pb_line_break_holder] --><\/a><\/li>\n<p><!-- [et_pb_line_break_holder] --><\/p>\n<li><!-- [et_pb_line_break_holder] -->D\u00e9roulement en ligne.<\/li>\n<p><!-- [et_pb_line_break_holder] --><\/p>\n<li><!-- [et_pb_line_break_holder] -->Keine Papier- und Portokosten.<\/li>\n<p><!-- [et_pb_line_break_holder] --><\/p>\n<li>Tiefe Kosten: CHF 18 wie beim Betreibungsamt plus eine minimale Geb\u00fchr f\u00fcr die Nutzung der Plattform. Keine technischen Installationen notwendig.<!-- [et_pb_line_break_holder] --><\/li>\n<p><!-- [et_pb_line_break_holder] --><\/p>\n<li>Eine einzige Rechnung statt pro Betreibungsamt eine.<!-- [et_pb_line_break_holder] --><\/li>\n<p><!-- [et_pb_line_break_holder] --><\/p>\n<li>Sichere, verschl\u00fcsselte Daten\u00fcbertragung.<!-- [et_pb_line_break_holder] --><\/li>\n<p><!-- [et_pb_line_break_holder] --><\/ul>\n<p>\u00a0            <\/p><\/div>\n<p><!-- [et_pb_line_break_holder] -->        <\/div>\n<p><!-- [et_pb_line_break_holder] -->    <\/div>\n<p><!-- [et_pb_line_break_holder] --><!-- [et_pb_line_break_holder] -->    <!-- FAQ Item 3 --><!-- [et_pb_line_break_holder] -->    <\/p>\n<div class=\"bsplus-faq-item\"><!-- [et_pb_line_break_holder] -->        <button class=\"bsplus-faq-trigger\" aria-expanded=\"false\"><!-- [et_pb_line_break_holder] -->            <span class=\"bsplus-faq-icon\"><!-- [et_pb_line_break_holder] -->                <span class=\"bsplus-faq-icon-circle\"><\/span><!-- [et_pb_line_break_holder] -->                <span class=\"bsplus-faq-icon-line bsplus-faq-icon-line-horizontal\"><\/span><!-- [et_pb_line_break_holder] -->                <span class=\"bsplus-faq-icon-line bsplus-faq-icon-line-vertical\"><\/span><!-- [et_pb_line_break_holder] -->            <\/span><!-- [et_pb_line_break_holder] -->            <span class=\"bsplus-faq-title\">Daf\u00fcr lohnen sich Betreibungsausz\u00fcge!<\/span><!-- [et_pb_line_break_holder] -->        <\/button><!-- [et_pb_line_break_holder] -->        <\/p>\n<div class=\"bsplus-faq-content\"><!-- [et_pb_line_break_holder] -->            <\/p>\n<div class=\"bsplus-faq-content-inner\">\u00a0<\/p>\n<ul><!-- [et_pb_line_break_holder] --><\/p>\n<li>Sichern Sie Ihr Gesch\u00e4ft ab, indem Sie vor Abschluss einen Betreibungsauszug \u00fcber Ihren Partner oder Kunden einholen.<\/li>\n<p><!-- [et_pb_line_break_holder] --><\/p>\n<li>Mietplattformen: bieten Sie potentiellen Mietern oder Mieterinnen die M\u00f6glichkeit, \u00fcber Ihre Plattform einen Betreibungsauszug zu beziehen. Ihre Kunden profitieren von der zus\u00e4tzlichen Dienstleistung, Sie als Vermieter haben den Betreibungsauszug sofort verf\u00fcgbar und sparen Zeit.<\/li>\n<p><!-- [et_pb_line_break_holder] --><\/p>\n<li><!-- [et_pb_line_break_holder] -->Bevor Sie betreiben, holen Sie \u00fcber die Person\/Firma einen Betreibungsauszug ein. So sind Sie in der Lage, das weitere Vorgehen zu bestimmen. Sie k\u00f6nnen einsch\u00e4tzen, ob sich eine Betreibung lohnt.<\/li>\n<p><!-- [et_pb_line_break_holder] --><\/ul>\n<p>\u00a0            <\/p><\/div>\n<p><!-- [et_pb_line_break_holder] -->        <\/div>\n<p><!-- [et_pb_line_break_holder] -->    <\/div>\n<p>  <!-- [et_pb_line_break_holder] -->  <!-- [et_pb_line_break_holder] -->  <!-- [et_pb_line_break_holder] --><\/div>\n<p><!-- [et_pb_line_break_holder] --><!-- [et_pb_line_break_holder] --><script><!-- [et_pb_line_break_holder] -->\/* ==========================================<!-- [et_pb_line_break_holder] -->   FAQ SECTION - JAVASCRIPT<!-- [et_pb_line_break_holder] -->   ========================================== *\/<!-- [et_pb_line_break_holder] --><!-- [et_pb_line_break_holder] -->(function() {<!-- [et_pb_line_break_holder] -->    \/\/ Warte bis DOM geladen ist<!-- [et_pb_line_break_holder] -->    if (document.readyState === 'loading') {<!-- [et_pb_line_break_holder] -->        document.addEventListener('DOMContentLoaded', initFAQ);<!-- [et_pb_line_break_holder] -->    } else {<!-- [et_pb_line_break_holder] -->        initFAQ();<!-- [et_pb_line_break_holder] -->    }<!-- [et_pb_line_break_holder] -->    <!-- [et_pb_line_break_holder] -->    function initFAQ() {<!-- [et_pb_line_break_holder] -->        const faqItems = document.querySelectorAll('.bsplus-faq-trigger');<!-- [et_pb_line_break_holder] -->        <!-- [et_pb_line_break_holder] -->        faqItems.forEach(trigger => {<!-- [et_pb_line_break_holder] -->            trigger.addEventListener('click', function() {<!-- [et_pb_line_break_holder] -->                const faqItem = this.closest('.bsplus-faq-item');<!-- [et_pb_line_break_holder] -->                const isActive = faqItem.classList.contains('active');<!-- [et_pb_line_break_holder] -->                <!-- [et_pb_line_break_holder] -->                \/\/ Schlie\u00dfe alle anderen Items (Accordion-Verhalten)<!-- [et_pb_line_break_holder] -->                document.querySelectorAll('.bsplus-faq-item').forEach(item => {<!-- [et_pb_line_break_holder] -->                    if (item !== faqItem) {<!-- [et_pb_line_break_holder] -->                        item.classList.remove('active');<!-- [et_pb_line_break_holder] -->                        item.querySelector('.bsplus-faq-trigger').setAttribute('aria-expanded', 'false');<!-- [et_pb_line_break_holder] -->                    }<!-- [et_pb_line_break_holder] -->                });<!-- [et_pb_line_break_holder] -->                <!-- [et_pb_line_break_holder] -->                \/\/ Toggle aktuelles Item<!-- [et_pb_line_break_holder] -->                if (isActive) {<!-- [et_pb_line_break_holder] -->                    faqItem.classList.remove('active');<!-- [et_pb_line_break_holder] -->                    this.setAttribute('aria-expanded', 'false');<!-- [et_pb_line_break_holder] -->                } else {<!-- [et_pb_line_break_holder] -->                    faqItem.classList.add('active');<!-- [et_pb_line_break_holder] -->                    this.setAttribute('aria-expanded', 'true');<!-- [et_pb_line_break_holder] -->                }<!-- [et_pb_line_break_holder] -->            });<!-- [et_pb_line_break_holder] -->        });<!-- [et_pb_line_break_holder] -->    }<!-- [et_pb_line_break_holder] -->})();<!-- [et_pb_line_break_holder] --><\/script>[\/et_pb_code][\/et_pb_column][\/et_pb_row][\/et_pb_section]<\/p>","protected":false},"excerpt":{"rendered":"<p>Express-Lieferung am gleichen,sp\u00e4testens nachfolgenden Tag.Elektronische Abwicklung.Viele Ausz\u00fcge,eine\u00a0Rechnung.<\/p>","protected":false},"author":2,"featured_media":0,"parent":30644,"menu_order":0,"comment_status":"closed","ping_status":"closed","template":"","meta":{"_et_pb_use_builder":"on","_et_pb_old_content":"","_et_gb_content_width":"","inline_featured_image":false,"footnotes":""},"class_list":["post-29849","page","type-page","status-publish","hentry"],"_links":{"self":[{"href":"https:\/\/betreibung.operate.ch\/fr\/wp-json\/wp\/v2\/pages\/29849","targetHints":{"allow":["GET"]}}],"collection":[{"href":"https:\/\/betreibung.operate.ch\/fr\/wp-json\/wp\/v2\/pages"}],"about":[{"href":"https:\/\/betreibung.operate.ch\/fr\/wp-json\/wp\/v2\/types\/page"}],"author":[{"embeddable":true,"href":"https:\/\/betreibung.operate.ch\/fr\/wp-json\/wp\/v2\/users\/2"}],"replies":[{"embeddable":true,"href":"https:\/\/betreibung.operate.ch\/fr\/wp-json\/wp\/v2\/comments?post=29849"}],"version-history":[{"count":25,"href":"https:\/\/betreibung.operate.ch\/fr\/wp-json\/wp\/v2\/pages\/29849\/revisions"}],"predecessor-version":[{"id":49152,"href":"https:\/\/betreibung.operate.ch\/fr\/wp-json\/wp\/v2\/pages\/29849\/revisions\/49152"}],"up":[{"embeddable":true,"href":"https:\/\/betreibung.operate.ch\/fr\/wp-json\/wp\/v2\/pages\/30644"}],"wp:attachment":[{"href":"https:\/\/betreibung.operate.ch\/fr\/wp-json\/wp\/v2\/media?parent=29849"}],"curies":[{"name":"wp","href":"https:\/\/api.w.org\/{rel}","templated":true}]}}