{"id":29923,"date":"2025-02-04T11:22:15","date_gmt":"2025-02-04T10:22:15","guid":{"rendered":"https:\/\/betreibung.operate.ch\/?page_id=29923"},"modified":"2025-12-26T15:50:31","modified_gmt":"2025-12-26T14:50:31","slug":"verlustscheine","status":"publish","type":"page","link":"https:\/\/betreibung.operate.ch\/fr\/konkurs-verlustschein\/verlustscheine\/","title":{"rendered":"Acte de d\u00e9faut de biens"},"content":{"rendered":"<p>[et_pb_section fb_built=&#8220;1&#8243; _builder_version=&#8220;4.27.4&#8243; _module_preset=&#8220;default&#8220; global_colors_info=&#8220;{}&#8220;][et_pb_row column_structure=&#8220;2_3,1_3&#8243; _builder_version=&#8220;4.27.4&#8243; _module_preset=&#8220;default&#8220; global_colors_info=&#8220;{}&#8220;][et_pb_column type=&#8220;2_3&#8243; _builder_version=&#8220;4.27.4&#8243; _module_preset=&#8220;default&#8220; global_colors_info=&#8220;{}&#8220;][et_pb_heading title=&#8220;Konkurs Forderungseingabe&#8220; _builder_version=&#8220;4.27.4&#8243; _module_preset=&#8220;default&#8220; global_colors_info=&#8220;{}&#8220;][\/et_pb_heading][et_pb_text _builder_version=&#8220;4.27.4&#8243; _module_preset=&#8220;default&#8220; text_font=&#8220;|300|||||||&#8220; text_font_size=&#8220;28px&#8220; hover_enabled=&#8220;0&#8243; sticky_enabled=&#8220;0&#8243;]<\/p>\n<p>bewirtschaften lohnt sich<\/p>\n<p>[\/et_pb_text][\/et_pb_column][et_pb_column type=&#8220;1_3&#8243; _builder_version=&#8220;4.27.4&#8243; _module_preset=&#8220;default&#8220; global_colors_info=&#8220;{}&#8220;][et_pb_code _builder_version=&#8220;4.27.4&#8243; _module_preset=&#8220;default&#8220; hover_enabled=&#8220;0&#8243; global_colors_info=&#8220;{}&#8220; sticky_enabled=&#8220;0&#8243;] <\/p>\n<div class=\"framestopper\"><!-- [et_pb_line_break_holder] -->    <\/p>\n<div><!-- [et_pb_line_break_holder] -->        <\/p>\n<div class=\"icon\"><\/div>\n<p><!-- [et_pb_line_break_holder] -->        <\/p>\n<div class=\"txt\"><!-- [et_pb_line_break_holder] -->            <pee> <strong>GRATIS!<\/strong><!\u2013- [et_pb_br_holder] -\u2013><!\u2013- [et_pb_br_holder] -\u2013><\/pee><!-- [et_pb_line_break_holder] -->        <\/div>\n<p><!-- [et_pb_line_break_holder] -->    <\/div>\n<p><!-- [et_pb_line_break_holder] --><\/div>\n<p><!-- [et_pb_line_break_holder] --><!-- [et_pb_line_break_holder] --><\/p>\n<style><!-- [et_pb_line_break_holder] -->.framestopper {<!-- [et_pb_line_break_holder] -->    z-index: 1;<!-- [et_pb_line_break_holder] -->    width: 150px;<!-- [et_pb_line_break_holder] -->    height: 150px;<!-- [et_pb_line_break_holder] -->}.icon {<!-- [et_pb_line_break_holder] -->    width: 150px;<!-- [et_pb_line_break_holder] -->    height: 150px;<!-- [et_pb_line_break_holder] -->    background: url('https:\/\/betreibung.operate.ch\/wp-content\/uploads\/2025\/01\/stopper.svg') no-repeat center;<!-- [et_pb_line_break_holder] -->    background-size: contain;<!-- [et_pb_line_break_holder] -->    animation: rotate 20s linear infinite;<!-- [et_pb_line_break_holder] -->}.txt {<!-- [et_pb_line_break_holder] -->    color: #fff;<!-- [et_pb_line_break_holder] -->  \tfont-size:1.5em;<!-- [et_pb_line_break_holder] -->    text-align: center;<!-- [et_pb_line_break_holder] -->    transform: translateY(-200%) rotate(-15deg);*\/<!-- [et_pb_line_break_holder] -->}<!-- [et_pb_line_break_holder] --><\/style>\n<p><!-- [et_pb_line_break_holder] --><!-- [et_pb_line_break_holder] --><\/p>\n<style><!-- [et_pb_line_break_holder] -->    @keyframes rotate {<!-- [et_pb_line_break_holder] -->      0% {<!-- [et_pb_line_break_holder] -->        transform: rotate(0deg);<!-- [et_pb_line_break_holder] -->      }<!-- [et_pb_line_break_holder] -->      100% {<!-- [et_pb_line_break_holder] -->        transform: rotate(360deg);<!-- [et_pb_line_break_holder] -->      }<!-- [et_pb_line_break_holder] -->    }<!-- [et_pb_line_break_holder] -->  <\/style>\n<p>[\/et_pb_code][\/et_pb_column][\/et_pb_row][\/et_pb_section][et_pb_section fb_built=&#8220;1&#8243; _builder_version=&#8220;4.27.4&#8243; _module_preset=&#8220;default&#8220; custom_padding=&#8220;3px|||||&#8220; global_colors_info=&#8220;{}&#8220;][et_pb_row column_structure=&#8220;1_2,1_2&#8243; use_custom_gutter=&#8220;on&#8220; gutter_width=&#8220;2&#8243; make_equal=&#8220;on&#8220; _builder_version=&#8220;4.27.4&#8243; _module_preset=&#8220;default&#8220; global_colors_info=&#8220;{}&#8220;][et_pb_column type=&#8220;1_2&#8243; _builder_version=&#8220;4.27.4&#8243; _module_preset=&#8220;default&#8220; global_colors_info=&#8220;{}&#8220;][et_pb_blurb title=&#8220;Bewirtschaftung Verlustschein&#8220; url=&#8220;@ET-DC@eyJkeW5hbWljIjp0cnVlLCJjb250ZW50IjoicG9zdF9saW5rX3VybF9wYWdlIiwic2V0dGluZ3MiOnsicG9zdF9pZCI6IjI5NjA4In19@&#8220; _builder_version=&#8220;4.27.4&#8243; _dynamic_attributes=&#8220;url,link_option_url&#8220; _module_preset=&#8220;402fb93b-c2a6-4b32-8001-a66dcefb70f9&#8243; height=&#8220;100%&#8220; custom_padding=&#8220;10px|10px|0px|10px|false|false&#8220; link_option_url=&#8220;@ET-DC@eyJkeW5hbWljIjp0cnVlLCJjb250ZW50IjoicG9zdF9saW5rX3VybF9wYWdlIiwic2V0dGluZ3MiOnsicG9zdF9pZCI6IjIifX0=@&#8220; hover_enabled=&#8220;0&#8243; global_colors_info=&#8220;{}&#8220; sticky_enabled=&#8220;0&#8243;]<\/p>\n<p>Letzte Mahnung mit Betreibungsandrohung<\/p>\n<p>Ausf\u00fcllen &#8211; Drucken &#8211; Unterzeichnen &#8211; Versenden.<\/p>\n<p>Preis: Gratis!<\/p>\n<p><span><a href=\"#\" class=\"pa-blurb-button\">Commander en ligne d\u00e8s maintenant<\/a><\/span><\/p>\n<p>[\/et_pb_blurb][\/et_pb_column][et_pb_column type=&#8220;1_2&#8243; _builder_version=&#8220;4.27.4&#8243; _module_preset=&#8220;default&#8220; global_colors_info=&#8220;{}&#8220;][et_pb_blurb title=&#8220;Bewirtschaftung Verlustschein mit Versand&#8220; url=&#8220;@ET-DC@eyJkeW5hbWljIjp0cnVlLCJjb250ZW50IjoicG9zdF9saW5rX3VybF9wYWdlIiwic2V0dGluZ3MiOnsicG9zdF9pZCI6IjI5NjA4In19@&#8220; _builder_version=&#8220;4.27.4&#8243; _dynamic_attributes=&#8220;url,link_option_url&#8220; _module_preset=&#8220;402fb93b-c2a6-4b32-8001-a66dcefb70f9&#8243; height=&#8220;100%&#8220; custom_padding=&#8220;10px|12px|0px|12px|false|false&#8220; link_option_url=&#8220;@ET-DC@eyJkeW5hbWljIjp0cnVlLCJjb250ZW50IjoicG9zdF9saW5rX3VybF9wYWdlIiwic2V0dGluZ3MiOnsicG9zdF9pZCI6IjIifX0=@&#8220; hover_enabled=&#8220;0&#8243; global_colors_info=&#8220;{}&#8220; sticky_enabled=&#8220;0&#8243;]<\/p>\n<p>Letzte Mahnung mit Betreibungsandrohung<\/p>\n<p>Sie geben Daten ein. Wir \u00fcbernehmen Druck, Versand und Termin\u00fcberwachung.<\/p>\n<p>Preis: CHF 15.00<\/p>\n<p><span><a href=\"#\" class=\"pa-blurb-button\">Commander en ligne d\u00e8s maintenant<\/a><\/span><\/p>\n<p>[\/et_pb_blurb][\/et_pb_column][\/et_pb_row][et_pb_row _builder_version=&#8220;4.27.4&#8243; _module_preset=&#8220;default&#8220; global_colors_info=&#8220;{}&#8220;][et_pb_column type=&#8220;4_4&#8243; _builder_version=&#8220;4.27.4&#8243; _module_preset=&#8220;default&#8220; global_colors_info=&#8220;{}&#8220;][et_pb_text _builder_version=&#8220;4.27.4&#8243; _module_preset=&#8220;default&#8220; custom_padding=&#8220;0px|||||&#8220; hover_enabled=&#8220;0&#8243; global_colors_info=&#8220;{}&#8220; sticky_enabled=&#8220;0&#8243;]<\/p>\n<p><strong>Ein Verlustschein berechtigt Sie, den Schuldner neu zu betreiben.<\/strong><span>\u00a0Bewirtschaften Sie Ihre Verlustscheine mit Betreibungsschalter-Plus. S\u00e4mtliche f\u00fcr den Betreibungsprozess ben\u00f6tigten Dokumente und Aktionen (elektronisch) stehen zur Verf\u00fcgung. So lassen sich z.B. Zahlungsvereinbarung, Zahlungsaufforderung oder Betreibungsandrohung auf Knopfdruck als PDF erstellen. Die Verlustschein-F\u00e4lle k\u00f6nnen Sie terminieren sowie \u00fcber das System \u00fcberwachen lassen. Die Schuldneradressen und die Bonit\u00e4t lassen sich online nach Ver\u00e4nderungen pr\u00fcfen.<\/span><\/p>\n<p>[\/et_pb_text][\/et_pb_column][\/et_pb_row][et_pb_row column_structure=&#8220;1_3,1_3,1_3&#8243; _builder_version=&#8220;4.27.4&#8243; _module_preset=&#8220;default&#8220; global_colors_info=&#8220;{}&#8220;][et_pb_column type=&#8220;1_3&#8243; _builder_version=&#8220;4.27.4&#8243; _module_preset=&#8220;default&#8220; global_colors_info=&#8220;{}&#8220;][et_pb_blurb image=&#8220;https:\/\/betreibung.operate.ch\/wp-content\/uploads\/2025\/02\/verlustschein_icon1.svg&#8220; _builder_version=&#8220;4.27.4&#8243; _module_preset=&#8220;default&#8220; max_width=&#8220;240px&#8220; custom_margin=&#8220;auto|auto|auto|auto|false|false&#8220; hover_enabled=&#8220;0&#8243; global_colors_info=&#8220;{}&#8220; title_text=&#8220;verlustschein_icon1&#8243; sticky_enabled=&#8220;0&#8243;]<\/p>\n<p style=\"text-align: center;\"><span>Professioneller Prozess.<\/span><\/p>\n<p>[\/et_pb_blurb][\/et_pb_column][et_pb_column type=&#8220;1_3&#8243; _builder_version=&#8220;4.27.4&#8243; _module_preset=&#8220;default&#8220; global_colors_info=&#8220;{}&#8220;][et_pb_blurb image=&#8220;https:\/\/betreibung.operate.ch\/wp-content\/uploads\/2025\/01\/abzahlungsvereinb_icon2.svg&#8220; _builder_version=&#8220;4.27.4&#8243; _module_preset=&#8220;default&#8220; max_width=&#8220;240px&#8220; custom_margin=&#8220;auto|auto|auto|auto|false|false&#8220; hover_enabled=&#8220;0&#8243; global_colors_info=&#8220;{}&#8220; title_text=&#8220;abzahlungsvereinb_icon2&#8243; sticky_enabled=&#8220;0&#8243;]<\/p>\n<p style=\"text-align: center;\"><span>Automatische \u00dcberwachung.<\/span><\/p>\n<p>[\/et_pb_blurb][\/et_pb_column][et_pb_column type=&#8220;1_3&#8243; _builder_version=&#8220;4.27.4&#8243; _module_preset=&#8220;default&#8220; global_colors_info=&#8220;{}&#8220;][et_pb_blurb image=&#8220;https:\/\/betreibung.operate.ch\/wp-content\/uploads\/2025\/02\/verlustschein_icon3.svg&#8220; _builder_version=&#8220;4.27.4&#8243; _module_preset=&#8220;default&#8220; max_width=&#8220;240px&#8220; custom_margin=&#8220;auto|auto|auto|auto|false|false&#8220; hover_enabled=&#8220;0&#8243; global_colors_info=&#8220;{}&#8220; title_text=&#8220;verlustschein_icon3&#8243; sticky_enabled=&#8220;0&#8243;]<\/p>\n<p style=\"text-align: center;\"><span>20 Jahre g\u00fcltig.<\/span><\/p>\n<p>&nbsp;<\/p>\n<p>[\/et_pb_blurb][\/et_pb_column][\/et_pb_row][\/et_pb_section][et_pb_section fb_built=&#8220;1&#8243; _builder_version=&#8220;4.27.4&#8243; _module_preset=&#8220;default&#8220; custom_padding=&#8220;3px|||||&#8220; global_colors_info=&#8220;{}&#8220;][et_pb_row _builder_version=&#8220;4.27.4&#8243; _module_preset=&#8220;default&#8220; global_colors_info=&#8220;{}&#8220;][et_pb_column type=&#8220;4_4&#8243; _builder_version=&#8220;4.27.4&#8243; _module_preset=&#8220;default&#8220; global_colors_info=&#8220;{}&#8220;][et_pb_code _builder_version=&#8220;4.27.4&#8243; _module_preset=&#8220;default&#8220; hover_enabled=&#8220;0&#8243; custom_css_free_form=&#8220;     .accordion {||            width: 100%;||            overflow: hidden;||        }||||        .accordion input {||            display: none;||        }||||        .accordion label {||            display: flex;||            justify-content: space-between;||            align-items: center;||            color: #A55050;||            padding: 12px;||        }||||        .accordion .content {||            max-height: 0;||            overflow: hidden;||            padding: 0 12px;||            color: #444444;||            transition: max-height 0.3s ease-in-out, padding 0.3s ease-in-out;||        }||||        .accordion input:checked + label + .content {||            max-height: 1000px;||            padding: 12px;||        }||||        \/* Icon-Styling *\/||        .accordion label::after {||            content: %22+%22;||            font-size: 36px;||            transition: transform 0.3s ease;||        }||||        .accordion input:checked + label::after {||            content: %22\u2212%22;||            transform: rotate(180deg);||        }&#8220; global_colors_info=&#8220;{}&#8220; sticky_enabled=&#8220;0&#8243;]<\/p>\n<div class=\"accordion\"><!-- [et_pb_line_break_holder] -->  <input type=\"checkbox\" id=\"section1\"><!-- [et_pb_line_break_holder] -->  <label for=\"section1\"><!-- [et_pb_line_break_holder] -->    <\/p>\n<h2><!-- [et_pb_line_break_holder] -->      Bedeutung eines Verlustscheins<!-- [et_pb_line_break_holder] -->    <\/h2>\n<p><!-- [et_pb_line_break_holder] -->  <\/label><!-- [et_pb_line_break_holder] -->  <\/p>\n<div class=\"content\"><!-- [et_pb_line_break_holder] -->    <pee>Kann eine Forderung nicht oder nur teilweise getilgt werden, stellt das Betreibungsamt einen Verlustschein aus.<!-- [et_pb_line_break_holder] -->    <\/pee><!-- [et_pb_line_break_holder] -->    <pee>Bei einem Verlustschein aus Pf\u00e4ndung k\u00f6nnen Sie innerhalb von sechs Monaten seit der erstmaligen Ausstellung direkt ein neues Fortsetzungsbegehren stellen. Ob ein solches Vorgehen sinnvoll ist, muss von Fall zu Fall gepr\u00fcft werden. Denn jede neue Pf\u00e4ndung ist mit erneuten Geb\u00fchren verbunden.<!-- [et_pb_line_break_holder] -->    <\/pee><!-- [et_pb_line_break_holder] -->    <pee><!-- [et_pb_line_break_holder] -->    Die Verj\u00e4hrungsfrist f\u00fcr Verlustscheine betr\u00e4gt 20 Jahre. Kommt der Schuldner in dieser Zeit zu neuem Verm\u00f6gen, haben Sie die M\u00f6glichkeit, den Schuldner neu zu betreiben. Gleichzeitig dient Ihnen der Verlustschein als Schuldanerkennung f\u00fcr ein provisorisches Rechts\u00f6ffnungsverfahren.  <!-- [et_pb_line_break_holder] -->    <\/pee><!-- [et_pb_line_break_holder] -->  <\/div>\n<p><!-- [et_pb_line_break_holder] --><!-- [et_pb_line_break_holder] --><!-- [et_pb_line_break_holder] -->  <input type=\"checkbox\" id=\"section2\"><!-- [et_pb_line_break_holder] -->  <label for=\"section2\"><!-- [et_pb_line_break_holder] -->    <\/p>\n<h2><!-- [et_pb_line_break_holder] -->      Vos avantages<!-- [et_pb_line_break_holder] -->    <\/h2>\n<p><!-- [et_pb_line_break_holder] -->  <\/label><!-- [et_pb_line_break_holder] -->  <\/p>\n<div class=\"content\"><!-- [et_pb_line_break_holder] -->    <pee><!-- [et_pb_line_break_holder] -->         <\/p>\n<ul><!-- [et_pb_line_break_holder] -->      <\/p>\n<li>Professionelle Vorlagen in d\/f\/i<!-- [et_pb_line_break_holder] -->      <\/li>\n<p><!-- [et_pb_line_break_holder] -->            <\/p>\n<li><!-- [et_pb_line_break_holder] -->Automatisierter Prozess: Terminierung, \u00dcberwachung<!-- [et_pb_line_break_holder] -->      <\/li>\n<p><!-- [et_pb_line_break_holder] -->            <\/p>\n<li>Option Adress- und Bonit\u00e4tspr\u00fcfung<!-- [et_pb_line_break_holder] -->      <\/li>\n<p><!-- [et_pb_line_break_holder] -->            <\/p>\n<li><!-- [et_pb_line_break_holder] -->Mit dem automatisierten Handling sparen Sie Zeit, Porto und Druckkosten.<!-- [et_pb_line_break_holder] -->      <\/li>\n<p><!-- [et_pb_line_break_holder] -->    <\/ul>\n<\/pee><!-- [et_pb_line_break_holder] -->  <\/div>\n<p><!-- [et_pb_line_break_holder] --><!-- [et_pb_line_break_holder] --><!-- [et_pb_line_break_holder] -->  <input type=\"checkbox\" id=\"section3\"><!-- [et_pb_line_break_holder] -->  <label for=\"section3\"><!-- [et_pb_line_break_holder] -->    <\/p>\n<h2><!-- [et_pb_line_break_holder] -->      Versand<!-- [et_pb_line_break_holder] -->    <\/h2>\n<p><!-- [et_pb_line_break_holder] -->  <\/label><!-- [et_pb_line_break_holder] -->  <\/p>\n<div class=\"content\"><!-- [et_pb_line_break_holder] -->    <pee><!-- [et_pb_line_break_holder] -->Bei Produkten mit Versand l\u00e4uft der ganze Prozess f\u00fcr Sie online ab. Sie brauchen nichts auszudrucken und Sie m\u00fcssen nicht zur Post gehen. Wir \u00fcbernehmen diese Schritte. Wir drucken die Briefe bzw. Dokumente mit Ihrer Absenderadresse und Angaben aus und senden diese in einem neutralen Couvert per Post an den von Ihnen definierten Empf\u00e4nger.<!-- [et_pb_line_break_holder] --> <!-- [et_pb_line_break_holder] -->    <\/pee><!-- [et_pb_line_break_holder] -->  <\/div>\n<p><!-- [et_pb_line_break_holder] --><\/div>\n<p>[\/et_pb_code][\/et_pb_column][\/et_pb_row][\/et_pb_section]<\/p>","protected":false},"excerpt":{"rendered":"<p>bewirtschaften lohnt sichLetzte Mahnung mit Betreibungsandrohung Ausf\u00fcllen &#8211; Drucken &#8211; Unterzeichnen &#8211; Versenden. Preis: Gratis! Jetzt online bestellenLetzte Mahnung mit Betreibungsandrohung Sie geben Daten ein. Wir \u00fcbernehmen Druck, Versand und Termin\u00fcberwachung. Preis: CHF 15.00 Jetzt online bestellenEin Verlustschein berechtigt Sie, den Schuldner neu zu betreiben.\u00a0Bewirtschaften Sie Ihre Verlustscheine mit Betreibungsschalter-Plus. S\u00e4mtliche f\u00fcr den Betreibungsprozess ben\u00f6tigten [&hellip;]<\/p>","protected":false},"author":2,"featured_media":0,"parent":29909,"menu_order":0,"comment_status":"closed","ping_status":"closed","template":"","meta":{"_et_pb_use_builder":"on","_et_pb_old_content":"","_et_gb_content_width":"","inline_featured_image":false,"footnotes":""},"class_list":["post-29923","page","type-page","status-publish","hentry"],"_links":{"self":[{"href":"https:\/\/betreibung.operate.ch\/fr\/wp-json\/wp\/v2\/pages\/29923","targetHints":{"allow":["GET"]}}],"collection":[{"href":"https:\/\/betreibung.operate.ch\/fr\/wp-json\/wp\/v2\/pages"}],"about":[{"href":"https:\/\/betreibung.operate.ch\/fr\/wp-json\/wp\/v2\/types\/page"}],"author":[{"embeddable":true,"href":"https:\/\/betreibung.operate.ch\/fr\/wp-json\/wp\/v2\/users\/2"}],"replies":[{"embeddable":true,"href":"https:\/\/betreibung.operate.ch\/fr\/wp-json\/wp\/v2\/comments?post=29923"}],"version-history":[{"count":4,"href":"https:\/\/betreibung.operate.ch\/fr\/wp-json\/wp\/v2\/pages\/29923\/revisions"}],"predecessor-version":[{"id":29931,"href":"https:\/\/betreibung.operate.ch\/fr\/wp-json\/wp\/v2\/pages\/29923\/revisions\/29931"}],"up":[{"embeddable":true,"href":"https:\/\/betreibung.operate.ch\/fr\/wp-json\/wp\/v2\/pages\/29909"}],"wp:attachment":[{"href":"https:\/\/betreibung.operate.ch\/fr\/wp-json\/wp\/v2\/media?parent=29923"}],"curies":[{"name":"wp","href":"https:\/\/api.w.org\/{rel}","templated":true}]}}