{"id":29952,"date":"2025-02-04T13:49:53","date_gmt":"2025-02-04T12:49:53","guid":{"rendered":"https:\/\/betreibung.operate.ch\/?page_id=29952"},"modified":"2025-12-26T15:50:00","modified_gmt":"2025-12-26T14:50:00","slug":"firma","status":"publish","type":"page","link":"https:\/\/betreibung.operate.ch\/fr\/betreibungs-know-how\/firma\/","title":{"rendered":"Soci\u00e9t\u00e9"},"content":{"rendered":"<p>[et_pb_section fb_built=&#8220;1&#8243; _builder_version=&#8220;4.27.4&#8243; _module_preset=&#8220;default&#8220; global_colors_info=&#8220;{}&#8220;][et_pb_row column_structure=&#8220;2_3,1_3&#8243; _builder_version=&#8220;4.27.4&#8243; _module_preset=&#8220;default&#8220; global_colors_info=&#8220;{}&#8220;][et_pb_column type=&#8220;2_3&#8243; _builder_version=&#8220;4.27.4&#8243; _module_preset=&#8220;default&#8220; global_colors_info=&#8220;{}&#8220;][et_pb_heading title=&#8220;Betreibungsschalter-Plus und Collecta AG&#8220; _builder_version=&#8220;4.27.4&#8243; _module_preset=&#8220;default&#8220; hover_enabled=&#8220;0&#8243; global_colors_info=&#8220;{}&#8220; sticky_enabled=&#8220;0&#8243;][\/et_pb_heading][\/et_pb_column][et_pb_column type=&#8220;1_3&#8243; _builder_version=&#8220;4.27.4&#8243; _module_preset=&#8220;default&#8220; global_colors_info=&#8220;{}&#8220;][\/et_pb_column][\/et_pb_row][\/et_pb_section][et_pb_section fb_built=&#8220;1&#8243; _builder_version=&#8220;4.27.4&#8243; _module_preset=&#8220;default&#8220; custom_padding=&#8220;3px|||||&#8220; global_colors_info=&#8220;{}&#8220;][et_pb_row _builder_version=&#8220;4.27.4&#8243; _module_preset=&#8220;default&#8220; hover_enabled=&#8220;0&#8243; global_colors_info=&#8220;{%22gcid-ac889b0d-fcbc-4ac7-9cdd-6e2cc4de023e%22:%91%22background_color%22%93}&#8220; background_color=&#8220;gcid-ac889b0d-fcbc-4ac7-9cdd-6e2cc4de023e&#8220; sticky_enabled=&#8220;0&#8243; custom_padding=&#8220;24px|24px|24px|24px|false|false&#8220; border_radii=&#8220;on|8px|8px|8px|8px&#8220;][et_pb_column type=&#8220;4_4&#8243; _builder_version=&#8220;4.27.4&#8243; _module_preset=&#8220;default&#8220; global_colors_info=&#8220;{}&#8220;][et_pb_heading title=&#8220;Betreibungsschalter-Plus wird von Collecta AG in Zug betrieben.&#8220; _builder_version=&#8220;4.27.4&#8243; _module_preset=&#8220;default&#8220; hover_enabled=&#8220;0&#8243; global_colors_info=&#8220;{%22gcid-body-color%22:%91%22title_text_color%22%93}&#8220; sticky_enabled=&#8220;0&#8243; title_level=&#8220;h2&#8243; title_text_color=&#8220;gcid-body-color&#8220; title_font=&#8220;|300|||||||&#8220;][\/et_pb_heading][et_pb_text _builder_version=&#8220;4.27.4&#8243; _module_preset=&#8220;default&#8220; hover_enabled=&#8220;0&#8243; sticky_enabled=&#8220;0&#8243; global_colors_info=&#8220;{%22gcid-body-color%22:%91%22text_text_color%22%93}&#8220; text_text_color=&#8220;gcid-body-color&#8220;]<\/p>\n<p><span>Betreibungsschalter-Plus ist eine vom Bund zugelassene Cloud-Plattform f\u00fcr elektronische Betreibungsregisterausz\u00fcge. Sie ist keine Webseite des Bundes oder der Betreibungs\u00e4mter.<\/span><br \/><span>Die Angaben zu den Betreibungs\u00e4mtern, Konkurs\u00e4mtern und Gemeindeverwaltungen werden im Sinne einer Dienstleistung zur Verf\u00fcgung gestellt. Ziel von Betreibungsschalter-Plus ist es, die Suche eines Betreibungsamtes sowie Zugang und Abwicklung von amtlichen Dokumenten einfach und schnell zu erm\u00f6glichen.<\/span><\/p>\n<p>[\/et_pb_text][\/et_pb_column][\/et_pb_row][\/et_pb_section][et_pb_section fb_built=&#8220;1&#8243; _builder_version=&#8220;4.27.4&#8243; _module_preset=&#8220;default&#8220; custom_padding=&#8220;3px|||||&#8220; global_colors_info=&#8220;{}&#8220;][et_pb_row _builder_version=&#8220;4.27.4&#8243; _module_preset=&#8220;default&#8220; global_colors_info=&#8220;{}&#8220;][et_pb_column type=&#8220;4_4&#8243; _builder_version=&#8220;4.27.4&#8243; _module_preset=&#8220;default&#8220; global_colors_info=&#8220;{}&#8220;][et_pb_code _builder_version=&#8220;4.27.4&#8243; _module_preset=&#8220;default&#8220; hover_enabled=&#8220;0&#8243; custom_css_free_form=&#8220;     .accordion {||            width: 100%;||            overflow: hidden;||        }||||        .accordion input {||            display: none;||        }||||        .accordion label {||            display: flex;||            justify-content: space-between;||            align-items: center;||            color: #A55050;||            padding: 12px;||        }||||        .accordion .content {||            max-height: 0;||            overflow: hidden;||            padding: 0 12px;||            color: #444444;||            transition: max-height 0.3s ease-in-out, padding 0.3s ease-in-out;||        }||||        .accordion input:checked + label + .content {||            max-height: 400px;||            padding: 12px;||        }||||        \/* Icon-Styling *\/||        .accordion label::after {||            content: %22+%22;||            font-size: 36px;||            transition: transform 0.3s ease;||        }||||        .accordion input:checked + label::after {||            content: %22\u2212%22;||            transform: rotate(180deg);||        }&#8220; global_colors_info=&#8220;{}&#8220; sticky_enabled=&#8220;0&#8243;]<\/p>\n<div class=\"accordion\"><!-- [et_pb_line_break_holder] -->  <input type=\"checkbox\" id=\"section1\"><!-- [et_pb_line_break_holder] -->  <label for=\"section1\"><!-- [et_pb_line_break_holder] -->    <\/p>\n<h2><!-- [et_pb_line_break_holder] -->      Philosophie von Betreibungsschalter-Plus<!-- [et_pb_line_break_holder] -->    <\/h2>\n<p><!-- [et_pb_line_break_holder] -->  <\/label><!-- [et_pb_line_break_holder] -->  <\/p>\n<div class=\"content\"><!-- [et_pb_line_break_holder] -->    <pee><strong>Das beste Betreibungsportal f\u00fcr Sie!<\/strong><!\u2013- [et_pb_br_holder] -\u2013><!-- [et_pb_line_break_holder] --><!-- [et_pb_line_break_holder] -->Fr\u00fcher oder sp\u00e4ter trifft es jedes Unternehmen: Ein Kunde zahlt nicht, auch nicht nach mehreren Mahnungen. Wie gehen Sie vor, welche M\u00f6glichkeiten stehen Ihnen zur Verf\u00fcgung?<!\u2013- [et_pb_br_holder] -\u2013><!-- [et_pb_line_break_holder] --><!-- [et_pb_line_break_holder] -->F\u00fcr diesen Fall gibt es Betreibungsschalter-Plus, das Portal rund um das Thema Betreibung. Hier finden Sie Wissen und praktische Tipps, rechtliche und g\u00fctliche L\u00f6sungen, Betreibungsbegehren, Fortsetzungsbegehren, Suche Betreibungsamt, Expertenrat, Betreibungsausz\u00fcge, Bonit\u00e4tspr\u00fcfungen und vieles mehr.<!\u2013- [et_pb_br_holder] -\u2013><!-- [et_pb_line_break_holder] -->Auf diese Punkte legen wir besonderen Wert:<!\u2013- [et_pb_br_holder] -\u2013><!-- [et_pb_line_break_holder] -->      <\/p>\n<ul><!-- [et_pb_line_break_holder] -->        <\/p>\n<li>Wir wollen nicht nur informieren, sondern Ihnen als Kunde oder Kundin die M\u00f6glichkeit geben, sofort online zu handeln mit z.B. Betreibungsbegehren erstellen, Betreibungsauszug beziehen, usw.<!-- [et_pb_line_break_holder] -->        <\/li>\n<p><!-- [et_pb_line_break_holder] -->        <\/p>\n<li>Die Produkte sind einfach, schnell und kosteng\u00fcnstig (teilweise sogar kostenlos) online zu beziehen.<!-- [et_pb_line_break_holder] -->        <\/li>\n<p><!-- [et_pb_line_break_holder] -->        <\/p>\n<li>Wir bieten die Entscheidungsgrundlagen, Sie treffen die Wahl, ob Sie selber handeln, den Rat eines Experten hinzuziehen oder den Fall auslagern wollen.<!-- [et_pb_line_break_holder] -->        <\/li>\n<p><!-- [et_pb_line_break_holder] -->        <\/p>\n<li>Wir bieten einzigartige Produkte und Dienstleistungen wie z.B. den Betreibungsauszug mit elektronischem Siegel basierend auf Blockchain-Technologie.<!-- [et_pb_line_break_holder] -->        <\/li>\n<p><!-- [et_pb_line_break_holder] -->    <\/ul>\n<p><!-- [et_pb_line_break_holder] --><!-- [et_pb_line_break_holder] -->  <input type=\"checkbox\" id=\"section2\"><!-- [et_pb_line_break_holder] -->  <label for=\"section2\"><!-- [et_pb_line_break_holder] -->    <\/p>\n<h2><!-- [et_pb_line_break_holder] -->      Portr\u00e4t Collecta AG<!-- [et_pb_line_break_holder] -->    <\/h2>\n<p><!-- [et_pb_line_break_holder] -->  <\/label><!-- [et_pb_line_break_holder] -->  <\/p>\n<div class=\"content\"><!-- [et_pb_line_break_holder] -->    <pee><!-- [et_pb_line_break_holder] -->      Die im Jahr 2002 gegr\u00fcndete Collecta AG ist auf Inkassosoftware nach Schweizer Recht spezialisiert. Das Unternehmen mit Sitz in Zug bietet einerseits Inkassol\u00f6sungen f\u00fcr Unternehmen und \u00f6ffentliche Institutionen an. Andererseits stellt es \u00fcber die Webplattform Betreibungsschalter-Plus.ch Dienstleistungen rund um das Thema Betreibung f\u00fcr Privatpersonen und kleinere Unternehmen bereit.<!-- [et_pb_line_break_holder] -->    <\/pee><!-- [et_pb_line_break_holder] -->  <\/div>\n<p><!-- [et_pb_line_break_holder] --><!-- [et_pb_line_break_holder] --><!-- [et_pb_line_break_holder] -->  <input type=\"checkbox\" id=\"section3\"><!-- [et_pb_line_break_holder] -->  <label for=\"section3\"><!-- [et_pb_line_break_holder] -->    <\/p>\n<h2><!-- [et_pb_line_break_holder] -->      ISO 27001: H\u00f6chste Sicherheit<!-- [et_pb_line_break_holder] -->    <\/h2>\n<p><!-- [et_pb_line_break_holder] -->  <\/label><!-- [et_pb_line_break_holder] -->  <\/p>\n<div class=\"content\"><!-- [et_pb_line_break_holder] -->    <pee>Die ISO 27001-Zertifizierung ist ein international anerkannter Standard f\u00fcr die Definition, wie die Informationssicherheit in Unternehmen organisiert werden muss und stellt das Fundament der Verwaltung der Informationssicherheit dar. Die ISO 27001-Zertifizierung beschreibt sich selbst als die Festlegung der Anforderungen f\u00fcr \u00abEinrichtung, Umsetzung, Betrieb, \u00dcberwachung, \u00dcberpr\u00fcfung, Pflege und Verbesserung eines dokumentierten Verwaltungssystems f\u00fcr Informationssicherheit im Zusammenhang mit den Gesch\u00e4ftsrisiken des Unternehmens\u00bb.<\/pee><!-- [et_pb_line_break_holder] --><pee>Neben dem Informationssicherheits-Managementsystem besch\u00e4ftigt sich ISO 27001 mit der Analyse und der Behandlung von Risiken der Informationssicherheit. Im Rahmen der beschriebenen Anforderungen werden die Werte und Wertsch\u00f6pfungsketten durch die Auswahl der geeigneten Sicherheitsmechanismen gesch\u00fctzt. F\u00fcr Unternehmen bietet ISO 27001 einen systematisch strukturierten Ansatz, die Integrit\u00e4t der betrieblichen Daten und deren Vertraulichkeit zu sch\u00fctzen. Gleichzeitig sorgt sie f\u00fcr die Sicherstellung der Verf\u00fcgbarkeit der an den Unternehmensprozessen beteiligten IT-Systeme.<\/pee><!-- [et_pb_line_break_holder] --><pee><!-- [et_pb_line_break_holder] -->Die Norm ist Teil der Normenfamilie ISO\/IEC 2700x und wurde von der Internationalen Organisation f\u00fcr Standardisierung (ISO) ver\u00f6ffentlicht. <a href=\"https:\/\/www.iso.org\/obp\/ui\/#iso:std:iso-iec:27001:ed-2:v1:en\">Mehr zu ISO 27001.<\/a><\/pee><!-- [et_pb_line_break_holder] --><pee><!-- [et_pb_line_break_holder] -->Collecta AG hat alle Anforderungen an die Informationssicherheit gem\u00e4\u00df ISO 27001 erf\u00fcllt und ist somit ISO 27001 zertifiziert.<!-- [et_pb_line_break_holder] --> <\/pee><!-- [et_pb_line_break_holder] -->  <\/div>\n<p><!-- [et_pb_line_break_holder] --><\/div>\n<p>[\/et_pb_code][\/et_pb_column][\/et_pb_row][\/et_pb_section][et_pb_section fb_built=&#8220;1&#8243; _builder_version=&#8220;4.27.4&#8243; _module_preset=&#8220;default&#8220; custom_padding=&#8220;3px|||||&#8220; hover_enabled=&#8220;0&#8243; global_colors_info=&#8220;{}&#8220; sticky_enabled=&#8220;0&#8243;][et_pb_row _builder_version=&#8220;4.27.4&#8243; _module_preset=&#8220;default&#8220; hover_enabled=&#8220;0&#8243; global_colors_info=&#8220;{}&#8220; column_structure=&#8220;1_2,1_2&#8243; sticky_enabled=&#8220;0&#8243; border_radii=&#8220;on|8px|8px|8px|8px&#8220; use_custom_gutter=&#8220;on&#8220; gutter_width=&#8220;2&#8243;][et_pb_column type=&#8220;1_2&#8243; _builder_version=&#8220;4.27.4&#8243; _module_preset=&#8220;default&#8220; global_colors_info=&#8220;{}&#8220;][et_pb_blurb _builder_version=&#8220;4.27.4&#8243; _module_preset=&#8220;default&#8220; hover_enabled=&#8220;0&#8243; sticky_enabled=&#8220;0&#8243; global_colors_info=&#8220;{%22gcid-ac889b0d-fcbc-4ac7-9cdd-6e2cc4de023e%22:%91%22background_color%22%93,%22gcid-body-color%22:%91%22header_text_color%22%93}&#8220; background_color=&#8220;gcid-ac889b0d-fcbc-4ac7-9cdd-6e2cc4de023e&#8220; border_radii=&#8220;on|8px|8px|8px|8px&#8220; custom_padding=&#8220;24px|24px|24px|24px|false|false&#8220; title=&#8220;Verwaltungsrat&#8220; header_level=&#8220;h2&#8243; header_font=&#8220;|300|||||||&#8220; header_text_color=&#8220;gcid-body-color&#8220;]<\/p>\n<p><span>Giovanni Borrelli, Pr\u00e4sident<\/span><br \/><span>Bettina Ganz Gorgi, Mitglied<\/span><\/p>\n<p>[\/et_pb_blurb][\/et_pb_column][et_pb_column type=&#8220;1_2&#8243; _builder_version=&#8220;4.27.4&#8243; _module_preset=&#8220;default&#8220; global_colors_info=&#8220;{}&#8220;][et_pb_blurb _builder_version=&#8220;4.27.4&#8243; _module_preset=&#8220;default&#8220; hover_enabled=&#8220;0&#8243; sticky_enabled=&#8220;0&#8243; global_colors_info=&#8220;{%22gcid-ac889b0d-fcbc-4ac7-9cdd-6e2cc4de023e%22:%91%22background_color%22%93,%22gcid-body-color%22:%91%22header_text_color%22%93}&#8220; background_color=&#8220;gcid-ac889b0d-fcbc-4ac7-9cdd-6e2cc4de023e&#8220; border_radii=&#8220;on|8px|8px|8px|8px&#8220; custom_padding=&#8220;24px|24px|24px|24px|false|false&#8220; title=&#8220;Verwaltungsrat&#8220; header_level=&#8220;h2&#8243; header_font=&#8220;|300|||||||&#8220; header_text_color=&#8220;gcid-body-color&#8220;]<\/p>\n<p><span>Giovanni Borrelli, Pr\u00e4sident<\/span><br \/><span>Bettina Ganz Gorgi, Mitglied<\/span><\/p>\n<p>[\/et_pb_blurb][\/et_pb_column][\/et_pb_row][\/et_pb_section]<\/p>","protected":false},"excerpt":{"rendered":"<p>Betreibungsschalter-Plus ist eine vom Bund zugelassene Cloud-Plattform f\u00fcr elektronische Betreibungsregisterausz\u00fcge. Sie ist keine Webseite des Bundes oder der Betreibungs\u00e4mter.Die Angaben zu den Betreibungs\u00e4mtern, Konkurs\u00e4mtern und Gemeindeverwaltungen werden im Sinne einer Dienstleistung zur Verf\u00fcgung gestellt. Ziel von Betreibungsschalter-Plus ist es, die Suche eines Betreibungsamtes sowie Zugang und Abwicklung von amtlichen Dokumenten einfach und schnell zu erm\u00f6glichen.Giovanni [&hellip;]<\/p>","protected":false},"author":2,"featured_media":0,"parent":29932,"menu_order":0,"comment_status":"closed","ping_status":"closed","template":"","meta":{"_et_pb_use_builder":"on","_et_pb_old_content":"","_et_gb_content_width":"","inline_featured_image":false,"footnotes":""},"class_list":["post-29952","page","type-page","status-publish","hentry"],"_links":{"self":[{"href":"https:\/\/betreibung.operate.ch\/fr\/wp-json\/wp\/v2\/pages\/29952","targetHints":{"allow":["GET"]}}],"collection":[{"href":"https:\/\/betreibung.operate.ch\/fr\/wp-json\/wp\/v2\/pages"}],"about":[{"href":"https:\/\/betreibung.operate.ch\/fr\/wp-json\/wp\/v2\/types\/page"}],"author":[{"embeddable":true,"href":"https:\/\/betreibung.operate.ch\/fr\/wp-json\/wp\/v2\/users\/2"}],"replies":[{"embeddable":true,"href":"https:\/\/betreibung.operate.ch\/fr\/wp-json\/wp\/v2\/comments?post=29952"}],"version-history":[{"count":3,"href":"https:\/\/betreibung.operate.ch\/fr\/wp-json\/wp\/v2\/pages\/29952\/revisions"}],"predecessor-version":[{"id":29956,"href":"https:\/\/betreibung.operate.ch\/fr\/wp-json\/wp\/v2\/pages\/29952\/revisions\/29956"}],"up":[{"embeddable":true,"href":"https:\/\/betreibung.operate.ch\/fr\/wp-json\/wp\/v2\/pages\/29932"}],"wp:attachment":[{"href":"https:\/\/betreibung.operate.ch\/fr\/wp-json\/wp\/v2\/media?parent=29952"}],"curies":[{"name":"wp","href":"https:\/\/api.w.org\/{rel}","templated":true}]}}