{"id":29823,"date":"2025-02-03T19:45:03","date_gmt":"2025-02-03T18:45:03","guid":{"rendered":"https:\/\/betreibung.operate.ch\/?page_id=29823"},"modified":"2025-12-30T12:44:00","modified_gmt":"2025-12-30T11:44:00","slug":"bonitatsprufung-online","status":"publish","type":"page","link":"https:\/\/betreibung.operate.ch\/it\/mahnung\/bonitatsprufung-online\/","title":{"rendered":"Controllo del credito online"},"content":{"rendered":"<p>[et_pb_section fb_built=&#8220;1&#8243; fullwidth=&#8220;on&#8220; _builder_version=&#8220;4.27.4&#8243; _module_preset=&#8220;default&#8220; custom_margin=&#8220;0px|0px|0px|0px|false|false&#8220; locked=&#8220;off&#8220; global_colors_info=&#8220;{}&#8220;][et_pb_fullwidth_code _builder_version=&#8220;4.27.4&#8243; _module_preset=&#8220;default&#8220; global_colors_info=&#8220;{}&#8220;]<!-- BETREIBUNGSAUSZUG HERO --><!-- [et_pb_line_break_holder] --><!-- [et_pb_line_break_holder] --><\/p>\n<div class=\"ba-hero\"><!-- [et_pb_line_break_holder] -->    <\/p>\n<div class=\"ba-hero-content\"><!-- [et_pb_line_break_holder] -->        <\/p>\n<h1 class=\"ba-hero-title\">Controllo del credito online<\/h1>\n<p><!-- [et_pb_line_break_holder] --><\/div>\n<p><!-- [et_pb_line_break_holder] --><\/div>\n<p>[\/et_pb_fullwidth_code][\/et_pb_section][et_pb_section fb_built=&#8220;1&#8243; _builder_version=&#8220;4.27.4&#8243; _module_preset=&#8220;default&#8220; locked=&#8220;off&#8220; global_colors_info=&#8220;{}&#8220;][et_pb_row column_structure=&#8220;1_3,1_3,1_3&#8243; use_custom_gutter=&#8220;on&#8220; gutter_width=&#8220;2&#8243; _builder_version=&#8220;4.27.4&#8243; _module_preset=&#8220;default&#8220; width=&#8220;90%&#8220; max_width=&#8220;1440px&#8220; custom_padding=&#8220;|10px||10px|false|false&#8220; global_colors_info=&#8220;{}&#8220;][et_pb_column type=&#8220;1_3&#8243; _builder_version=&#8220;4.27.4&#8243; _module_preset=&#8220;default&#8220; global_colors_info=&#8220;{}&#8220;][et_pb_code _builder_version=&#8220;4.27.4&#8243; _module_preset=&#8220;default&#8220; global_colors_info=&#8220;{}&#8220;]<!-- Card 1: Selbstauskunft --><!-- [et_pb_line_break_holder] --><\/p>\n<div class=\"ba-product-card\"><!-- [et_pb_line_break_holder] --><\/p>\n<h3 class=\"ba-product-title\">Ampelpr\u00fcfung<\/h3>\n<p><!-- [et_pb_line_break_holder] --><\/p>\n<div class=\"ba-product-price\">CHF 10.00<\/div>\n<p><!-- [et_pb_line_break_holder] --><pee class=\"ba-product-description\">Sofortige Onlinepr\u00fcfung: Ampelanzeige inklusive Adresspr\u00fcfung<\/pee>\u00a0<!-- [et_pb_line_break_holder] --><\/p>\n<div class=\"ba-product-requirements\"><!-- [et_pb_line_break_holder] --><strong>Ben\u00f6tigt:<\/strong><!-- [et_pb_line_break_holder] -->Personalien der Person + Interessensnachweis (Rechnung, Offerte, Bestellung, ..)<!-- [et_pb_line_break_holder] --><\/div>\n<p>\u00a0<a href=\"\/bestellen\/betreibungsauszug\/\" class=\"ba-product-button\">Ordina ora<\/a><!-- [et_pb_line_break_holder] --><\/div>\n<p>[\/et_pb_code][\/et_pb_column][et_pb_column type=&#8220;1_3&#8243; _builder_version=&#8220;4.27.4&#8243; _module_preset=&#8220;default&#8220; global_colors_info=&#8220;{}&#8220;][et_pb_code _builder_version=&#8220;4.27.4&#8243; _module_preset=&#8220;default&#8220; global_colors_info=&#8220;{}&#8220;]<\/p>\n<div class=\"ba-product-card\"><!-- [et_pb_line_break_holder] --><\/p>\n<h3 class=\"ba-product-title\">Quick Check<\/h3>\n<p><!-- [et_pb_line_break_holder] --><\/p>\n<div class=\"ba-product-price\">CHF 24.00<\/div>\n<p><!-- [et_pb_line_break_holder] --><pee class=\"ba-product-description\">Sofortige Onlinepr\u00fcfung: PDF-Bonit\u00e4tsbericht mit detailliertem Scoring zur Ampelanzeige.<\/pee><!-- [et_pb_line_break_holder] --><\/p>\n<div class=\"ba-product-requirements\"><!-- [et_pb_line_break_holder] --><strong>Ben\u00f6tigt:<\/strong><!-- [et_pb_line_break_holder] -->Personalien der Person + Interessensnachweis (Rechnung, Offerte, Bestellung, ..)<!-- [et_pb_line_break_holder] --><\/div>\n<p><!-- [et_pb_line_break_holder] --><a href=\"#\" class=\"ba-product-button\">Ordina ora<\/a><!-- [et_pb_line_break_holder] --><\/div>\n<p>[\/et_pb_code][\/et_pb_column][et_pb_column type=&#8220;1_3&#8243; _builder_version=&#8220;4.27.4&#8243; _module_preset=&#8220;default&#8220; global_colors_info=&#8220;{}&#8220;][et_pb_code _builder_version=&#8220;4.27.4&#8243; _module_preset=&#8220;default&#8220; global_colors_info=&#8220;{}&#8220;]<\/p>\n<div class=\"ba-product-card\"><!-- [et_pb_line_break_holder] --><\/p>\n<h3 class=\"ba-product-title\">Adressauskunft Plus<\/h3>\n<p><!-- [et_pb_line_break_holder] --><\/p>\n<div class=\"ba-product-price\">CHF 54.50<\/div>\n<p><!-- [et_pb_line_break_holder] --><pee class=\"ba-product-description\">Amtliche Adressauskunft online der Einwohnerkontrolle mit aktuellem Wohnsitz und Zustellbarkeitsbeurteilung (CRIF)<\/pee>\u00a0<\/p>\n<div class=\"ba-product-requirements\"><!-- [et_pb_line_break_holder] --><strong>Ben\u00f6tigt:<\/strong><!-- [et_pb_line_break_holder] -->Personalien der Person + Interessensnachweis (Rechnung, Offerte, Bestellung, ..)<!-- [et_pb_line_break_holder] --><\/div>\n<p>\u00a0<a href=\"\/bestellen\/betreibungsauszug\/\" class=\"ba-product-button\">Ordina ora<\/a><!-- [et_pb_line_break_holder] --><\/div>\n<p>[\/et_pb_code][\/et_pb_column][\/et_pb_row][\/et_pb_section][et_pb_section fb_built=&#8220;1&#8243; _builder_version=&#8220;4.27.4&#8243; _module_preset=&#8220;default&#8220; background_color=&#8220;#faf7f6&#8243; locked=&#8220;off&#8220; global_colors_info=&#8220;{}&#8220;][et_pb_row column_structure=&#8220;1_3,1_3,1_3&#8243; _builder_version=&#8220;4.27.4&#8243; _module_preset=&#8220;default&#8220; global_colors_info=&#8220;{}&#8220;][et_pb_column type=&#8220;1_3&#8243; _builder_version=&#8220;4.27.4&#8243; _module_preset=&#8220;default&#8220; global_colors_info=&#8220;{}&#8220;][et_pb_blurb image=&#8220;https:\/\/betreibung.operate.ch\/wp-content\/uploads\/2025\/02\/Bonitaetspr_icon1.svg&#8220; _builder_version=&#8220;4.27.4&#8243; _module_preset=&#8220;default&#8220; max_width=&#8220;240px&#8220; custom_margin=&#8220;auto|auto|auto|auto|false|false&#8220; global_colors_info=&#8220;{}&#8220;]<\/p>\n<ul>\n<li>Auskunft sofort zu Bonit\u00e4t und Zahlungsf\u00e4higkeit<\/li>\n<li>Kosteng\u00fcnstige Erstpr\u00fcfung<\/li>\n<li>Basis f\u00fcr Entscheidung<\/li>\n<\/ul>\n<p>[\/et_pb_blurb][\/et_pb_column][et_pb_column type=&#8220;1_3&#8243; _builder_version=&#8220;4.27.4&#8243; _module_preset=&#8220;default&#8220; global_colors_info=&#8220;{}&#8220;][et_pb_blurb image=&#8220;https:\/\/betreibung.operate.ch\/wp-content\/uploads\/2025\/02\/Bonitaetspr_icon2.svg&#8220; _builder_version=&#8220;4.27.4&#8243; _module_preset=&#8220;default&#8220; max_width=&#8220;240px&#8220; custom_margin=&#8220;auto|auto|auto|auto|false|false&#8220; global_colors_info=&#8220;{}&#8220;]<\/p>\n<ul>\n<li>Auskunft sofort zu Kreditw\u00fcrdigkeit<\/li>\n<li>Vertiefte Pr\u00fcfung<\/li>\n<li>Ausf\u00fchrliche Entscheidungsgrundlage<\/li>\n<\/ul>\n<p>[\/et_pb_blurb][\/et_pb_column][et_pb_column type=&#8220;1_3&#8243; _builder_version=&#8220;4.27.4&#8243; _module_preset=&#8220;default&#8220; global_colors_info=&#8220;{}&#8220;][et_pb_blurb image=&#8220;https:\/\/betreibung.operate.ch\/wp-content\/uploads\/2025\/02\/adressauskunft-produkt.svg&#8220; _builder_version=&#8220;4.27.4&#8243; _module_preset=&#8220;default&#8220; max_width=&#8220;240px&#8220; custom_margin=&#8220;auto|auto|auto|auto|false|false&#8220; global_colors_info=&#8220;{}&#8220;]<\/p>\n<ul>\n<li>Korrekte Adresse Privatperson<\/li>\n<li>Auskunft elektronisch<\/li>\n<li>Mit fr\u00fcheren Wohnsitzen<\/li>\n<\/ul>\n<p>[\/et_pb_blurb][\/et_pb_column][\/et_pb_row][\/et_pb_section][et_pb_section fb_built=&#8220;1&#8243; _builder_version=&#8220;4.27.4&#8243; _module_preset=&#8220;default&#8220; locked=&#8220;off&#8220; global_colors_info=&#8220;{}&#8220;][et_pb_row _builder_version=&#8220;4.27.4&#8243; _module_preset=&#8220;default&#8220; global_colors_info=&#8220;{}&#8220;][et_pb_column type=&#8220;4_4&#8243; _builder_version=&#8220;4.27.4&#8243; _module_preset=&#8220;default&#8220; global_colors_info=&#8220;{}&#8220;][et_pb_code _builder_version=&#8220;4.27.4&#8243; _module_preset=&#8220;default&#8220; global_colors_info=&#8220;{}&#8220;]<!-- ==========================================<!-- [et_pb_line_break_holder] -->     FAQ SECTION &#8211; NEUES DESIGN MIT ALTEM INHALT<!-- [et_pb_line_break_holder] -->     F\u00fcr Divi Code-Modul<!-- [et_pb_line_break_holder] -->     ========================================== &#8211;><!-- [et_pb_line_break_holder] --><!-- [et_pb_line_break_holder] --><\/p>\n<div class=\"bsplus-faq-section\"><!-- [et_pb_line_break_holder] -->    <!-- [et_pb_line_break_holder] -->    <!-- FAQ Item 1: Ihre Vorteile --><!-- [et_pb_line_break_holder] -->    <\/p>\n<div class=\"bsplus-faq-item\"><!-- [et_pb_line_break_holder] -->        <button class=\"bsplus-faq-trigger\" aria-expanded=\"false\"><!-- [et_pb_line_break_holder] -->            <span class=\"bsplus-faq-icon\"><!-- [et_pb_line_break_holder] -->                <span class=\"bsplus-faq-icon-circle\"><\/span><!-- [et_pb_line_break_holder] -->                <span class=\"bsplus-faq-icon-line bsplus-faq-icon-line-horizontal\"><\/span><!-- [et_pb_line_break_holder] -->                <span class=\"bsplus-faq-icon-line bsplus-faq-icon-line-vertical\"><\/span><!-- [et_pb_line_break_holder] -->            <\/span><!-- [et_pb_line_break_holder] -->            <span class=\"bsplus-faq-title\">Kann Ihr Kunde zahlen?<\/span><!-- [et_pb_line_break_holder] -->        <\/button><!-- [et_pb_line_break_holder] -->        <\/p>\n<div class=\"bsplus-faq-content\"><!-- [et_pb_line_break_holder] -->            <\/p>\n<div class=\"bsplus-faq-content-inner\">\u00a0<strong>Verhindern Sie Ausf\u00e4lle bereits in der Entstehung!<\/strong><!-- [et_pb_line_break_holder] --><!-- [et_pb_line_break_holder] -->Jeder neue Kunde ist auch ein neues Risiko. Pr\u00fcfen Sie deshalb die Bonit\u00e4t von Firmen und Privatpersonen. Die Erfahrung zeigt, dass die Ausfallquote um \u00fcber 90 Prozent sinkt, wenn vor der Lieferung auf Kredit eine Bonit\u00e4tsauskunft eingeholt wird.\u00a0            <\/div>\n<p><!-- [et_pb_line_break_holder] -->        <\/div>\n<p><!-- [et_pb_line_break_holder] -->    <\/div>\n<p><!-- [et_pb_line_break_holder] -->    <!-- [et_pb_line_break_holder] -->    <!-- FAQ Item 2: Vorgehen im Mahnprozess --><!-- [et_pb_line_break_holder] -->    <\/p>\n<div class=\"bsplus-faq-item\"><!-- [et_pb_line_break_holder] -->        <button class=\"bsplus-faq-trigger\" aria-expanded=\"false\"><!-- [et_pb_line_break_holder] -->            <span class=\"bsplus-faq-icon\"><!-- [et_pb_line_break_holder] -->                <span class=\"bsplus-faq-icon-circle\"><\/span><!-- [et_pb_line_break_holder] -->                <span class=\"bsplus-faq-icon-line bsplus-faq-icon-line-horizontal\"><\/span><!-- [et_pb_line_break_holder] -->                <span class=\"bsplus-faq-icon-line bsplus-faq-icon-line-vertical\"><\/span><!-- [et_pb_line_break_holder] -->            <\/span><!-- [et_pb_line_break_holder] -->            <span class=\"bsplus-faq-title\">Lohnt sich die Betreibung?<\/span><!-- [et_pb_line_break_holder] -->        <\/button><!-- [et_pb_line_break_holder] -->        <\/p>\n<div class=\"bsplus-faq-content\"><!-- [et_pb_line_break_holder] -->            <\/p>\n<div class=\"bsplus-faq-content-inner\"><!-- [et_pb_line_break_holder] -->                <pee>Im Betreibungsfall m\u00fcssen Sie als Gl\u00e4ubiger die Geb\u00fchren im Voraus bezahlen. Pr\u00fcfen Sie deshalb, ob Ihr Schuldner zahlungsf\u00e4hig ist und ob Sie die juristisch korrekte Adresse kennen. Bei Unternehmen holen Sie zus\u00e4tzlich zur Bonit\u00e4tspr\u00fcfung auch einen Handelsregisterauszug oder weitere Informationen (Schweizerisches Handelsamtsblatt) ein. Somit wissen Sie Bescheid \u00fcber den Hauptsitz und Filialen des Unternehmens, Kapital- und Besitzverh\u00e4ltnisse, Organe und Zeichnungsberechtigungen usw. Diese Informationen sind je nach Sachverhalt wichtig, um das Risiko bei der Lieferung auf Rechnung einzusch\u00e4tzen.<\/pee><!-- [et_pb_line_break_holder] -->            <\/div>\n<p><!-- [et_pb_line_break_holder] -->        <\/div>\n<p><!-- [et_pb_line_break_holder] -->    <\/div>\n<p><!-- [et_pb_line_break_holder] --><!-- [et_pb_line_break_holder] --><\/div>\n<p><!-- [et_pb_line_break_holder] --><!-- [et_pb_line_break_holder] --><script><!-- [et_pb_line_break_holder] -->\/* ==========================================<!-- [et_pb_line_break_holder] -->   FAQ SECTION - JAVASCRIPT<!-- [et_pb_line_break_holder] -->   ========================================== *\/<!-- [et_pb_line_break_holder] --><!-- [et_pb_line_break_holder] -->(function() {<!-- [et_pb_line_break_holder] -->    \/\/ Warte bis DOM geladen ist<!-- [et_pb_line_break_holder] -->    if (document.readyState === 'loading') {<!-- [et_pb_line_break_holder] -->        document.addEventListener('DOMContentLoaded', initFAQ);<!-- [et_pb_line_break_holder] -->    } else {<!-- [et_pb_line_break_holder] -->        initFAQ();<!-- [et_pb_line_break_holder] -->    }<!-- [et_pb_line_break_holder] -->    <!-- [et_pb_line_break_holder] -->    function initFAQ() {<!-- [et_pb_line_break_holder] -->        const faqItems = document.querySelectorAll('.bsplus-faq-trigger');<!-- [et_pb_line_break_holder] -->        <!-- [et_pb_line_break_holder] -->        faqItems.forEach(trigger => {<!-- [et_pb_line_break_holder] -->            trigger.addEventListener('click', function() {<!-- [et_pb_line_break_holder] -->                const faqItem = this.closest('.bsplus-faq-item');<!-- [et_pb_line_break_holder] -->                const isActive = faqItem.classList.contains('active');<!-- [et_pb_line_break_holder] -->                <!-- [et_pb_line_break_holder] -->                \/\/ Schlie\u00dfe alle anderen Items (Accordion-Verhalten)<!-- [et_pb_line_break_holder] -->                document.querySelectorAll('.bsplus-faq-item').forEach(item => {<!-- [et_pb_line_break_holder] -->                    if (item !== faqItem) {<!-- [et_pb_line_break_holder] -->                        item.classList.remove('active');<!-- [et_pb_line_break_holder] -->                        item.querySelector('.bsplus-faq-trigger').setAttribute('aria-expanded', 'false');<!-- [et_pb_line_break_holder] -->                    }<!-- [et_pb_line_break_holder] -->                });<!-- [et_pb_line_break_holder] -->                <!-- [et_pb_line_break_holder] -->                \/\/ Toggle aktuelles Item<!-- [et_pb_line_break_holder] -->                if (isActive) {<!-- [et_pb_line_break_holder] -->                    faqItem.classList.remove('active');<!-- [et_pb_line_break_holder] -->                    this.setAttribute('aria-expanded', 'false');<!-- [et_pb_line_break_holder] -->                } else {<!-- [et_pb_line_break_holder] -->                    faqItem.classList.add('active');<!-- [et_pb_line_break_holder] -->                    this.setAttribute('aria-expanded', 'true');<!-- [et_pb_line_break_holder] -->                }<!-- [et_pb_line_break_holder] -->            });<!-- [et_pb_line_break_holder] -->        });<!-- [et_pb_line_break_holder] -->    }<!-- [et_pb_line_break_holder] -->})();<!-- [et_pb_line_break_holder] --><\/script><!-- [et_pb_line_break_holder] --><!-- [et_pb_line_break_holder] --><script><!-- [et_pb_line_break_holder] -->\/* ==========================================<!-- [et_pb_line_break_holder] -->   FAQ SECTION - JAVASCRIPT<!-- [et_pb_line_break_holder] -->   ========================================== *\/<!-- [et_pb_line_break_holder] --><!-- [et_pb_line_break_holder] -->(function() {<!-- [et_pb_line_break_holder] -->    \/\/ Warte bis DOM geladen ist<!-- [et_pb_line_break_holder] -->    if (document.readyState === 'loading') {<!-- [et_pb_line_break_holder] -->        document.addEventListener('DOMContentLoaded', initFAQ);<!-- [et_pb_line_break_holder] -->    } else {<!-- [et_pb_line_break_holder] -->        initFAQ();<!-- [et_pb_line_break_holder] -->    }<!-- [et_pb_line_break_holder] -->    <!-- [et_pb_line_break_holder] -->    function initFAQ() {<!-- [et_pb_line_break_holder] -->        const faqItems = document.querySelectorAll('.bsplus-faq-trigger');<!-- [et_pb_line_break_holder] -->        <!-- [et_pb_line_break_holder] -->        faqItems.forEach(trigger => {<!-- [et_pb_line_break_holder] -->            trigger.addEventListener('click', function() {<!-- [et_pb_line_break_holder] -->                const faqItem = this.closest('.bsplus-faq-item');<!-- [et_pb_line_break_holder] -->                const isActive = faqItem.classList.contains('active');<!-- [et_pb_line_break_holder] -->                <!-- [et_pb_line_break_holder] -->                \/\/ Schlie\u00dfe alle anderen Items (Accordion-Verhalten)<!-- [et_pb_line_break_holder] -->                document.querySelectorAll('.bsplus-faq-item').forEach(item => {<!-- [et_pb_line_break_holder] -->                    if (item !== faqItem) {<!-- [et_pb_line_break_holder] -->                        item.classList.remove('active');<!-- [et_pb_line_break_holder] -->                        item.querySelector('.bsplus-faq-trigger').setAttribute('aria-expanded', 'false');<!-- [et_pb_line_break_holder] -->                    }<!-- [et_pb_line_break_holder] -->                });<!-- [et_pb_line_break_holder] -->                <!-- [et_pb_line_break_holder] -->                \/\/ Toggle aktuelles Item<!-- [et_pb_line_break_holder] -->                if (isActive) {<!-- [et_pb_line_break_holder] -->                    faqItem.classList.remove('active');<!-- [et_pb_line_break_holder] -->                    this.setAttribute('aria-expanded', 'false');<!-- [et_pb_line_break_holder] -->                } else {<!-- [et_pb_line_break_holder] -->                    faqItem.classList.add('active');<!-- [et_pb_line_break_holder] -->                    this.setAttribute('aria-expanded', 'true');<!-- [et_pb_line_break_holder] -->                }<!-- [et_pb_line_break_holder] -->            });<!-- [et_pb_line_break_holder] -->        });<!-- [et_pb_line_break_holder] -->    }<!-- [et_pb_line_break_holder] -->})();<!-- [et_pb_line_break_holder] --><\/script><!-- [et_pb_line_break_holder] --><script><!-- [et_pb_line_break_holder] -->\/* ==========================================<!-- [et_pb_line_break_holder] -->   FAQ SECTION - JAVASCRIPT<!-- [et_pb_line_break_holder] -->   ========================================== *\/<!-- [et_pb_line_break_holder] --><!-- [et_pb_line_break_holder] -->(function() {<!-- [et_pb_line_break_holder] -->    \/\/ Warte bis DOM geladen ist<!-- [et_pb_line_break_holder] -->    if (document.readyState === 'loading') {<!-- [et_pb_line_break_holder] -->        document.addEventListener('DOMContentLoaded', initFAQ);<!-- [et_pb_line_break_holder] -->    } else {<!-- [et_pb_line_break_holder] -->        initFAQ();<!-- [et_pb_line_break_holder] -->    }<!-- [et_pb_line_break_holder] -->    <!-- [et_pb_line_break_holder] -->    function initFAQ() {<!-- [et_pb_line_break_holder] -->        const faqItems = document.querySelectorAll('.bsplus-faq-trigger');<!-- [et_pb_line_break_holder] -->        <!-- [et_pb_line_break_holder] -->        faqItems.forEach(trigger => {<!-- [et_pb_line_break_holder] -->            trigger.addEventListener('click', function() {<!-- [et_pb_line_break_holder] -->                const faqItem = this.closest('.bsplus-faq-item');<!-- [et_pb_line_break_holder] -->                const isActive = faqItem.classList.contains('active');<!-- [et_pb_line_break_holder] -->                <!-- [et_pb_line_break_holder] -->                \/\/ Schlie\u00dfe alle anderen Items (Accordion-Verhalten)<!-- [et_pb_line_break_holder] -->                document.querySelectorAll('.bsplus-faq-item').forEach(item => {<!-- [et_pb_line_break_holder] -->                    if (item !== faqItem) {<!-- [et_pb_line_break_holder] -->                        item.classList.remove('active');<!-- [et_pb_line_break_holder] -->                        item.querySelector('.bsplus-faq-trigger').setAttribute('aria-expanded', 'false');<!-- [et_pb_line_break_holder] -->                    }<!-- [et_pb_line_break_holder] -->                });<!-- [et_pb_line_break_holder] -->                <!-- [et_pb_line_break_holder] -->                \/\/ Toggle aktuelles Item<!-- [et_pb_line_break_holder] -->                if (isActive) {<!-- [et_pb_line_break_holder] -->                    faqItem.classList.remove('active');<!-- [et_pb_line_break_holder] -->                    this.setAttribute('aria-expanded', 'false');<!-- [et_pb_line_break_holder] -->                } else {<!-- [et_pb_line_break_holder] -->                    faqItem.classList.add('active');<!-- [et_pb_line_break_holder] -->                    this.setAttribute('aria-expanded', 'true');<!-- [et_pb_line_break_holder] -->                }<!-- [et_pb_line_break_holder] -->            });<!-- [et_pb_line_break_holder] -->        });<!-- [et_pb_line_break_holder] -->    }<!-- [et_pb_line_break_holder] -->})();<!-- [et_pb_line_break_holder] --><\/script>[\/et_pb_code][\/et_pb_column][\/et_pb_row][\/et_pb_section]<\/p>","protected":false},"excerpt":{"rendered":"<p>Auskunft sofort zu Bonit\u00e4t und Zahlungsf\u00e4higkeit Kosteng\u00fcnstige Erstpr\u00fcfung Basis f\u00fcr Entscheidung Auskunft sofort zu Kreditw\u00fcrdigkeit Vertiefte Pr\u00fcfung Ausf\u00fchrliche Entscheidungsgrundlage Korrekte Adresse Privatperson Auskunft elektronisch Mit fr\u00fcheren Wohnsitzen<\/p>","protected":false},"author":2,"featured_media":0,"parent":49096,"menu_order":0,"comment_status":"closed","ping_status":"closed","template":"","meta":{"_et_pb_use_builder":"on","_et_pb_old_content":"","_et_gb_content_width":"","inline_featured_image":false,"footnotes":""},"class_list":["post-29823","page","type-page","status-publish","hentry"],"_links":{"self":[{"href":"https:\/\/betreibung.operate.ch\/it\/wp-json\/wp\/v2\/pages\/29823","targetHints":{"allow":["GET"]}}],"collection":[{"href":"https:\/\/betreibung.operate.ch\/it\/wp-json\/wp\/v2\/pages"}],"about":[{"href":"https:\/\/betreibung.operate.ch\/it\/wp-json\/wp\/v2\/types\/page"}],"author":[{"embeddable":true,"href":"https:\/\/betreibung.operate.ch\/it\/wp-json\/wp\/v2\/users\/2"}],"replies":[{"embeddable":true,"href":"https:\/\/betreibung.operate.ch\/it\/wp-json\/wp\/v2\/comments?post=29823"}],"version-history":[{"count":11,"href":"https:\/\/betreibung.operate.ch\/it\/wp-json\/wp\/v2\/pages\/29823\/revisions"}],"predecessor-version":[{"id":49169,"href":"https:\/\/betreibung.operate.ch\/it\/wp-json\/wp\/v2\/pages\/29823\/revisions\/49169"}],"up":[{"embeddable":true,"href":"https:\/\/betreibung.operate.ch\/it\/wp-json\/wp\/v2\/pages\/49096"}],"wp:attachment":[{"href":"https:\/\/betreibung.operate.ch\/it\/wp-json\/wp\/v2\/media?parent=29823"}],"curies":[{"name":"wp","href":"https:\/\/api.w.org\/{rel}","templated":true}]}}